{"id":621,"date":"2021-04-19T15:42:21","date_gmt":"2021-04-19T13:42:21","guid":{"rendered":"http:\/\/kip.choriandre.fr\/?page_id=621"},"modified":"2025-08-08T12:09:35","modified_gmt":"2025-08-08T10:09:35","slug":"fonds","status":"publish","type":"page","link":"https:\/\/kiplink-finance.fr\/?page_id=621","title":{"rendered":"Nos fonds"},"content":{"rendered":"<p><section class=\"kc-elm kc-css-680330 kc_row\"><div class=\"kc-row-container  kc-container\"><div class=\"kc-wrap-columns\"><div class=\"kc-elm kc-css-501271 kc_col-sm-12 kc_column kc_col-sm-12\"><div class=\"kc-col-container\">\n<div class=\"kc-elm kc-css-332313 kc-title-wrap \">\n\n\t<h1 class=\"kc_title\">Les OPCVM KIPLINK FINANCE<\/h1>\n<\/div>\n<div class=\"kc-elm kc-css-271775 kc_text_block justifier\"><\/p>\n<p class=\"text-center\"><em>La gamme d\u2019OPCVM g\u00e9r\u00e9s par\u00a0Kiplink Finance<\/em><br \/><em>est compos\u00e9e des FCP suivants relevant de la directive CE 2009\/65\/CE<\/em><\/p>\n<p>\n<\/div><\/div><\/div><\/div><\/div><\/section><section class=\"kc-elm kc-css-866498 kc_row\"><div class=\"kc-row-container  kc-container\"><div class=\"kc-wrap-columns\"><div class=\"kc-elm kc-css-541234 kc_col-sm-12 kc_column kc_col-sm-12\"><div class=\"kc-col-container\">\n<div class=\"kc-elm kc-css-958677 divider_line\">\n\t<div class=\"divider_inner divider_line2\">\n\t\t<i class=\"sl-chart\"><\/i>\t<\/div>\n<\/div>\n<div class=\"kc-elm kc-css-605499 kc_text_block\"><\/p>\n<h3><strong>Fonds actions<\/strong><\/h3>\n<p>\n<\/div><\/div><\/div><\/div><\/div><\/section><section class=\"kc-elm kc-css-529078 kc_row\"><div class=\"kc-row-container  kc-container\"><div class=\"kc-wrap-columns\"><div class=\"kc-elm kc-css-748192 kc_col-sm-4 kc_column kc_col-sm-4 rowFund\"><div class=\"kc-col-container\"><div class=\"kc-elm kc-css-52147 kc_text_block text_blue\"><\/p>\n<h4><a href=\"http:\/\/kip.choriandre.fr\/?page_id=1167\">BEST PICKS GLOBAL EMERGENT<\/a><\/h4>\n<p>\n<\/div><div class=\"kc-elm kc-css-661307 kc_text_block IsinTitle\"><\/p>\n<h6>ISIN : FR0013344538<\/h6>\n<p>\n<\/div><div class=\"kc-elm kc-css-906290 kc-raw-code\">\n\t<div>\n\t\tAu 18\/07\/2025\t<\/div>\n\n<table style=\"width:100%;\">\n\t<tr>\n\t\t<td style=\"padding-bottom:0; padding-left:0;\">\n\t\t\tVL :<br\/>\n\t\t\t0,00\t\t\t\u20ac\t\t<\/td>\n\t\t<td style=\"padding-bottom:0; padding-right:0;\">\n\t\t\tPerf YTD :<br\/>\n\t\t\t-100,00\t\t\t%\n\t\t<\/td>\n\t<\/tr>\n<\/table>\n\r\n<\/div><\/div><\/div><div class=\"kc-elm kc-css-70651 kc_col-sm-4 kc_column kc_col-sm-4 rowFund\"><div class=\"kc-col-container\"><\/div><\/div><div class=\"kc-elm kc-css-507768 kc_col-sm-4 kc_column kc_col-sm-4 rowFund\"><div class=\"kc-col-container\"><\/div><\/div><\/div><\/div><\/section><section class=\"kc-elm kc-css-850418 kc_row\"><div class=\"kc-row-container  kc-container\"><div class=\"kc-wrap-columns\"><div class=\"kc-elm kc-css-431804 kc_col-sm-6 kc_column kc_col-sm-6 rowFund\"><div class=\"kc-col-container\"><div class=\"kc-elm kc-css-277027 kc_text_block text_blue\"><\/p>\n<h4><a href=\"http:\/\/kip.choriandre.fr\/?page_id=1147\">KIPLINK ENTREPRISES PART C<\/a><\/h4>\n<p>\n<\/div><div class=\"kc-elm kc-css-557134 kc_text_block IsinTitle\"><\/p>\n<h6>ISIN : FR0010827469<\/h6>\n<p>\n<\/div><div class=\"kc-elm kc-css-762082 kc-raw-code\">\n\t<div>\n\t\tAu 05\/07\/2024\t<\/div>\n\n<table style=\"width:100%;\">\n\t<tr>\n\t\t<td style=\"padding-bottom:0; padding-left:0;\">\n\t\t\tVL :<br\/>\n\t\t\t0,00\t\t\t\u20ac\t\t<\/td>\n\t\t<td style=\"padding-bottom:0; padding-right:0;\">\n\t\t\tPerf YTD :<br\/>\n\t\t\t-100,00\t\t\t%\n\t\t<\/td>\n\t<\/tr>\n<\/table>\n\r\n<\/div><\/div><\/div><div class=\"kc-elm kc-css-392830 kc_col-sm-6 kc_column kc_col-sm-6 rowFund\"><div class=\"kc-col-container\"><div class=\"kc-elm kc-css-205845 kc_text_block text_blue\"><\/p>\n<h4><a href=\"http:\/\/kip.choriandre.fr\/?page_id=1110\">KIPLINK CONVERTIBLES<\/a><\/h4>\n<p>\n<\/div><div class=\"kc-elm kc-css-279478 kc_text_block IsinTitle\"><\/p>\n<h6>ISIN : FR0012649754<\/h6>\n<p>\n<\/div><div class=\"kc-elm kc-css-615227 kc-raw-code\">\n\t<div>\n\t\tAu 19\/07\/2024\t<\/div>\n\n<table style=\"width:100%;\">\n\t<tr>\n\t\t<td style=\"padding-bottom:0; padding-left:0;\">\n\t\t\tVL :<br\/>\n\t\t\t0,00\t\t\t\u20ac\t\t<\/td>\n\t\t<td style=\"padding-bottom:0; padding-right:0;\">\n\t\t\tPerf YTD :<br\/>\n\t\t\t-100,00\t\t\t%\n\t\t<\/td>\n\t<\/tr>\n<\/table>\n\r\n<\/div><\/div><\/div><\/div><\/div><\/section><section class=\"kc-elm kc-css-813947 kc_row\"><div class=\"kc-row-container  kc-container\"><div class=\"kc-wrap-columns\"><div class=\"kc-elm kc-css-151536 kc_col-sm-12 kc_column kc_col-sm-12\"><div class=\"kc-col-container\">\n<div class=\"kc-elm kc-css-254782 divider_line\">\n\t<div class=\"divider_inner divider_line2\">\n\t\t<i class=\"sl-chart\"><\/i>\t<\/div>\n<\/div>\n<div class=\"kc-elm kc-css-646293 kc_text_block\"><\/p>\n<h3><strong>Fonds diversifi\u00e9s<\/strong><\/h3>\n<p>\n<\/div><\/div><\/div><\/div><\/div><\/section><section class=\"kc-elm kc-css-19404 kc_row\"><div class=\"kc-row-container  kc-container\"><div class=\"kc-wrap-columns\"><div class=\"kc-elm kc-css-17621 kc_col-sm-6 kc_column kc_col-sm-6 rowFund\"><div class=\"kc-col-container\"><div class=\"kc-elm kc-css-877083 kc_text_block text_blue\"><\/p>\n<h4><a href=\"http:\/\/kip.choriandre.fr\/?page_id=1094\">RPS MONTAIGNE PATRIMOINE<\/a><\/h4>\n<p>\n<\/div><div class=\"kc-elm kc-css-387387 kc_text_block IsinTitle\"><\/p>\n<h6>ISIN : FR0010833806<\/h6>\n<p>\n<\/div><div class=\"kc-elm kc-css-315638 kc-raw-code\">\n\t<div>\n\t\tAu 27\/03\/2026\t<\/div>\n\n<table style=\"width:100%;\">\n\t<tr>\n\t\t<td style=\"padding-bottom:0; padding-left:0;\">\n\t\t\tVL :<br\/>\n\t\t\t141,61\t\t\t\u20ac\t\t<\/td>\n\t\t<td style=\"padding-bottom:0; padding-right:0;\">\n\t\t\tPerf YTD :<br\/>\n\t\t\t-1,28\t\t\t%\n\t\t<\/td>\n\t<\/tr>\n<\/table>\n\r\n<\/div><\/div><\/div><div class=\"kc-elm kc-css-254637 kc_col-sm-6 kc_column kc_col-sm-6 rowFund\"><div class=\"kc-col-container\"><div class=\"kc-elm kc-css-555763 kc_text_block text_blue\"><\/p>\n<h4><a href=\"http:\/\/kip.choriandre.fr\/?page_id=1065\">KIPLINK INVESTISSEMENT PATRIMONIAL<\/a><\/h4>\n<p>\n<\/div><div class=\"kc-elm kc-css-925354 kc_text_block IsinTitle\"><\/p>\n<h6>ISIN : FR0012107654<\/h6>\n<p>\n<\/div><div class=\"kc-elm kc-css-66268 kc-raw-code\">\n\t<div>\n\t\tAu 27\/03\/2026\t<\/div>\n\n<table style=\"width:100%;\">\n\t<tr>\n\t\t<td style=\"padding-bottom:0; padding-left:0;\">\n\t\t\tVL :<br\/>\n\t\t\t145,83\t\t\t\u20ac\t\t<\/td>\n\t\t<td style=\"padding-bottom:0; padding-right:0;\">\n\t\t\tPerf YTD :<br\/>\n\t\t\t1,58\t\t\t%\n\t\t<\/td>\n\t<\/tr>\n<\/table>\n\r\n<\/div><\/div><\/div><\/div><\/div><\/section><section class=\"kc-elm kc-css-202437 kc_row\"><div class=\"kc-row-container  kc-container\"><div class=\"kc-wrap-columns\"><div class=\"kc-elm kc-css-227177 kc_col-sm-12 kc_column kc_col-sm-12\"><div class=\"kc-col-container\">\n<div class=\"kc-elm kc-css-201361 divider_line\">\n\t<div class=\"divider_inner divider_line2\">\n\t\t<i class=\"sl-chart\"><\/i>\t<\/div>\n<\/div>\n<div class=\"kc-elm kc-css-91996 kc_text_block\"><\/p>\n<h3><strong>Fonds obligataires<\/strong><\/h3>\n<p>\n<\/div><\/div><\/div><\/div><\/div><\/section><section class=\"kc-elm kc-css-673354 kc_row\"><div class=\"kc-row-container  kc-container\"><div class=\"kc-wrap-columns\"><div class=\"kc-elm kc-css-628738 kc_col-sm-4 kc_column kc_col-sm-4 rowFund\"><div class=\"kc-col-container\"><div class=\"kc-elm kc-css-719297 kc_text_block text_blue\"><\/p>\n<h4><a href=\"http:\/\/kip.choriandre.fr\/?page_id=1120\">KIPLINK OBLIGATIONS HIGH YIELD PART C <\/a><\/h4>\n<h4><a href=\"http:\/\/kip.choriandre.fr\/?page_id=1120\"><span style=\"font-size: 8pt;\">OPC absorb\u00e9 par KIPLINK INVESTISSEMENT PATRIMONIAL le 05\/11\/2024<\/span><\/a><\/h4>\n<p>\n<\/div><div class=\"kc-elm kc-css-592123 kc_text_block IsinTitle\"><\/p>\n<h6>ISIN : FR0013292513<\/h6>\n<p>\n<\/div><div class=\"kc-elm kc-css-456064 kc-raw-code\">\n\t<div>\n\t\tAu 25\/10\/2024\t<\/div>\n\n<table style=\"width:100%;\">\n\t<tr>\n\t\t<td style=\"padding-bottom:0; padding-left:0;\">\n\t\t\tVL :<br\/>\n\t\t\t0,00\t\t\t\u20ac\t\t<\/td>\n\t\t<td style=\"padding-bottom:0; padding-right:0;\">\n\t\t\tPerf YTD :<br\/>\n\t\t\t-100,00\t\t\t%\n\t\t<\/td>\n\t<\/tr>\n<\/table>\n\r\n<\/div><\/div><\/div><div class=\"kc-elm kc-css-941683 kc_col-sm-4 kc_column kc_col-sm-4 rowFund\"><div class=\"kc-col-container\"><div class=\"kc-elm kc-css-474367 kc_text_block text_blue\"><\/p>\n<h4><a href=\"http:\/\/kip.choriandre.fr\/?page_id=1127\">KIPLINK OBLIGATIONS HIGH YIELD PART D<\/a>\u00a0<\/h4>\n<h4><a href=\"http:\/\/kip.choriandre.fr\/?page_id=1120\"><span style=\"font-size: 8pt;\">OPC absorb\u00e9 par KIPLINK INVESTISSEMENT PATRIMONIAL le 05\/11\/2024<\/span><\/a><\/h4>\n<h4>\u00a0<\/h4>\n<p>\n<\/div><div class=\"kc-elm kc-css-760218 kc_text_block IsinTitle\"><\/p>\n<h6>ISIN : FR0013292521<\/h6>\n<p>\n<\/div><div class=\"kc-elm kc-css-203633 kc-raw-code\">\n\t<div>\n\t\tAu 25\/10\/2024\t<\/div>\n\n<table style=\"width:100%;\">\n\t<tr>\n\t\t<td style=\"padding-bottom:0; padding-left:0;\">\n\t\t\tVL :<br\/>\n\t\t\t0,00\t\t\t\u20ac\t\t<\/td>\n\t\t<td style=\"padding-bottom:0; padding-right:0;\">\n\t\t\tPerf YTD :<br\/>\n\t\t\t-100,00\t\t\t%\n\t\t<\/td>\n\t<\/tr>\n<\/table>\n\r\n<\/div><\/div><\/div><div class=\"kc-elm kc-css-72474 kc_col-sm-4 kc_column kc_col-sm-4 rowFund\"><div class=\"kc-col-container\"><div class=\"kc-elm kc-css-80933 kc_text_block text_blue\"><\/p>\n<h4><a href=\"http:\/\/kip.choriandre.fr\/?page_id=637\">KIPLINK SELECTION<\/a>\u00a0<a href=\"http:\/\/kip.choriandre.fr\/?page_id=637\"><span style=\"font-size: 8pt;\">OPC absorb\u00e9 par KIPLINK INVESTISSEMENT PATRIMONIAL le 12\/11\/2024<\/span><\/a><\/h4>\n<p>\n<\/div><div class=\"kc-elm kc-css-112683 kc_text_block IsinTitle\"><\/p>\n<h6>ISIN : FR0010673509<\/h6>\n<p>\n<\/div><div class=\"kc-elm kc-css-62815 kc-raw-code\">\n\t<div>\n\t\tAu 18\/10\/2024\t<\/div>\n\n<table style=\"width:100%;\">\n\t<tr>\n\t\t<td style=\"padding-bottom:0; padding-left:0;\">\n\t\t\tVL :<br\/>\n\t\t\t0,00\t\t\t\u20ac\t\t<\/td>\n\t\t<td style=\"padding-bottom:0; padding-right:0;\">\n\t\t\tPerf YTD :<br\/>\n\t\t\t-100,00\t\t\t%\n\t\t<\/td>\n\t<\/tr>\n<\/table>\n\r\n<\/div><\/div><\/div><\/div><\/div><\/section><section class=\"kc-elm kc-css-55234 kc_row\"><div class=\"kc-row-container  kc-container\"><div class=\"kc-wrap-columns\"><div class=\"kc-elm kc-css-211891 kc_col-sm-12 kc_column kc_col-sm-12\"><div class=\"kc-col-container\">\n<div class=\"kc-elm kc-css-647053 divider_line\">\n\t<div class=\"divider_inner divider_line2\">\n\t\t<i class=\"sl-chart\"><\/i>\t<\/div>\n<\/div>\n<div class=\"kc-elm kc-css-843597 kc_text_block\"><\/p>\n<h3 class=\"text_blue\">Comment souscrire ?<\/h3>\n<p>\n<\/div><div class=\"kc-elm kc-css-769388 kc_row kc_row_inner\"><div class=\"kc-elm kc-css-140064 kc_col-sm-6 kc_column_inner kc_col-sm-6\"><div class=\"kc_wrapper kc-col-inner-container\"><div class=\"kc-elm kc-css-534693 kc_text_block justifier\"><\/p>\n<div>Si vous n\u2019\u00eates pas client sous mandat de gestion\u00a0<span class=\"text_blue\">Kiplink Finance<\/span>,\u00a0vous pouvez souscrire nos fonds directement aupr\u00e8s de votre interm\u00e9diaire habituel partout en Europe en lui indiquant le code ISIN du fonds ayant retenu votre attention.<br \/>Le montant qu\u2019il est raisonnable d\u2019investir d\u00e9pend de la situation personnelle de chaque investisseur. Pour le d\u00e9terminer, il convient de tenir compte de son patrimoine, de ses besoins d\u2019argent actuels et \u00e0 terme, mais \u00e9galement de son souhait de prendre ou non des risques sur les march\u00e9s actions.<\/div>\n<p>\n<\/div><\/div><\/div><div class=\"kc-elm kc-css-82830 kc_col-sm-6 kc_column_inner kc_col-sm-6\"><div class=\"kc_wrapper kc-col-inner-container\"><div class=\"kc-elm kc-css-434785 kc_text_block justifier\"><\/p>\n<div>\n<p>Avant d\u2019envisager une souscription, vous devez prendre connaissance du prospectus du fonds et en particulier de la rubrique \u00ab Profil de risques \u00bb. La derni\u00e8re version des prospectus des diff\u00e9rents fonds est tenue \u00e0 votre disposition sur ce site et celui de l\u2019AMF <a href=\"www.amf-france.org\">www.amf-france.org <\/a>; elle vous sera \u00e9galement adress\u00e9e par courrier sur simple demande.<br \/>La centralisation des ordres de souscription et de rachat est assur\u00e9e par CIC, 6 avenue de Provence, 75441 Paris Cedex 9, en sa qualit\u00e9 d\u2019\u00e9tablissement Centralisateur.<\/p>\n<\/div>\n<p>\n<\/div><\/div><\/div><\/div><\/div><\/div><\/div><\/div><\/section><\/p>\n","protected":false},"excerpt":{"rendered":"","protected":false},"author":1,"featured_media":3169,"parent":0,"menu_order":0,"comment_status":"closed","ping_status":"closed","template":"","meta":{"footnotes":""},"class_list":["post-621","page","type-page","status-publish","has-post-thumbnail","hentry"],"yoast_head":"<!-- This site is optimized with the Yoast SEO plugin v27.3 - https:\/\/yoast.com\/product\/yoast-seo-wordpress\/ -->\n<title>Nos fonds | Kiplink Finance<\/title>\n<meta name=\"robots\" content=\"index, follow, max-snippet:-1, max-image-preview:large, max-video-preview:-1\" \/>\n<link rel=\"canonical\" href=\"https:\/\/kiplink-finance.fr\/?page_id=621\" \/>\n<meta property=\"og:locale\" content=\"fr_FR\" \/>\n<meta property=\"og:type\" content=\"article\" \/>\n<meta property=\"og:title\" content=\"Nos fonds | Kiplink Finance\" \/>\n<meta property=\"og:description\" content=\"Les OPCVM KIPLINK FINANCE La gamme d\u2019OPCVM g\u00e9r\u00e9s par\u00a0Kiplink Financeest compos\u00e9e des FCP suivants relevant de la directive CE 2009\/65\/CE Fonds diversifi\u00e9s RPS MONTAIGNE PATRIMOINE ISIN : FR0010833806 Au 11\/04\/2025 VL : 135,18 \u20ac Perf YTD : -1,18 % KIPLINK INVESTISSEMENT PATRIMONIAL ISIN : FR0012107654 Au 11\/04\/2025 VL : 119,76 \u20ac Perf YTD : -4,12 [&hellip;]\" \/>\n<meta property=\"og:url\" content=\"https:\/\/kiplink-finance.fr\/?page_id=621\" \/>\n<meta property=\"og:site_name\" content=\"Kiplink Finance\" \/>\n<meta property=\"article:modified_time\" content=\"2025-08-08T10:09:35+00:00\" \/>\n<meta property=\"og:image\" content=\"https:\/\/kiplink-finance.fr\/wp-content\/uploads\/2021\/10\/Kiplink-Finance-Logo-dte-a-gauche.jpeg\" \/>\n\t<meta property=\"og:image:width\" content=\"2560\" \/>\n\t<meta property=\"og:image:height\" content=\"1736\" \/>\n\t<meta property=\"og:image:type\" content=\"image\/jpeg\" \/>\n<meta name=\"twitter:card\" content=\"summary_large_image\" \/>\n<meta name=\"twitter:label1\" content=\"Dur\u00e9e de lecture estim\u00e9e\" \/>\n\t<meta name=\"twitter:data1\" content=\"1 minute\" \/>\n<script type=\"application\/ld+json\" class=\"yoast-schema-graph\">{\"@context\":\"https:\\\/\\\/schema.org\",\"@graph\":[{\"@type\":\"WebPage\",\"@id\":\"https:\\\/\\\/kiplink-finance.fr\\\/?page_id=621\",\"url\":\"https:\\\/\\\/kiplink-finance.fr\\\/?page_id=621\",\"name\":\"Nos fonds | Kiplink Finance\",\"isPartOf\":{\"@id\":\"https:\\\/\\\/kiplink-finance.fr\\\/#website\"},\"primaryImageOfPage\":{\"@id\":\"https:\\\/\\\/kiplink-finance.fr\\\/?page_id=621#primaryimage\"},\"image\":{\"@id\":\"https:\\\/\\\/kiplink-finance.fr\\\/?page_id=621#primaryimage\"},\"thumbnailUrl\":\"https:\\\/\\\/kiplink-finance.fr\\\/wp-content\\\/uploads\\\/2021\\\/10\\\/Kiplink-Finance-Logo-dte-a-gauche.jpeg\",\"datePublished\":\"2021-04-19T13:42:21+00:00\",\"dateModified\":\"2025-08-08T10:09:35+00:00\",\"breadcrumb\":{\"@id\":\"https:\\\/\\\/kiplink-finance.fr\\\/?page_id=621#breadcrumb\"},\"inLanguage\":\"fr-FR\",\"potentialAction\":[{\"@type\":\"ReadAction\",\"target\":[\"https:\\\/\\\/kiplink-finance.fr\\\/?page_id=621\"]}]},{\"@type\":\"ImageObject\",\"inLanguage\":\"fr-FR\",\"@id\":\"https:\\\/\\\/kiplink-finance.fr\\\/?page_id=621#primaryimage\",\"url\":\"https:\\\/\\\/kiplink-finance.fr\\\/wp-content\\\/uploads\\\/2021\\\/10\\\/Kiplink-Finance-Logo-dte-a-gauche.jpeg\",\"contentUrl\":\"https:\\\/\\\/kiplink-finance.fr\\\/wp-content\\\/uploads\\\/2021\\\/10\\\/Kiplink-Finance-Logo-dte-a-gauche.jpeg\",\"width\":2560,\"height\":1736},{\"@type\":\"BreadcrumbList\",\"@id\":\"https:\\\/\\\/kiplink-finance.fr\\\/?page_id=621#breadcrumb\",\"itemListElement\":[{\"@type\":\"ListItem\",\"position\":1,\"name\":\"Accueil\",\"item\":\"https:\\\/\\\/kiplink-finance.fr\\\/\"},{\"@type\":\"ListItem\",\"position\":2,\"name\":\"Nos fonds\"}]},{\"@type\":\"WebSite\",\"@id\":\"https:\\\/\\\/kiplink-finance.fr\\\/#website\",\"url\":\"https:\\\/\\\/kiplink-finance.fr\\\/\",\"name\":\"Kiplink Finance\",\"description\":\"\",\"publisher\":{\"@id\":\"https:\\\/\\\/kiplink-finance.fr\\\/#organization\"},\"potentialAction\":[{\"@type\":\"SearchAction\",\"target\":{\"@type\":\"EntryPoint\",\"urlTemplate\":\"https:\\\/\\\/kiplink-finance.fr\\\/?s={search_term_string}\"},\"query-input\":{\"@type\":\"PropertyValueSpecification\",\"valueRequired\":true,\"valueName\":\"search_term_string\"}}],\"inLanguage\":\"fr-FR\"},{\"@type\":\"Organization\",\"@id\":\"https:\\\/\\\/kiplink-finance.fr\\\/#organization\",\"name\":\"KIPLINK FINANCE\",\"url\":\"https:\\\/\\\/kiplink-finance.fr\\\/\",\"logo\":{\"@type\":\"ImageObject\",\"inLanguage\":\"fr-FR\",\"@id\":\"https:\\\/\\\/kiplink-finance.fr\\\/#\\\/schema\\\/logo\\\/image\\\/\",\"url\":\"https:\\\/\\\/kiplink-finance.fr\\\/wp-content\\\/uploads\\\/2021\\\/04\\\/logo-kiplink.png\",\"contentUrl\":\"https:\\\/\\\/kiplink-finance.fr\\\/wp-content\\\/uploads\\\/2021\\\/04\\\/logo-kiplink.png\",\"width\":158,\"height\":40,\"caption\":\"KIPLINK FINANCE\"},\"image\":{\"@id\":\"https:\\\/\\\/kiplink-finance.fr\\\/#\\\/schema\\\/logo\\\/image\\\/\"}}]}<\/script>\n<!-- \/ Yoast SEO plugin. -->","yoast_head_json":{"title":"Nos fonds | Kiplink Finance","robots":{"index":"index","follow":"follow","max-snippet":"max-snippet:-1","max-image-preview":"max-image-preview:large","max-video-preview":"max-video-preview:-1"},"canonical":"https:\/\/kiplink-finance.fr\/?page_id=621","og_locale":"fr_FR","og_type":"article","og_title":"Nos fonds | Kiplink Finance","og_description":"Les OPCVM KIPLINK FINANCE La gamme d\u2019OPCVM g\u00e9r\u00e9s par\u00a0Kiplink Financeest compos\u00e9e des FCP suivants relevant de la directive CE 2009\/65\/CE Fonds diversifi\u00e9s RPS MONTAIGNE PATRIMOINE ISIN : FR0010833806 Au 11\/04\/2025 VL : 135,18 \u20ac Perf YTD : -1,18 % KIPLINK INVESTISSEMENT PATRIMONIAL ISIN : FR0012107654 Au 11\/04\/2025 VL : 119,76 \u20ac Perf YTD : -4,12 [&hellip;]","og_url":"https:\/\/kiplink-finance.fr\/?page_id=621","og_site_name":"Kiplink Finance","article_modified_time":"2025-08-08T10:09:35+00:00","og_image":[{"width":2560,"height":1736,"url":"https:\/\/kiplink-finance.fr\/wp-content\/uploads\/2021\/10\/Kiplink-Finance-Logo-dte-a-gauche.jpeg","type":"image\/jpeg"}],"twitter_card":"summary_large_image","twitter_misc":{"Dur\u00e9e de lecture estim\u00e9e":"1 minute"},"schema":{"@context":"https:\/\/schema.org","@graph":[{"@type":"WebPage","@id":"https:\/\/kiplink-finance.fr\/?page_id=621","url":"https:\/\/kiplink-finance.fr\/?page_id=621","name":"Nos fonds | Kiplink Finance","isPartOf":{"@id":"https:\/\/kiplink-finance.fr\/#website"},"primaryImageOfPage":{"@id":"https:\/\/kiplink-finance.fr\/?page_id=621#primaryimage"},"image":{"@id":"https:\/\/kiplink-finance.fr\/?page_id=621#primaryimage"},"thumbnailUrl":"https:\/\/kiplink-finance.fr\/wp-content\/uploads\/2021\/10\/Kiplink-Finance-Logo-dte-a-gauche.jpeg","datePublished":"2021-04-19T13:42:21+00:00","dateModified":"2025-08-08T10:09:35+00:00","breadcrumb":{"@id":"https:\/\/kiplink-finance.fr\/?page_id=621#breadcrumb"},"inLanguage":"fr-FR","potentialAction":[{"@type":"ReadAction","target":["https:\/\/kiplink-finance.fr\/?page_id=621"]}]},{"@type":"ImageObject","inLanguage":"fr-FR","@id":"https:\/\/kiplink-finance.fr\/?page_id=621#primaryimage","url":"https:\/\/kiplink-finance.fr\/wp-content\/uploads\/2021\/10\/Kiplink-Finance-Logo-dte-a-gauche.jpeg","contentUrl":"https:\/\/kiplink-finance.fr\/wp-content\/uploads\/2021\/10\/Kiplink-Finance-Logo-dte-a-gauche.jpeg","width":2560,"height":1736},{"@type":"BreadcrumbList","@id":"https:\/\/kiplink-finance.fr\/?page_id=621#breadcrumb","itemListElement":[{"@type":"ListItem","position":1,"name":"Accueil","item":"https:\/\/kiplink-finance.fr\/"},{"@type":"ListItem","position":2,"name":"Nos fonds"}]},{"@type":"WebSite","@id":"https:\/\/kiplink-finance.fr\/#website","url":"https:\/\/kiplink-finance.fr\/","name":"Kiplink Finance","description":"","publisher":{"@id":"https:\/\/kiplink-finance.fr\/#organization"},"potentialAction":[{"@type":"SearchAction","target":{"@type":"EntryPoint","urlTemplate":"https:\/\/kiplink-finance.fr\/?s={search_term_string}"},"query-input":{"@type":"PropertyValueSpecification","valueRequired":true,"valueName":"search_term_string"}}],"inLanguage":"fr-FR"},{"@type":"Organization","@id":"https:\/\/kiplink-finance.fr\/#organization","name":"KIPLINK FINANCE","url":"https:\/\/kiplink-finance.fr\/","logo":{"@type":"ImageObject","inLanguage":"fr-FR","@id":"https:\/\/kiplink-finance.fr\/#\/schema\/logo\/image\/","url":"https:\/\/kiplink-finance.fr\/wp-content\/uploads\/2021\/04\/logo-kiplink.png","contentUrl":"https:\/\/kiplink-finance.fr\/wp-content\/uploads\/2021\/04\/logo-kiplink.png","width":158,"height":40,"caption":"KIPLINK FINANCE"},"image":{"@id":"https:\/\/kiplink-finance.fr\/#\/schema\/logo\/image\/"}}]}},"_links":{"self":[{"href":"https:\/\/kiplink-finance.fr\/index.php?rest_route=\/wp\/v2\/pages\/621","targetHints":{"allow":["GET"]}}],"collection":[{"href":"https:\/\/kiplink-finance.fr\/index.php?rest_route=\/wp\/v2\/pages"}],"about":[{"href":"https:\/\/kiplink-finance.fr\/index.php?rest_route=\/wp\/v2\/types\/page"}],"author":[{"embeddable":true,"href":"https:\/\/kiplink-finance.fr\/index.php?rest_route=\/wp\/v2\/users\/1"}],"replies":[{"embeddable":true,"href":"https:\/\/kiplink-finance.fr\/index.php?rest_route=%2Fwp%2Fv2%2Fcomments&post=621"}],"version-history":[{"count":259,"href":"https:\/\/kiplink-finance.fr\/index.php?rest_route=\/wp\/v2\/pages\/621\/revisions"}],"predecessor-version":[{"id":4976,"href":"https:\/\/kiplink-finance.fr\/index.php?rest_route=\/wp\/v2\/pages\/621\/revisions\/4976"}],"wp:featuredmedia":[{"embeddable":true,"href":"https:\/\/kiplink-finance.fr\/index.php?rest_route=\/wp\/v2\/media\/3169"}],"wp:attachment":[{"href":"https:\/\/kiplink-finance.fr\/index.php?rest_route=%2Fwp%2Fv2%2Fmedia&parent=621"}],"curies":[{"name":"wp","href":"https:\/\/api.w.org\/{rel}","templated":true}]}}