{"id":4764,"date":"2024-02-28T17:49:12","date_gmt":"2024-02-28T16:49:12","guid":{"rendered":"https:\/\/kiplink-finance.fr\/?page_id=4764"},"modified":"2025-02-07T16:31:48","modified_gmt":"2025-02-07T15:31:48","slug":"yannick-fouillet","status":"publish","type":"page","link":"https:\/\/kiplink-finance.fr\/?page_id=4764","title":{"rendered":"Yannick Fouillet"},"content":{"rendered":"<p><section class=\"kc-elm kc-css-239627 kc_row\"><div class=\"kc-row-container  kc-container\"><div class=\"kc-wrap-columns\"><div class=\"kc-elm kc-css-205245 kc_col-sm-12 kc_column kc_col-sm-12\"><div class=\"kc-col-container\"><div class=\"kc-elm kc-css-458821 kc-raw-code\"><a href=\"http:\/\/kip.choriandre.fr\/?page_id=189#team4\"><i class=\"fas fa-long-arrow-alt-left icone-retour\">   retour  \u00e0 l'\u00e9quipe<\/i><\/a><\/div><\/div><\/div><\/div><\/div><\/section><section class=\"kc-elm kc-css-640169 kc_row\"><div class=\"kc-row-container  kc-container\"><div class=\"kc-wrap-columns\"><div class=\"kc-elm kc-css-209052 kc_col-sm-6 kc_column kc_col-sm-6\"><div class=\"kc-col-container\"><div class=\"kc-elm kc-css-193490 kc_shortcode kc_single_image\">\n\n        <img decoding=\"async\" src=\"https:\/\/kiplink-finance.fr\/wp-content\/uploads\/2024\/02\/Yannick-Photo-2-400x600xc.jpg\" class=\"\" alt=\"\" \/>    <\/div>\n<\/div><\/div><div class=\"kc-elm kc-css-395402 kc_col-sm-6 kc_column kc_col-sm-6\"><div class=\"kc-col-container\"><div class=\"kc-elm kc-css-76430 kc_text_block\"><\/p>\n<h2>Yannick Fouillet<\/h2>\n<p>\n<\/div><div class=\"kc-elm kc-css-752505 kc_text_block\"><\/p>\n<h3>Pr\u00e9sident<\/h3>\n<p>\n<\/div><div class=\"kc-elm kc-css-562959 kc_text_block justifier\"><\/p>\n<p style=\"text-align: left;\"><span style=\"font-style: inherit;\">Yannick rejoint Kiplink Finance en 2023, en charge du d\u00e9veloppement du portefeuille clients, de l\u2019organisation et la structuration de l\u2019activit\u00e9, du pilotage et de l\u2019animation.\u00a0<\/span><\/p>\n<p>Yannick dispose d&rsquo;une exp\u00e9rience de plus de 25 ann\u00e9es dans les m\u00e9tiers des services bancaires et financiers exerc\u00e9s aupr\u00e8s de Natixis Wealth Management, 1818 Partenaires, Cortal Consors, consacr\u00e9s au d\u00e9veloppement et \u00e0 la strat\u00e9gie commerciale.<\/p>\n<p>Il succ\u00e8de \u00e0 Doroth\u00e9e Marty \u00e0 la pr\u00e9sidence de Kiplink Finance \u00e0 compter du 1er janvier 2025.<\/p>\n<p>\n<\/div><div class=\"kc-elm kc-css-816095 kc-raw-code\"><div class=\"divCenterIcone\">\r\n\t\t\t\t\t<a href=\"mailto:contact@kiplink-finance.fr\">\t\t\t\t\t\r\n\t\t\t\t\t\t<i class=\"sl-envolope\"><\/i>\r\n\t\t\t\t\t<\/a>\r\n\t\t\t\t\t<a href=\"https:\/\/www.linkedin.com\/in\/yannick-fouillet\/?originalSubdomain=fr\/\">\r\n\t\t\t\t\t\t<i class=\"sl-social-linkedin\"><\/i>\r\n\t\t\t\t\t<\/a>\r\n\t\t\t\t<\/div><\/div><\/div><\/div><\/div><\/div><\/section><\/p>\n","protected":false},"excerpt":{"rendered":"","protected":false},"author":2,"featured_media":0,"parent":0,"menu_order":0,"comment_status":"closed","ping_status":"closed","template":"","meta":{"footnotes":""},"class_list":["post-4764","page","type-page","status-publish","hentry"],"yoast_head":"<!-- This site is optimized with the Yoast SEO plugin v27.5 - https:\/\/yoast.com\/product\/yoast-seo-wordpress\/ -->\n<title>Yannick Fouillet | Kiplink Finance<\/title>\n<meta name=\"robots\" content=\"index, follow, max-snippet:-1, max-image-preview:large, max-video-preview:-1\" \/>\n<link rel=\"canonical\" href=\"https:\/\/kiplink-finance.fr\/?page_id=4764\" \/>\n<meta property=\"og:locale\" content=\"fr_FR\" \/>\n<meta property=\"og:type\" content=\"article\" \/>\n<meta property=\"og:title\" content=\"Yannick Fouillet | Kiplink Finance\" \/>\n<meta property=\"og:description\" content=\"retour \u00e0 l&rsquo;\u00e9quipe Yannick Fouillet Pr\u00e9sident Yannick rejoint Kiplink Finance en 2023, en charge du d\u00e9veloppement du portefeuille clients, de l\u2019organisation et la structuration de l\u2019activit\u00e9, du pilotage et de l\u2019animation.\u00a0 Yannick dispose d&rsquo;une exp\u00e9rience de plus de 25 ann\u00e9es dans les m\u00e9tiers des services bancaires et financiers exerc\u00e9s aupr\u00e8s de Natixis Wealth Management, 1818 [&hellip;]\" \/>\n<meta property=\"og:url\" content=\"https:\/\/kiplink-finance.fr\/?page_id=4764\" \/>\n<meta property=\"og:site_name\" content=\"Kiplink Finance\" \/>\n<meta property=\"article:modified_time\" content=\"2025-02-07T15:31:48+00:00\" \/>\n<meta property=\"og:image\" content=\"https:\/\/kiplink-finance.fr\/wp-content\/uploads\/2024\/02\/Yannick-Photo-2-400x600xc.jpg\" \/>\n<meta name=\"twitter:card\" content=\"summary_large_image\" \/>\n<script type=\"application\/ld+json\" class=\"yoast-schema-graph\">{\"@context\":\"https:\\\/\\\/schema.org\",\"@graph\":[{\"@type\":\"WebPage\",\"@id\":\"https:\\\/\\\/kiplink-finance.fr\\\/?page_id=4764\",\"url\":\"https:\\\/\\\/kiplink-finance.fr\\\/?page_id=4764\",\"name\":\"Yannick Fouillet | Kiplink Finance\",\"isPartOf\":{\"@id\":\"https:\\\/\\\/kiplink-finance.fr\\\/#website\"},\"primaryImageOfPage\":{\"@id\":\"https:\\\/\\\/kiplink-finance.fr\\\/?page_id=4764#primaryimage\"},\"image\":{\"@id\":\"https:\\\/\\\/kiplink-finance.fr\\\/?page_id=4764#primaryimage\"},\"thumbnailUrl\":\"https:\\\/\\\/kiplink-finance.fr\\\/wp-content\\\/uploads\\\/2024\\\/02\\\/Yannick-Photo-2-400x600xc.jpg\",\"datePublished\":\"2024-02-28T16:49:12+00:00\",\"dateModified\":\"2025-02-07T15:31:48+00:00\",\"breadcrumb\":{\"@id\":\"https:\\\/\\\/kiplink-finance.fr\\\/?page_id=4764#breadcrumb\"},\"inLanguage\":\"fr-FR\",\"potentialAction\":[{\"@type\":\"ReadAction\",\"target\":[\"https:\\\/\\\/kiplink-finance.fr\\\/?page_id=4764\"]}]},{\"@type\":\"ImageObject\",\"inLanguage\":\"fr-FR\",\"@id\":\"https:\\\/\\\/kiplink-finance.fr\\\/?page_id=4764#primaryimage\",\"url\":\"https:\\\/\\\/kiplink-finance.fr\\\/wp-content\\\/uploads\\\/2024\\\/02\\\/Yannick-Photo-2-400x600xc.jpg\",\"contentUrl\":\"https:\\\/\\\/kiplink-finance.fr\\\/wp-content\\\/uploads\\\/2024\\\/02\\\/Yannick-Photo-2-400x600xc.jpg\"},{\"@type\":\"BreadcrumbList\",\"@id\":\"https:\\\/\\\/kiplink-finance.fr\\\/?page_id=4764#breadcrumb\",\"itemListElement\":[{\"@type\":\"ListItem\",\"position\":1,\"name\":\"Accueil\",\"item\":\"https:\\\/\\\/kiplink-finance.fr\\\/\"},{\"@type\":\"ListItem\",\"position\":2,\"name\":\"Yannick Fouillet\"}]},{\"@type\":\"WebSite\",\"@id\":\"https:\\\/\\\/kiplink-finance.fr\\\/#website\",\"url\":\"https:\\\/\\\/kiplink-finance.fr\\\/\",\"name\":\"Kiplink Finance\",\"description\":\"\",\"publisher\":{\"@id\":\"https:\\\/\\\/kiplink-finance.fr\\\/#organization\"},\"potentialAction\":[{\"@type\":\"SearchAction\",\"target\":{\"@type\":\"EntryPoint\",\"urlTemplate\":\"https:\\\/\\\/kiplink-finance.fr\\\/?s={search_term_string}\"},\"query-input\":{\"@type\":\"PropertyValueSpecification\",\"valueRequired\":true,\"valueName\":\"search_term_string\"}}],\"inLanguage\":\"fr-FR\"},{\"@type\":\"Organization\",\"@id\":\"https:\\\/\\\/kiplink-finance.fr\\\/#organization\",\"name\":\"KIPLINK FINANCE\",\"url\":\"https:\\\/\\\/kiplink-finance.fr\\\/\",\"logo\":{\"@type\":\"ImageObject\",\"inLanguage\":\"fr-FR\",\"@id\":\"https:\\\/\\\/kiplink-finance.fr\\\/#\\\/schema\\\/logo\\\/image\\\/\",\"url\":\"https:\\\/\\\/kiplink-finance.fr\\\/wp-content\\\/uploads\\\/2021\\\/04\\\/logo-kiplink.png\",\"contentUrl\":\"https:\\\/\\\/kiplink-finance.fr\\\/wp-content\\\/uploads\\\/2021\\\/04\\\/logo-kiplink.png\",\"width\":158,\"height\":40,\"caption\":\"KIPLINK FINANCE\"},\"image\":{\"@id\":\"https:\\\/\\\/kiplink-finance.fr\\\/#\\\/schema\\\/logo\\\/image\\\/\"}}]}<\/script>\n<!-- \/ Yoast SEO plugin. -->","yoast_head_json":{"title":"Yannick Fouillet | Kiplink Finance","robots":{"index":"index","follow":"follow","max-snippet":"max-snippet:-1","max-image-preview":"max-image-preview:large","max-video-preview":"max-video-preview:-1"},"canonical":"https:\/\/kiplink-finance.fr\/?page_id=4764","og_locale":"fr_FR","og_type":"article","og_title":"Yannick Fouillet | Kiplink Finance","og_description":"retour \u00e0 l&rsquo;\u00e9quipe Yannick Fouillet Pr\u00e9sident Yannick rejoint Kiplink Finance en 2023, en charge du d\u00e9veloppement du portefeuille clients, de l\u2019organisation et la structuration de l\u2019activit\u00e9, du pilotage et de l\u2019animation.\u00a0 Yannick dispose d&rsquo;une exp\u00e9rience de plus de 25 ann\u00e9es dans les m\u00e9tiers des services bancaires et financiers exerc\u00e9s aupr\u00e8s de Natixis Wealth Management, 1818 [&hellip;]","og_url":"https:\/\/kiplink-finance.fr\/?page_id=4764","og_site_name":"Kiplink Finance","article_modified_time":"2025-02-07T15:31:48+00:00","og_image":[{"url":"https:\/\/kiplink-finance.fr\/wp-content\/uploads\/2024\/02\/Yannick-Photo-2-400x600xc.jpg","type":"","width":"","height":""}],"twitter_card":"summary_large_image","schema":{"@context":"https:\/\/schema.org","@graph":[{"@type":"WebPage","@id":"https:\/\/kiplink-finance.fr\/?page_id=4764","url":"https:\/\/kiplink-finance.fr\/?page_id=4764","name":"Yannick Fouillet | Kiplink Finance","isPartOf":{"@id":"https:\/\/kiplink-finance.fr\/#website"},"primaryImageOfPage":{"@id":"https:\/\/kiplink-finance.fr\/?page_id=4764#primaryimage"},"image":{"@id":"https:\/\/kiplink-finance.fr\/?page_id=4764#primaryimage"},"thumbnailUrl":"https:\/\/kiplink-finance.fr\/wp-content\/uploads\/2024\/02\/Yannick-Photo-2-400x600xc.jpg","datePublished":"2024-02-28T16:49:12+00:00","dateModified":"2025-02-07T15:31:48+00:00","breadcrumb":{"@id":"https:\/\/kiplink-finance.fr\/?page_id=4764#breadcrumb"},"inLanguage":"fr-FR","potentialAction":[{"@type":"ReadAction","target":["https:\/\/kiplink-finance.fr\/?page_id=4764"]}]},{"@type":"ImageObject","inLanguage":"fr-FR","@id":"https:\/\/kiplink-finance.fr\/?page_id=4764#primaryimage","url":"https:\/\/kiplink-finance.fr\/wp-content\/uploads\/2024\/02\/Yannick-Photo-2-400x600xc.jpg","contentUrl":"https:\/\/kiplink-finance.fr\/wp-content\/uploads\/2024\/02\/Yannick-Photo-2-400x600xc.jpg"},{"@type":"BreadcrumbList","@id":"https:\/\/kiplink-finance.fr\/?page_id=4764#breadcrumb","itemListElement":[{"@type":"ListItem","position":1,"name":"Accueil","item":"https:\/\/kiplink-finance.fr\/"},{"@type":"ListItem","position":2,"name":"Yannick Fouillet"}]},{"@type":"WebSite","@id":"https:\/\/kiplink-finance.fr\/#website","url":"https:\/\/kiplink-finance.fr\/","name":"Kiplink Finance","description":"","publisher":{"@id":"https:\/\/kiplink-finance.fr\/#organization"},"potentialAction":[{"@type":"SearchAction","target":{"@type":"EntryPoint","urlTemplate":"https:\/\/kiplink-finance.fr\/?s={search_term_string}"},"query-input":{"@type":"PropertyValueSpecification","valueRequired":true,"valueName":"search_term_string"}}],"inLanguage":"fr-FR"},{"@type":"Organization","@id":"https:\/\/kiplink-finance.fr\/#organization","name":"KIPLINK FINANCE","url":"https:\/\/kiplink-finance.fr\/","logo":{"@type":"ImageObject","inLanguage":"fr-FR","@id":"https:\/\/kiplink-finance.fr\/#\/schema\/logo\/image\/","url":"https:\/\/kiplink-finance.fr\/wp-content\/uploads\/2021\/04\/logo-kiplink.png","contentUrl":"https:\/\/kiplink-finance.fr\/wp-content\/uploads\/2021\/04\/logo-kiplink.png","width":158,"height":40,"caption":"KIPLINK FINANCE"},"image":{"@id":"https:\/\/kiplink-finance.fr\/#\/schema\/logo\/image\/"}}]}},"_links":{"self":[{"href":"https:\/\/kiplink-finance.fr\/index.php?rest_route=\/wp\/v2\/pages\/4764","targetHints":{"allow":["GET"]}}],"collection":[{"href":"https:\/\/kiplink-finance.fr\/index.php?rest_route=\/wp\/v2\/pages"}],"about":[{"href":"https:\/\/kiplink-finance.fr\/index.php?rest_route=\/wp\/v2\/types\/page"}],"author":[{"embeddable":true,"href":"https:\/\/kiplink-finance.fr\/index.php?rest_route=\/wp\/v2\/users\/2"}],"replies":[{"embeddable":true,"href":"https:\/\/kiplink-finance.fr\/index.php?rest_route=%2Fwp%2Fv2%2Fcomments&post=4764"}],"version-history":[{"count":20,"href":"https:\/\/kiplink-finance.fr\/index.php?rest_route=\/wp\/v2\/pages\/4764\/revisions"}],"predecessor-version":[{"id":4920,"href":"https:\/\/kiplink-finance.fr\/index.php?rest_route=\/wp\/v2\/pages\/4764\/revisions\/4920"}],"wp:attachment":[{"href":"https:\/\/kiplink-finance.fr\/index.php?rest_route=%2Fwp%2Fv2%2Fmedia&parent=4764"}],"curies":[{"name":"wp","href":"https:\/\/api.w.org\/{rel}","templated":true}]}}