{"id":2957,"date":"2021-10-15T09:54:42","date_gmt":"2021-10-15T07:54:42","guid":{"rendered":"https:\/\/kip.choriandre.fr\/?page_id=2957"},"modified":"2026-03-11T08:43:07","modified_gmt":"2026-03-11T07:43:07","slug":"matthieu-canac-3","status":"publish","type":"page","link":"https:\/\/kiplink-finance.fr\/?page_id=2957","title":{"rendered":"Fabrice H\u00e9bert"},"content":{"rendered":"<p><section class=\"kc-elm kc-css-43452 kc_row\"><div class=\"kc-row-container  kc-container\"><div class=\"kc-wrap-columns\"><div class=\"kc-elm kc-css-16822 kc_col-sm-12 kc_column kc_col-sm-12\"><div class=\"kc-col-container\"><div class=\"kc-elm kc-css-928307 kc-raw-code\"><a href=\"http:\/\/kip.choriandre.fr\/?page_id=189#team2\"><i class=\"fas fa-long-arrow-alt-left icone-retour\">   retour  \u00e0 l'\u00e9quipe<\/i><\/a><\/div><\/div><\/div><\/div><\/div><\/section><section class=\"kc-elm kc-css-793265 kc_row\"><div class=\"kc-row-container  kc-container\"><div class=\"kc-wrap-columns\"><div class=\"kc-elm kc-css-904903 kc_col-sm-6 kc_column kc_col-sm-6\"><div class=\"kc-col-container\"><div class=\"kc-elm kc-css-45688 kc_shortcode kc_single_image\">\n\n        <img decoding=\"async\" src=\"https:\/\/kiplink-finance.fr\/wp-content\/uploads\/2026\/03\/IMG_0919-e1773212447619-400x600xc.jpg\" class=\"\" alt=\"\" \/>    <\/div>\n<\/div><\/div><div class=\"kc-elm kc-css-381804 kc_col-sm-6 kc_column kc_col-sm-6\"><div class=\"kc-col-container\"><div class=\"kc-elm kc-css-311443 kc_text_block\"><\/p>\n<h2><strong>Fabrice H\u00e9bert<\/strong><\/h2>\n<p>\n<\/div><div class=\"kc-elm kc-css-485828 kc_text_block\"><\/p>\n<h3>G\u00e9rant priv\u00e9<\/h3>\n<p>\n<\/div><div class=\"kc-elm kc-css-211252 kc_text_block justifier\"><\/p>\n<p><span style=\"font-family: Arial, Helvetica, sans-serif; font-size: 12pt;\"><span style=\"color: #000000;\"><b>G\u00e9rant priv\u00e9 <\/b>&#8211;<\/span>\u00a0Fabrice rejoint Kiplink Finance en 2026.<\/span><\/p>\n<p><span style=\"font-family: Arial, Helvetica, sans-serif; font-size: 12pt;\">Expert en gestion de fortune et d\u00e9veloppement patrimonial, sp\u00e9cialis\u00e9 dans l\u2019accompagnement d\u2019une client\u00e8le haut de gamme et la coordination d\u2019expertises internes. Fabrice dispose d&rsquo;une exp\u00e9rience de plus de trente ans au sein d&rsquo;institutions financi\u00e8res telles que Natixis Wealth Management, Caisse d&rsquo;Epargne.\u00a0<\/span><\/p>\n<p><span style=\"font-family: Arial, Helvetica, sans-serif; font-size: 12pt;\">Fabrice dispose de solides comp\u00e9tences en strat\u00e9gies patrimoniales, solutions d\u2019investissement et conseil sur mesure, avec une expertise \u00e9prouv\u00e9e dans le suivi et la fid\u00e9lisation de portefeuilles clients fortun\u00e9s.\u00a0<\/span><\/p>\n<p><span style=\"font-family: Arial, Helvetica, sans-serif; font-size: 12pt;\">Fabrice est titulaire d\u2019un DESS en Gestion de Patrimoine de l&rsquo;Universit\u00e9 de Clermont Ferrand et de la formation Patrimoine Professionnel et Gestion Priv\u00e9e de l&rsquo;Universit\u00e9 Paris Dauphine.<\/span><\/p>\n<p>\n<\/div><div class=\"kc-elm kc-css-815772 kc-raw-code\"><div class=\"divCenterIcone\">\r\n\t\t\t\t\t<a href=\"mailto:contact@kiplink-finance.fr\">\t\t\t\t\t\r\n\t\t\t\t\t\t<i class=\"sl-envolope\"><\/i>\r\n\t\t\t\t\t<\/a>\r\n\t\t\t\t\t<a href=\"https:\/\/www.linkedin.com\/in\/fabrice-hebert-396568171\/\">\r\n\t\t\t\t\t\t<i class=\"sl-social-linkedin\"><\/i>\r\n\t\t\t\t\t<\/a>\r\n\t\t\t\t<\/div><\/div><\/div><\/div><\/div><\/div><\/section><\/p>\n","protected":false},"excerpt":{"rendered":"","protected":false},"author":1,"featured_media":0,"parent":0,"menu_order":0,"comment_status":"closed","ping_status":"closed","template":"","meta":{"footnotes":""},"class_list":["post-2957","page","type-page","status-publish","hentry"],"yoast_head":"<!-- This site is optimized with the Yoast SEO plugin v27.5 - https:\/\/yoast.com\/product\/yoast-seo-wordpress\/ -->\n<title>Fabrice H\u00e9bert | Kiplink Finance<\/title>\n<meta name=\"robots\" content=\"index, follow, max-snippet:-1, max-image-preview:large, max-video-preview:-1\" \/>\n<link rel=\"canonical\" href=\"https:\/\/kiplink-finance.fr\/?page_id=2957\" \/>\n<meta property=\"og:locale\" content=\"fr_FR\" \/>\n<meta property=\"og:type\" content=\"article\" \/>\n<meta property=\"og:title\" content=\"Fabrice H\u00e9bert | Kiplink Finance\" \/>\n<meta property=\"og:description\" content=\"retour \u00e0 l&rsquo;\u00e9quipe Fabrice H\u00e9bert G\u00e9rant priv\u00e9 G\u00e9rant priv\u00e9 &#8211;\u00a0Fabrice rejoint Kiplink Finance en 2026. Expert en gestion de fortune et d\u00e9veloppement patrimonial, sp\u00e9cialis\u00e9 dans l\u2019accompagnement d\u2019une client\u00e8le haut de gamme et la coordination d\u2019expertises internes. Fabrice dispose d&rsquo;une exp\u00e9rience de plus de trente ans au sein d&rsquo;institutions financi\u00e8res telles que Natixis Wealth Management, Caisse [&hellip;]\" \/>\n<meta property=\"og:url\" content=\"https:\/\/kiplink-finance.fr\/?page_id=2957\" \/>\n<meta property=\"og:site_name\" content=\"Kiplink Finance\" \/>\n<meta property=\"article:modified_time\" content=\"2026-03-11T07:43:07+00:00\" \/>\n<meta property=\"og:image\" content=\"https:\/\/kiplink-finance.fr\/wp-content\/uploads\/2026\/03\/IMG_0919-e1773212447619-400x600xc.jpg\" \/>\n<meta name=\"twitter:card\" content=\"summary_large_image\" \/>\n<meta name=\"twitter:label1\" content=\"Dur\u00e9e de lecture estim\u00e9e\" \/>\n\t<meta name=\"twitter:data1\" content=\"1 minute\" \/>\n<script type=\"application\/ld+json\" class=\"yoast-schema-graph\">{\"@context\":\"https:\\\/\\\/schema.org\",\"@graph\":[{\"@type\":\"WebPage\",\"@id\":\"https:\\\/\\\/kiplink-finance.fr\\\/?page_id=2957\",\"url\":\"https:\\\/\\\/kiplink-finance.fr\\\/?page_id=2957\",\"name\":\"Fabrice H\u00e9bert | Kiplink Finance\",\"isPartOf\":{\"@id\":\"https:\\\/\\\/kiplink-finance.fr\\\/#website\"},\"primaryImageOfPage\":{\"@id\":\"https:\\\/\\\/kiplink-finance.fr\\\/?page_id=2957#primaryimage\"},\"image\":{\"@id\":\"https:\\\/\\\/kiplink-finance.fr\\\/?page_id=2957#primaryimage\"},\"thumbnailUrl\":\"https:\\\/\\\/kiplink-finance.fr\\\/wp-content\\\/uploads\\\/2026\\\/03\\\/IMG_0919-e1773212447619-400x600xc.jpg\",\"datePublished\":\"2021-10-15T07:54:42+00:00\",\"dateModified\":\"2026-03-11T07:43:07+00:00\",\"breadcrumb\":{\"@id\":\"https:\\\/\\\/kiplink-finance.fr\\\/?page_id=2957#breadcrumb\"},\"inLanguage\":\"fr-FR\",\"potentialAction\":[{\"@type\":\"ReadAction\",\"target\":[\"https:\\\/\\\/kiplink-finance.fr\\\/?page_id=2957\"]}]},{\"@type\":\"ImageObject\",\"inLanguage\":\"fr-FR\",\"@id\":\"https:\\\/\\\/kiplink-finance.fr\\\/?page_id=2957#primaryimage\",\"url\":\"https:\\\/\\\/kiplink-finance.fr\\\/wp-content\\\/uploads\\\/2026\\\/03\\\/IMG_0919-e1773212447619-400x600xc.jpg\",\"contentUrl\":\"https:\\\/\\\/kiplink-finance.fr\\\/wp-content\\\/uploads\\\/2026\\\/03\\\/IMG_0919-e1773212447619-400x600xc.jpg\"},{\"@type\":\"BreadcrumbList\",\"@id\":\"https:\\\/\\\/kiplink-finance.fr\\\/?page_id=2957#breadcrumb\",\"itemListElement\":[{\"@type\":\"ListItem\",\"position\":1,\"name\":\"Accueil\",\"item\":\"https:\\\/\\\/kiplink-finance.fr\\\/\"},{\"@type\":\"ListItem\",\"position\":2,\"name\":\"Fabrice H\u00e9bert\"}]},{\"@type\":\"WebSite\",\"@id\":\"https:\\\/\\\/kiplink-finance.fr\\\/#website\",\"url\":\"https:\\\/\\\/kiplink-finance.fr\\\/\",\"name\":\"Kiplink Finance\",\"description\":\"\",\"publisher\":{\"@id\":\"https:\\\/\\\/kiplink-finance.fr\\\/#organization\"},\"potentialAction\":[{\"@type\":\"SearchAction\",\"target\":{\"@type\":\"EntryPoint\",\"urlTemplate\":\"https:\\\/\\\/kiplink-finance.fr\\\/?s={search_term_string}\"},\"query-input\":{\"@type\":\"PropertyValueSpecification\",\"valueRequired\":true,\"valueName\":\"search_term_string\"}}],\"inLanguage\":\"fr-FR\"},{\"@type\":\"Organization\",\"@id\":\"https:\\\/\\\/kiplink-finance.fr\\\/#organization\",\"name\":\"KIPLINK FINANCE\",\"url\":\"https:\\\/\\\/kiplink-finance.fr\\\/\",\"logo\":{\"@type\":\"ImageObject\",\"inLanguage\":\"fr-FR\",\"@id\":\"https:\\\/\\\/kiplink-finance.fr\\\/#\\\/schema\\\/logo\\\/image\\\/\",\"url\":\"https:\\\/\\\/kiplink-finance.fr\\\/wp-content\\\/uploads\\\/2021\\\/04\\\/logo-kiplink.png\",\"contentUrl\":\"https:\\\/\\\/kiplink-finance.fr\\\/wp-content\\\/uploads\\\/2021\\\/04\\\/logo-kiplink.png\",\"width\":158,\"height\":40,\"caption\":\"KIPLINK FINANCE\"},\"image\":{\"@id\":\"https:\\\/\\\/kiplink-finance.fr\\\/#\\\/schema\\\/logo\\\/image\\\/\"}}]}<\/script>\n<!-- \/ Yoast SEO plugin. -->","yoast_head_json":{"title":"Fabrice H\u00e9bert | Kiplink Finance","robots":{"index":"index","follow":"follow","max-snippet":"max-snippet:-1","max-image-preview":"max-image-preview:large","max-video-preview":"max-video-preview:-1"},"canonical":"https:\/\/kiplink-finance.fr\/?page_id=2957","og_locale":"fr_FR","og_type":"article","og_title":"Fabrice H\u00e9bert | Kiplink Finance","og_description":"retour \u00e0 l&rsquo;\u00e9quipe Fabrice H\u00e9bert G\u00e9rant priv\u00e9 G\u00e9rant priv\u00e9 &#8211;\u00a0Fabrice rejoint Kiplink Finance en 2026. Expert en gestion de fortune et d\u00e9veloppement patrimonial, sp\u00e9cialis\u00e9 dans l\u2019accompagnement d\u2019une client\u00e8le haut de gamme et la coordination d\u2019expertises internes. Fabrice dispose d&rsquo;une exp\u00e9rience de plus de trente ans au sein d&rsquo;institutions financi\u00e8res telles que Natixis Wealth Management, Caisse [&hellip;]","og_url":"https:\/\/kiplink-finance.fr\/?page_id=2957","og_site_name":"Kiplink Finance","article_modified_time":"2026-03-11T07:43:07+00:00","og_image":[{"url":"https:\/\/kiplink-finance.fr\/wp-content\/uploads\/2026\/03\/IMG_0919-e1773212447619-400x600xc.jpg","type":"","width":"","height":""}],"twitter_card":"summary_large_image","twitter_misc":{"Dur\u00e9e de lecture estim\u00e9e":"1 minute"},"schema":{"@context":"https:\/\/schema.org","@graph":[{"@type":"WebPage","@id":"https:\/\/kiplink-finance.fr\/?page_id=2957","url":"https:\/\/kiplink-finance.fr\/?page_id=2957","name":"Fabrice H\u00e9bert | Kiplink Finance","isPartOf":{"@id":"https:\/\/kiplink-finance.fr\/#website"},"primaryImageOfPage":{"@id":"https:\/\/kiplink-finance.fr\/?page_id=2957#primaryimage"},"image":{"@id":"https:\/\/kiplink-finance.fr\/?page_id=2957#primaryimage"},"thumbnailUrl":"https:\/\/kiplink-finance.fr\/wp-content\/uploads\/2026\/03\/IMG_0919-e1773212447619-400x600xc.jpg","datePublished":"2021-10-15T07:54:42+00:00","dateModified":"2026-03-11T07:43:07+00:00","breadcrumb":{"@id":"https:\/\/kiplink-finance.fr\/?page_id=2957#breadcrumb"},"inLanguage":"fr-FR","potentialAction":[{"@type":"ReadAction","target":["https:\/\/kiplink-finance.fr\/?page_id=2957"]}]},{"@type":"ImageObject","inLanguage":"fr-FR","@id":"https:\/\/kiplink-finance.fr\/?page_id=2957#primaryimage","url":"https:\/\/kiplink-finance.fr\/wp-content\/uploads\/2026\/03\/IMG_0919-e1773212447619-400x600xc.jpg","contentUrl":"https:\/\/kiplink-finance.fr\/wp-content\/uploads\/2026\/03\/IMG_0919-e1773212447619-400x600xc.jpg"},{"@type":"BreadcrumbList","@id":"https:\/\/kiplink-finance.fr\/?page_id=2957#breadcrumb","itemListElement":[{"@type":"ListItem","position":1,"name":"Accueil","item":"https:\/\/kiplink-finance.fr\/"},{"@type":"ListItem","position":2,"name":"Fabrice H\u00e9bert"}]},{"@type":"WebSite","@id":"https:\/\/kiplink-finance.fr\/#website","url":"https:\/\/kiplink-finance.fr\/","name":"Kiplink Finance","description":"","publisher":{"@id":"https:\/\/kiplink-finance.fr\/#organization"},"potentialAction":[{"@type":"SearchAction","target":{"@type":"EntryPoint","urlTemplate":"https:\/\/kiplink-finance.fr\/?s={search_term_string}"},"query-input":{"@type":"PropertyValueSpecification","valueRequired":true,"valueName":"search_term_string"}}],"inLanguage":"fr-FR"},{"@type":"Organization","@id":"https:\/\/kiplink-finance.fr\/#organization","name":"KIPLINK FINANCE","url":"https:\/\/kiplink-finance.fr\/","logo":{"@type":"ImageObject","inLanguage":"fr-FR","@id":"https:\/\/kiplink-finance.fr\/#\/schema\/logo\/image\/","url":"https:\/\/kiplink-finance.fr\/wp-content\/uploads\/2021\/04\/logo-kiplink.png","contentUrl":"https:\/\/kiplink-finance.fr\/wp-content\/uploads\/2021\/04\/logo-kiplink.png","width":158,"height":40,"caption":"KIPLINK FINANCE"},"image":{"@id":"https:\/\/kiplink-finance.fr\/#\/schema\/logo\/image\/"}}]}},"_links":{"self":[{"href":"https:\/\/kiplink-finance.fr\/index.php?rest_route=\/wp\/v2\/pages\/2957","targetHints":{"allow":["GET"]}}],"collection":[{"href":"https:\/\/kiplink-finance.fr\/index.php?rest_route=\/wp\/v2\/pages"}],"about":[{"href":"https:\/\/kiplink-finance.fr\/index.php?rest_route=\/wp\/v2\/types\/page"}],"author":[{"embeddable":true,"href":"https:\/\/kiplink-finance.fr\/index.php?rest_route=\/wp\/v2\/users\/1"}],"replies":[{"embeddable":true,"href":"https:\/\/kiplink-finance.fr\/index.php?rest_route=%2Fwp%2Fv2%2Fcomments&post=2957"}],"version-history":[{"count":16,"href":"https:\/\/kiplink-finance.fr\/index.php?rest_route=\/wp\/v2\/pages\/2957\/revisions"}],"predecessor-version":[{"id":5034,"href":"https:\/\/kiplink-finance.fr\/index.php?rest_route=\/wp\/v2\/pages\/2957\/revisions\/5034"}],"wp:attachment":[{"href":"https:\/\/kiplink-finance.fr\/index.php?rest_route=%2Fwp%2Fv2%2Fmedia&parent=2957"}],"curies":[{"name":"wp","href":"https:\/\/api.w.org\/{rel}","templated":true}]}}