{"id":2945,"date":"2021-10-15T09:47:22","date_gmt":"2021-10-15T07:47:22","guid":{"rendered":"https:\/\/kip.choriandre.fr\/?page_id=2945"},"modified":"2024-10-04T09:39:30","modified_gmt":"2024-10-04T07:39:30","slug":"franklin-pichard","status":"publish","type":"page","link":"https:\/\/kiplink-finance.fr\/?page_id=2945","title":{"rendered":"Franklin Pichard"},"content":{"rendered":"<p><section class=\"kc-elm kc-css-127369 kc_row\"><div class=\"kc-row-container  kc-container\"><div class=\"kc-wrap-columns\"><div class=\"kc-elm kc-css-19808 kc_col-sm-12 kc_column kc_col-sm-12\"><div class=\"kc-col-container\"><div class=\"kc-elm kc-css-477130 kc-raw-code\"><a href=\"http:\/\/kip.choriandre.fr\/?page_id=189#team1\"><i class=\"fas fa-long-arrow-alt-left icone-retour\">   retour  \u00e0 l'\u00e9quipe<\/i><\/a><\/div><\/div><\/div><\/div><\/div><\/section><section class=\"kc-elm kc-css-155487 kc_row\"><div class=\"kc-row-container  kc-container\"><div class=\"kc-wrap-columns\"><div class=\"kc-elm kc-css-906674 kc_col-sm-6 kc_column kc_col-sm-6\"><div class=\"kc-col-container\"><div class=\"kc-elm kc-css-370322 kc_shortcode kc_single_image\">\n\n        <img decoding=\"async\" src=\"https:\/\/kiplink-finance.fr\/wp-content\/uploads\/2021\/10\/RE-KIPLINK_0253-1-Franklin-Pichard-400x600xc.jpg\" class=\"\" alt=\"\" \/>    <\/div>\n<\/div><\/div><div class=\"kc-elm kc-css-296497 kc_col-sm-6 kc_column kc_col-sm-6\"><div class=\"kc-col-container\"><div class=\"kc-elm kc-css-981485 kc_text_block\"><\/p>\n<h2 class=\"text_blue\">Franklin Pichard<\/h2<\/h2>\n<p>\n<\/div><div class=\"kc-elm kc-css-214591 kc_text_block\"><\/p>\n<h3>Directeur de la Recherche<\/h3>\n<p>\n<\/div><div class=\"kc-elm kc-css-547943 kc_text_block\"><\/p>\n<p>Franklin rejoint Kiplink Finance en 2017. <br \/>Il dispose d\u2019une exp\u00e9rience de 40 ann\u00e9es au service des m\u00e9tiers de la gestion de portefeuilles, exerc\u00e9es dans les \u00e9tablissements tels que Barclays Bank, Paluel-Marmont Banque, Union des Banques \u00e0 Paris, Rothschild. <br \/>Il intervient chaque semaine sur les plateaux des m\u00e9dias financiers (BFM Business et B Smart).<\/p>\n<p>Franklin est titulaire d\u2019une licence de Droit \u00e0 l\u2019Universit\u00e9 Paris X Sceaux.<\/p>\n<p>\n<\/div><div class=\"kc-elm kc-css-903297 kc-raw-code\"><div class=\"divCenterIcone\">\r\n\t\t\t\t\t<a href=\"mailto:contact@kiplink-finance.fr\">\t\t\t\t\t\r\n\t\t\t\t\t\t<i class=\"sl-envolope\"><\/i>\r\n\t\t\t\t\t<\/a>\r\n\t\t\t\t\t<a href=\"https:\/\/www.linkedin.com\/in\/franklin-pichard-ba475344\/\">\r\n\t\t\t\t\t\t<i class=\"sl-social-linkedin\"><\/i>\r\n\t\t\t\t\t<\/a>\r\n\t\t\t\t<\/div><\/div><\/div><\/div><\/div><\/div><\/section><\/p>\n","protected":false},"excerpt":{"rendered":"","protected":false},"author":1,"featured_media":0,"parent":0,"menu_order":0,"comment_status":"closed","ping_status":"closed","template":"","meta":{"footnotes":""},"class_list":["post-2945","page","type-page","status-publish","hentry"],"yoast_head":"<!-- This site is optimized with the Yoast SEO plugin v27.5 - https:\/\/yoast.com\/product\/yoast-seo-wordpress\/ -->\n<title>Franklin Pichard | Kiplink Finance<\/title>\n<meta name=\"robots\" content=\"index, follow, max-snippet:-1, max-image-preview:large, max-video-preview:-1\" \/>\n<link rel=\"canonical\" href=\"https:\/\/kiplink-finance.fr\/?page_id=2945\" \/>\n<meta property=\"og:locale\" content=\"fr_FR\" \/>\n<meta property=\"og:type\" content=\"article\" \/>\n<meta property=\"og:title\" content=\"Franklin Pichard | Kiplink Finance\" \/>\n<meta property=\"og:description\" content=\"retour \u00e0 l&rsquo;\u00e9quipe Franklin Pichard\" \/>\n<meta property=\"og:url\" content=\"https:\/\/kiplink-finance.fr\/?page_id=2945\" \/>\n<meta property=\"og:site_name\" content=\"Kiplink Finance\" \/>\n<meta property=\"article:modified_time\" content=\"2024-10-04T07:39:30+00:00\" \/>\n<meta property=\"og:image\" content=\"https:\/\/kiplink-finance.fr\/wp-content\/uploads\/2021\/10\/RE-KIPLINK_0253-1-Franklin-Pichard-400x600xc.jpg\" \/>\n<meta name=\"twitter:card\" content=\"summary_large_image\" \/>\n<script type=\"application\/ld+json\" class=\"yoast-schema-graph\">{\"@context\":\"https:\\\/\\\/schema.org\",\"@graph\":[{\"@type\":\"WebPage\",\"@id\":\"https:\\\/\\\/kiplink-finance.fr\\\/?page_id=2945\",\"url\":\"https:\\\/\\\/kiplink-finance.fr\\\/?page_id=2945\",\"name\":\"Franklin Pichard | Kiplink Finance\",\"isPartOf\":{\"@id\":\"https:\\\/\\\/kiplink-finance.fr\\\/#website\"},\"primaryImageOfPage\":{\"@id\":\"https:\\\/\\\/kiplink-finance.fr\\\/?page_id=2945#primaryimage\"},\"image\":{\"@id\":\"https:\\\/\\\/kiplink-finance.fr\\\/?page_id=2945#primaryimage\"},\"thumbnailUrl\":\"https:\\\/\\\/kiplink-finance.fr\\\/wp-content\\\/uploads\\\/2021\\\/10\\\/RE-KIPLINK_0253-1-Franklin-Pichard-400x600xc.jpg\",\"datePublished\":\"2021-10-15T07:47:22+00:00\",\"dateModified\":\"2024-10-04T07:39:30+00:00\",\"breadcrumb\":{\"@id\":\"https:\\\/\\\/kiplink-finance.fr\\\/?page_id=2945#breadcrumb\"},\"inLanguage\":\"fr-FR\",\"potentialAction\":[{\"@type\":\"ReadAction\",\"target\":[\"https:\\\/\\\/kiplink-finance.fr\\\/?page_id=2945\"]}]},{\"@type\":\"ImageObject\",\"inLanguage\":\"fr-FR\",\"@id\":\"https:\\\/\\\/kiplink-finance.fr\\\/?page_id=2945#primaryimage\",\"url\":\"https:\\\/\\\/kiplink-finance.fr\\\/wp-content\\\/uploads\\\/2021\\\/10\\\/RE-KIPLINK_0253-1-Franklin-Pichard-400x600xc.jpg\",\"contentUrl\":\"https:\\\/\\\/kiplink-finance.fr\\\/wp-content\\\/uploads\\\/2021\\\/10\\\/RE-KIPLINK_0253-1-Franklin-Pichard-400x600xc.jpg\"},{\"@type\":\"BreadcrumbList\",\"@id\":\"https:\\\/\\\/kiplink-finance.fr\\\/?page_id=2945#breadcrumb\",\"itemListElement\":[{\"@type\":\"ListItem\",\"position\":1,\"name\":\"Accueil\",\"item\":\"https:\\\/\\\/kiplink-finance.fr\\\/\"},{\"@type\":\"ListItem\",\"position\":2,\"name\":\"Franklin Pichard\"}]},{\"@type\":\"WebSite\",\"@id\":\"https:\\\/\\\/kiplink-finance.fr\\\/#website\",\"url\":\"https:\\\/\\\/kiplink-finance.fr\\\/\",\"name\":\"Kiplink Finance\",\"description\":\"\",\"publisher\":{\"@id\":\"https:\\\/\\\/kiplink-finance.fr\\\/#organization\"},\"potentialAction\":[{\"@type\":\"SearchAction\",\"target\":{\"@type\":\"EntryPoint\",\"urlTemplate\":\"https:\\\/\\\/kiplink-finance.fr\\\/?s={search_term_string}\"},\"query-input\":{\"@type\":\"PropertyValueSpecification\",\"valueRequired\":true,\"valueName\":\"search_term_string\"}}],\"inLanguage\":\"fr-FR\"},{\"@type\":\"Organization\",\"@id\":\"https:\\\/\\\/kiplink-finance.fr\\\/#organization\",\"name\":\"KIPLINK FINANCE\",\"url\":\"https:\\\/\\\/kiplink-finance.fr\\\/\",\"logo\":{\"@type\":\"ImageObject\",\"inLanguage\":\"fr-FR\",\"@id\":\"https:\\\/\\\/kiplink-finance.fr\\\/#\\\/schema\\\/logo\\\/image\\\/\",\"url\":\"https:\\\/\\\/kiplink-finance.fr\\\/wp-content\\\/uploads\\\/2021\\\/04\\\/logo-kiplink.png\",\"contentUrl\":\"https:\\\/\\\/kiplink-finance.fr\\\/wp-content\\\/uploads\\\/2021\\\/04\\\/logo-kiplink.png\",\"width\":158,\"height\":40,\"caption\":\"KIPLINK FINANCE\"},\"image\":{\"@id\":\"https:\\\/\\\/kiplink-finance.fr\\\/#\\\/schema\\\/logo\\\/image\\\/\"}}]}<\/script>\n<!-- \/ Yoast SEO plugin. -->","yoast_head_json":{"title":"Franklin Pichard | Kiplink Finance","robots":{"index":"index","follow":"follow","max-snippet":"max-snippet:-1","max-image-preview":"max-image-preview:large","max-video-preview":"max-video-preview:-1"},"canonical":"https:\/\/kiplink-finance.fr\/?page_id=2945","og_locale":"fr_FR","og_type":"article","og_title":"Franklin Pichard | Kiplink Finance","og_description":"retour \u00e0 l&rsquo;\u00e9quipe Franklin Pichard","og_url":"https:\/\/kiplink-finance.fr\/?page_id=2945","og_site_name":"Kiplink Finance","article_modified_time":"2024-10-04T07:39:30+00:00","og_image":[{"url":"https:\/\/kiplink-finance.fr\/wp-content\/uploads\/2021\/10\/RE-KIPLINK_0253-1-Franklin-Pichard-400x600xc.jpg","type":"","width":"","height":""}],"twitter_card":"summary_large_image","schema":{"@context":"https:\/\/schema.org","@graph":[{"@type":"WebPage","@id":"https:\/\/kiplink-finance.fr\/?page_id=2945","url":"https:\/\/kiplink-finance.fr\/?page_id=2945","name":"Franklin Pichard | Kiplink Finance","isPartOf":{"@id":"https:\/\/kiplink-finance.fr\/#website"},"primaryImageOfPage":{"@id":"https:\/\/kiplink-finance.fr\/?page_id=2945#primaryimage"},"image":{"@id":"https:\/\/kiplink-finance.fr\/?page_id=2945#primaryimage"},"thumbnailUrl":"https:\/\/kiplink-finance.fr\/wp-content\/uploads\/2021\/10\/RE-KIPLINK_0253-1-Franklin-Pichard-400x600xc.jpg","datePublished":"2021-10-15T07:47:22+00:00","dateModified":"2024-10-04T07:39:30+00:00","breadcrumb":{"@id":"https:\/\/kiplink-finance.fr\/?page_id=2945#breadcrumb"},"inLanguage":"fr-FR","potentialAction":[{"@type":"ReadAction","target":["https:\/\/kiplink-finance.fr\/?page_id=2945"]}]},{"@type":"ImageObject","inLanguage":"fr-FR","@id":"https:\/\/kiplink-finance.fr\/?page_id=2945#primaryimage","url":"https:\/\/kiplink-finance.fr\/wp-content\/uploads\/2021\/10\/RE-KIPLINK_0253-1-Franklin-Pichard-400x600xc.jpg","contentUrl":"https:\/\/kiplink-finance.fr\/wp-content\/uploads\/2021\/10\/RE-KIPLINK_0253-1-Franklin-Pichard-400x600xc.jpg"},{"@type":"BreadcrumbList","@id":"https:\/\/kiplink-finance.fr\/?page_id=2945#breadcrumb","itemListElement":[{"@type":"ListItem","position":1,"name":"Accueil","item":"https:\/\/kiplink-finance.fr\/"},{"@type":"ListItem","position":2,"name":"Franklin Pichard"}]},{"@type":"WebSite","@id":"https:\/\/kiplink-finance.fr\/#website","url":"https:\/\/kiplink-finance.fr\/","name":"Kiplink Finance","description":"","publisher":{"@id":"https:\/\/kiplink-finance.fr\/#organization"},"potentialAction":[{"@type":"SearchAction","target":{"@type":"EntryPoint","urlTemplate":"https:\/\/kiplink-finance.fr\/?s={search_term_string}"},"query-input":{"@type":"PropertyValueSpecification","valueRequired":true,"valueName":"search_term_string"}}],"inLanguage":"fr-FR"},{"@type":"Organization","@id":"https:\/\/kiplink-finance.fr\/#organization","name":"KIPLINK FINANCE","url":"https:\/\/kiplink-finance.fr\/","logo":{"@type":"ImageObject","inLanguage":"fr-FR","@id":"https:\/\/kiplink-finance.fr\/#\/schema\/logo\/image\/","url":"https:\/\/kiplink-finance.fr\/wp-content\/uploads\/2021\/04\/logo-kiplink.png","contentUrl":"https:\/\/kiplink-finance.fr\/wp-content\/uploads\/2021\/04\/logo-kiplink.png","width":158,"height":40,"caption":"KIPLINK FINANCE"},"image":{"@id":"https:\/\/kiplink-finance.fr\/#\/schema\/logo\/image\/"}}]}},"_links":{"self":[{"href":"https:\/\/kiplink-finance.fr\/index.php?rest_route=\/wp\/v2\/pages\/2945","targetHints":{"allow":["GET"]}}],"collection":[{"href":"https:\/\/kiplink-finance.fr\/index.php?rest_route=\/wp\/v2\/pages"}],"about":[{"href":"https:\/\/kiplink-finance.fr\/index.php?rest_route=\/wp\/v2\/types\/page"}],"author":[{"embeddable":true,"href":"https:\/\/kiplink-finance.fr\/index.php?rest_route=\/wp\/v2\/users\/1"}],"replies":[{"embeddable":true,"href":"https:\/\/kiplink-finance.fr\/index.php?rest_route=%2Fwp%2Fv2%2Fcomments&post=2945"}],"version-history":[{"count":11,"href":"https:\/\/kiplink-finance.fr\/index.php?rest_route=\/wp\/v2\/pages\/2945\/revisions"}],"predecessor-version":[{"id":3051,"href":"https:\/\/kiplink-finance.fr\/index.php?rest_route=\/wp\/v2\/pages\/2945\/revisions\/3051"}],"wp:attachment":[{"href":"https:\/\/kiplink-finance.fr\/index.php?rest_route=%2Fwp%2Fv2%2Fmedia&parent=2945"}],"curies":[{"name":"wp","href":"https:\/\/api.w.org\/{rel}","templated":true}]}}