{"id":2939,"date":"2021-10-15T09:44:13","date_gmt":"2021-10-15T07:44:13","guid":{"rendered":"https:\/\/kip.choriandre.fr\/?page_id=2939"},"modified":"2024-02-28T18:38:52","modified_gmt":"2024-02-28T17:38:52","slug":"marie-frederique-dumont-3","status":"publish","type":"page","link":"https:\/\/kiplink-finance.fr\/?page_id=2939","title":{"rendered":"Marie-Fr\u00e9d\u00e9rique Dumont"},"content":{"rendered":"<p><section class=\"kc-elm kc-css-940524 kc_row\"><div class=\"kc-row-container  kc-container\"><div class=\"kc-wrap-columns\"><div class=\"kc-elm kc-css-545877 kc_col-sm-12 kc_column kc_col-sm-12\"><div class=\"kc-col-container\"><div class=\"kc-elm kc-css-552160 kc-raw-code\"><a href=\"http:\/\/kip.choriandre.fr\/?page_id=189#team1\"><i class=\"fas fa-long-arrow-alt-left icone-retour\">   retour  \u00e0 l'\u00e9quipe<\/i><\/a><\/div><\/div><\/div><\/div><\/div><\/section><section class=\"kc-elm kc-css-910592 kc_row\"><div class=\"kc-row-container  kc-container\"><div class=\"kc-wrap-columns\"><div class=\"kc-elm kc-css-429116 kc_col-sm-6 kc_column kc_col-sm-6\"><div class=\"kc-col-container\"><div class=\"kc-elm kc-css-551048 kc_shortcode kc_single_image\">\n\n        <img decoding=\"async\" src=\"https:\/\/kiplink-finance.fr\/wp-content\/uploads\/2021\/10\/RE-KIPLINK_2232-Marie-Frederique-Dumont-400x600xc.jpg\" class=\"\" alt=\"\" \/>    <\/div>\n<\/div><\/div><div class=\"kc-elm kc-css-475403 kc_col-sm-6 kc_column kc_col-sm-6\"><div class=\"kc-col-container\"><div class=\"kc-elm kc-css-405023 kc_text_block\"><\/p>\n<p><h2 class=\"text_blue\">Marie-Fr\u00e9d\u00e9rique Dumont<\/h2>\n<\/p>\n<p>\n<\/div><div class=\"kc-elm kc-css-259082 kc_text_block\"><\/p>\n<h3>Directrice G\u00e9n\u00e9rale<\/h3>\n<h3>G\u00e9rante de portefeuille et g\u00e9rante OPCVM<\/h3>\n<p>\n<\/div><div class=\"kc-elm kc-css-224425 kc_text_block justifier\"><\/p>\n<p>Marie-Fr\u00e9d\u00e9rique rejoint Kiplink Finance \u00e0 sa cr\u00e9ation en 2004.<\/p>\n<p>Elle poss\u00e8de une exp\u00e9rience de plus de 30 ans en mati\u00e8re de gestion de portefeuille et de gestion d\u2019OPCVM, acquise aupr\u00e8s de grandes institutions financi\u00e8res telles que, PETERCAM et la Banque Bruxelles Lambert (1988-1999) en Belgique, et ING Securities Bank Paris (1999-2004).<\/p>\n<p>Depuis juin 2011, elle est Directrice G\u00e9n\u00e9rale D\u00e9l\u00e9gu\u00e9e de la Soci\u00e9t\u00e9 et exerce les fonctions de G\u00e9rante de portefeuille. Elle g\u00e8re 3 OPC, Kiplink S\u00e9lection, Kiplink Obligations High Yield, Kiplink Investissement Patrimonial.<\/p>\n<p>Marie-Fr\u00e9d\u00e9rique est titulaire d&#039;un dipl\u00f4me en \u00e9conomie politique et en \u00e9conom\u00e9trie de l&#039;Universit\u00e9 de Gen\u00e8ve.<\/p>\n<p>\n<\/div><div class=\"kc-elm kc-css-625282 kc-raw-code\"><div class=\"divCenterIcone\">\r\n\t\t\t\t\t<a href=\"mailto:contact@kiplink-finance.fr\">\t\t\t\t\t\r\n\t\t\t\t\t\t<i class=\"sl-envolope\"><\/i>\r\n\t\t\t\t\t<\/a>\r\n\t\t\t\t\t<a href=\"https:\/\/www.linkedin.com\/in\/marie-fr%C3%A9d%C3%A9rique-dumont-3bbb6812\/\">\r\n\t\t\t\t\t\t<i class=\"sl-social-linkedin\"><\/i>\r\n\t\t\t\t\t<\/a>\r\n\t\t\t\t<\/div><\/div><\/div><\/div><\/div><\/div><\/section><section id=\"team6\" class=\"kc-elm kc-css-448660 kc_row\"><div class=\"kc-row-container  kc-container\"><div class=\"kc-wrap-columns\"><div class=\"kc-elm kc-css-433083 kc_col-sm-4 kc_column kc_col-sm-4\"><div class=\"kc-col-container\"><div class=\"kc-elm kc-css-22479 kc_box_wrap \"><div class=\"divCenterImg\"><div class=\"one-one\"><img decoding=\"async\" src=\"http:\/\/kip.choriandre.fr\/wp-content\/uploads\/2021\/10\/RE-KIPLINK_0771-Irene-Imbert-200x300.jpg\"\/><\/div><\/div><div class=\"text_blue name\"><div class=\"one-one\"><h4 style=\"text-align: center;\"><text>Ir\u00e8ne Imbert<\/text><\/h4><\/div><\/div><p style=\"text-align: center;\"><text>Assistante Middle Office<\/text><\/p><div class=\"divCenterIcone\"><div class=\"one-one\"><a href=\"mailto:iim@kiplink-finance.fr\"><i class=\"sl-envolope\"><\/i><\/a><a href=\"https:\/\/kiplink-finance.fr\/?page_id=3015\"><i id=\"irene-imbert\" class=\"sl-plus\"><\/i><\/a><\/div><\/div><\/div><\/div><\/div><div class=\"kc-elm kc-css-254847 kc_col-sm-4 kc_column kc_col-sm-4\"><div class=\"kc-col-container\"><div class=\"kc-elm kc-css-164608 kc_box_wrap \"><div class=\"divCenterImg\"><div class=\"one-one\"><img decoding=\"async\" src=\"http:\/\/kip.choriandre.fr\/wp-content\/uploads\/2021\/10\/RE-KIPLINK_2406-Leila-Touenti-200x300.jpg\"\/><\/div><\/div><div class=\"text_blue name\"><div class=\"one-one\"><h4 style=\"text-align: center;\"><text>Le\u00efla Touenti<\/text><\/h4><\/div><\/div><p style=\"text-align: center;\"><text>Gestionnaire Middle Office<\/text><\/p><div class=\"divCenterIcone\"><div class=\"one-one\"><a href=\"mailto:lto@kiplink-finance.fr\"><i class=\"sl-envolope\"><\/i><\/a><a href=\"https:\/\/kiplink-finance.fr\/?page_id=3009\"><i id=\"leila-touenti\" class=\"sl-plus\"><\/i><\/a><\/div><\/div><\/div><\/div><\/div><div class=\"kc-elm kc-css-589745 kc_col-sm-4 kc_column kc_col-sm-4\"><div class=\"kc-col-container\"><div class=\"kc-elm kc-css-60847 kc_box_wrap \"><div class=\"divCenterImg\"><div class=\"one-one\"><img decoding=\"async\" src=\"http:\/\/kip.choriandre.fr\/wp-content\/uploads\/2021\/10\/RE-KIPLINK_0095_Joseph-Santos-200x300.jpg\"\/><\/div><\/div><div class=\"text_blue name\"><div class=\"one-one\"><h4 style=\"text-align: center;\"><text>Joseph Santos<\/text><\/h4><\/div><\/div><p style=\"text-align: center;\"><text>Responsable Trading et Back-Office<\/text><\/p><div class=\"divCenterIcone\"><div class=\"one-one\"><a href=\"mailto:jsa@kiplink-finance.fr\"><i class=\"sl-envolope\"><\/i><\/a><a href=\"https:\/\/kiplink-finance.fr\/?page_id=3004\"><i id=\"joseph-santos\" class=\"sl-plus\"><\/i><\/a><\/div><\/div><\/div><\/div><\/div><\/div><\/div><\/section><\/p>\n","protected":false},"excerpt":{"rendered":"","protected":false},"author":1,"featured_media":0,"parent":0,"menu_order":0,"comment_status":"closed","ping_status":"closed","template":"","meta":{"footnotes":""},"class_list":["post-2939","page","type-page","status-publish","hentry"],"yoast_head":"<!-- This site is optimized with the Yoast SEO plugin v27.5 - https:\/\/yoast.com\/product\/yoast-seo-wordpress\/ -->\n<title>Marie-Fr\u00e9d\u00e9rique Dumont | Kiplink Finance<\/title>\n<meta name=\"robots\" content=\"index, follow, max-snippet:-1, max-image-preview:large, max-video-preview:-1\" \/>\n<link rel=\"canonical\" href=\"https:\/\/kiplink-finance.fr\/?page_id=2939\" \/>\n<meta property=\"og:locale\" content=\"fr_FR\" \/>\n<meta property=\"og:type\" content=\"article\" \/>\n<meta property=\"og:title\" content=\"Marie-Fr\u00e9d\u00e9rique Dumont | Kiplink Finance\" \/>\n<meta property=\"og:description\" content=\"retour \u00e0 l&rsquo;\u00e9quipe Marie-Fr\u00e9d\u00e9rique Dumont Directrice G\u00e9n\u00e9rale G\u00e9rante de portefeuille et g\u00e9rante OPCVM Marie-Fr\u00e9d\u00e9rique rejoint Kiplink Finance \u00e0 sa cr\u00e9ation en 2004. Elle poss\u00e8de une exp\u00e9rience de plus de 30 ans en mati\u00e8re de gestion de portefeuille et de gestion d\u2019OPCVM, acquise aupr\u00e8s de grandes institutions financi\u00e8res telles que, PETERCAM et la Banque Bruxelles Lambert [&hellip;]\" \/>\n<meta property=\"og:url\" content=\"https:\/\/kiplink-finance.fr\/?page_id=2939\" \/>\n<meta property=\"og:site_name\" content=\"Kiplink Finance\" \/>\n<meta property=\"article:modified_time\" content=\"2024-02-28T17:38:52+00:00\" \/>\n<meta property=\"og:image\" content=\"https:\/\/kiplink-finance.fr\/wp-content\/uploads\/2021\/10\/RE-KIPLINK_2232-Marie-Frederique-Dumont-400x600xc.jpg\" \/>\n<meta name=\"twitter:card\" content=\"summary_large_image\" \/>\n<meta name=\"twitter:label1\" content=\"Dur\u00e9e de lecture estim\u00e9e\" \/>\n\t<meta name=\"twitter:data1\" content=\"1 minute\" \/>\n<script type=\"application\/ld+json\" class=\"yoast-schema-graph\">{\"@context\":\"https:\\\/\\\/schema.org\",\"@graph\":[{\"@type\":\"WebPage\",\"@id\":\"https:\\\/\\\/kiplink-finance.fr\\\/?page_id=2939\",\"url\":\"https:\\\/\\\/kiplink-finance.fr\\\/?page_id=2939\",\"name\":\"Marie-Fr\u00e9d\u00e9rique Dumont | Kiplink Finance\",\"isPartOf\":{\"@id\":\"https:\\\/\\\/kiplink-finance.fr\\\/#website\"},\"primaryImageOfPage\":{\"@id\":\"https:\\\/\\\/kiplink-finance.fr\\\/?page_id=2939#primaryimage\"},\"image\":{\"@id\":\"https:\\\/\\\/kiplink-finance.fr\\\/?page_id=2939#primaryimage\"},\"thumbnailUrl\":\"https:\\\/\\\/kiplink-finance.fr\\\/wp-content\\\/uploads\\\/2021\\\/10\\\/RE-KIPLINK_2232-Marie-Frederique-Dumont-400x600xc.jpg\",\"datePublished\":\"2021-10-15T07:44:13+00:00\",\"dateModified\":\"2024-02-28T17:38:52+00:00\",\"breadcrumb\":{\"@id\":\"https:\\\/\\\/kiplink-finance.fr\\\/?page_id=2939#breadcrumb\"},\"inLanguage\":\"fr-FR\",\"potentialAction\":[{\"@type\":\"ReadAction\",\"target\":[\"https:\\\/\\\/kiplink-finance.fr\\\/?page_id=2939\"]}]},{\"@type\":\"ImageObject\",\"inLanguage\":\"fr-FR\",\"@id\":\"https:\\\/\\\/kiplink-finance.fr\\\/?page_id=2939#primaryimage\",\"url\":\"https:\\\/\\\/kiplink-finance.fr\\\/wp-content\\\/uploads\\\/2021\\\/10\\\/RE-KIPLINK_2232-Marie-Frederique-Dumont-400x600xc.jpg\",\"contentUrl\":\"https:\\\/\\\/kiplink-finance.fr\\\/wp-content\\\/uploads\\\/2021\\\/10\\\/RE-KIPLINK_2232-Marie-Frederique-Dumont-400x600xc.jpg\"},{\"@type\":\"BreadcrumbList\",\"@id\":\"https:\\\/\\\/kiplink-finance.fr\\\/?page_id=2939#breadcrumb\",\"itemListElement\":[{\"@type\":\"ListItem\",\"position\":1,\"name\":\"Accueil\",\"item\":\"https:\\\/\\\/kiplink-finance.fr\\\/\"},{\"@type\":\"ListItem\",\"position\":2,\"name\":\"Marie-Fr\u00e9d\u00e9rique Dumont\"}]},{\"@type\":\"WebSite\",\"@id\":\"https:\\\/\\\/kiplink-finance.fr\\\/#website\",\"url\":\"https:\\\/\\\/kiplink-finance.fr\\\/\",\"name\":\"Kiplink Finance\",\"description\":\"\",\"publisher\":{\"@id\":\"https:\\\/\\\/kiplink-finance.fr\\\/#organization\"},\"potentialAction\":[{\"@type\":\"SearchAction\",\"target\":{\"@type\":\"EntryPoint\",\"urlTemplate\":\"https:\\\/\\\/kiplink-finance.fr\\\/?s={search_term_string}\"},\"query-input\":{\"@type\":\"PropertyValueSpecification\",\"valueRequired\":true,\"valueName\":\"search_term_string\"}}],\"inLanguage\":\"fr-FR\"},{\"@type\":\"Organization\",\"@id\":\"https:\\\/\\\/kiplink-finance.fr\\\/#organization\",\"name\":\"KIPLINK FINANCE\",\"url\":\"https:\\\/\\\/kiplink-finance.fr\\\/\",\"logo\":{\"@type\":\"ImageObject\",\"inLanguage\":\"fr-FR\",\"@id\":\"https:\\\/\\\/kiplink-finance.fr\\\/#\\\/schema\\\/logo\\\/image\\\/\",\"url\":\"https:\\\/\\\/kiplink-finance.fr\\\/wp-content\\\/uploads\\\/2021\\\/04\\\/logo-kiplink.png\",\"contentUrl\":\"https:\\\/\\\/kiplink-finance.fr\\\/wp-content\\\/uploads\\\/2021\\\/04\\\/logo-kiplink.png\",\"width\":158,\"height\":40,\"caption\":\"KIPLINK FINANCE\"},\"image\":{\"@id\":\"https:\\\/\\\/kiplink-finance.fr\\\/#\\\/schema\\\/logo\\\/image\\\/\"}}]}<\/script>\n<!-- \/ Yoast SEO plugin. -->","yoast_head_json":{"title":"Marie-Fr\u00e9d\u00e9rique Dumont | Kiplink Finance","robots":{"index":"index","follow":"follow","max-snippet":"max-snippet:-1","max-image-preview":"max-image-preview:large","max-video-preview":"max-video-preview:-1"},"canonical":"https:\/\/kiplink-finance.fr\/?page_id=2939","og_locale":"fr_FR","og_type":"article","og_title":"Marie-Fr\u00e9d\u00e9rique Dumont | Kiplink Finance","og_description":"retour \u00e0 l&rsquo;\u00e9quipe Marie-Fr\u00e9d\u00e9rique Dumont Directrice G\u00e9n\u00e9rale G\u00e9rante de portefeuille et g\u00e9rante OPCVM Marie-Fr\u00e9d\u00e9rique rejoint Kiplink Finance \u00e0 sa cr\u00e9ation en 2004. Elle poss\u00e8de une exp\u00e9rience de plus de 30 ans en mati\u00e8re de gestion de portefeuille et de gestion d\u2019OPCVM, acquise aupr\u00e8s de grandes institutions financi\u00e8res telles que, PETERCAM et la Banque Bruxelles Lambert [&hellip;]","og_url":"https:\/\/kiplink-finance.fr\/?page_id=2939","og_site_name":"Kiplink Finance","article_modified_time":"2024-02-28T17:38:52+00:00","og_image":[{"url":"https:\/\/kiplink-finance.fr\/wp-content\/uploads\/2021\/10\/RE-KIPLINK_2232-Marie-Frederique-Dumont-400x600xc.jpg","type":"","width":"","height":""}],"twitter_card":"summary_large_image","twitter_misc":{"Dur\u00e9e de lecture estim\u00e9e":"1 minute"},"schema":{"@context":"https:\/\/schema.org","@graph":[{"@type":"WebPage","@id":"https:\/\/kiplink-finance.fr\/?page_id=2939","url":"https:\/\/kiplink-finance.fr\/?page_id=2939","name":"Marie-Fr\u00e9d\u00e9rique Dumont | Kiplink Finance","isPartOf":{"@id":"https:\/\/kiplink-finance.fr\/#website"},"primaryImageOfPage":{"@id":"https:\/\/kiplink-finance.fr\/?page_id=2939#primaryimage"},"image":{"@id":"https:\/\/kiplink-finance.fr\/?page_id=2939#primaryimage"},"thumbnailUrl":"https:\/\/kiplink-finance.fr\/wp-content\/uploads\/2021\/10\/RE-KIPLINK_2232-Marie-Frederique-Dumont-400x600xc.jpg","datePublished":"2021-10-15T07:44:13+00:00","dateModified":"2024-02-28T17:38:52+00:00","breadcrumb":{"@id":"https:\/\/kiplink-finance.fr\/?page_id=2939#breadcrumb"},"inLanguage":"fr-FR","potentialAction":[{"@type":"ReadAction","target":["https:\/\/kiplink-finance.fr\/?page_id=2939"]}]},{"@type":"ImageObject","inLanguage":"fr-FR","@id":"https:\/\/kiplink-finance.fr\/?page_id=2939#primaryimage","url":"https:\/\/kiplink-finance.fr\/wp-content\/uploads\/2021\/10\/RE-KIPLINK_2232-Marie-Frederique-Dumont-400x600xc.jpg","contentUrl":"https:\/\/kiplink-finance.fr\/wp-content\/uploads\/2021\/10\/RE-KIPLINK_2232-Marie-Frederique-Dumont-400x600xc.jpg"},{"@type":"BreadcrumbList","@id":"https:\/\/kiplink-finance.fr\/?page_id=2939#breadcrumb","itemListElement":[{"@type":"ListItem","position":1,"name":"Accueil","item":"https:\/\/kiplink-finance.fr\/"},{"@type":"ListItem","position":2,"name":"Marie-Fr\u00e9d\u00e9rique Dumont"}]},{"@type":"WebSite","@id":"https:\/\/kiplink-finance.fr\/#website","url":"https:\/\/kiplink-finance.fr\/","name":"Kiplink Finance","description":"","publisher":{"@id":"https:\/\/kiplink-finance.fr\/#organization"},"potentialAction":[{"@type":"SearchAction","target":{"@type":"EntryPoint","urlTemplate":"https:\/\/kiplink-finance.fr\/?s={search_term_string}"},"query-input":{"@type":"PropertyValueSpecification","valueRequired":true,"valueName":"search_term_string"}}],"inLanguage":"fr-FR"},{"@type":"Organization","@id":"https:\/\/kiplink-finance.fr\/#organization","name":"KIPLINK FINANCE","url":"https:\/\/kiplink-finance.fr\/","logo":{"@type":"ImageObject","inLanguage":"fr-FR","@id":"https:\/\/kiplink-finance.fr\/#\/schema\/logo\/image\/","url":"https:\/\/kiplink-finance.fr\/wp-content\/uploads\/2021\/04\/logo-kiplink.png","contentUrl":"https:\/\/kiplink-finance.fr\/wp-content\/uploads\/2021\/04\/logo-kiplink.png","width":158,"height":40,"caption":"KIPLINK FINANCE"},"image":{"@id":"https:\/\/kiplink-finance.fr\/#\/schema\/logo\/image\/"}}]}},"_links":{"self":[{"href":"https:\/\/kiplink-finance.fr\/index.php?rest_route=\/wp\/v2\/pages\/2939","targetHints":{"allow":["GET"]}}],"collection":[{"href":"https:\/\/kiplink-finance.fr\/index.php?rest_route=\/wp\/v2\/pages"}],"about":[{"href":"https:\/\/kiplink-finance.fr\/index.php?rest_route=\/wp\/v2\/types\/page"}],"author":[{"embeddable":true,"href":"https:\/\/kiplink-finance.fr\/index.php?rest_route=\/wp\/v2\/users\/1"}],"replies":[{"embeddable":true,"href":"https:\/\/kiplink-finance.fr\/index.php?rest_route=%2Fwp%2Fv2%2Fcomments&post=2939"}],"version-history":[{"count":10,"href":"https:\/\/kiplink-finance.fr\/index.php?rest_route=\/wp\/v2\/pages\/2939\/revisions"}],"predecessor-version":[{"id":4785,"href":"https:\/\/kiplink-finance.fr\/index.php?rest_route=\/wp\/v2\/pages\/2939\/revisions\/4785"}],"wp:attachment":[{"href":"https:\/\/kiplink-finance.fr\/index.php?rest_route=%2Fwp%2Fv2%2Fmedia&parent=2939"}],"curies":[{"name":"wp","href":"https:\/\/api.w.org\/{rel}","templated":true}]}}