{"id":289,"date":"2021-04-12T16:42:00","date_gmt":"2021-04-12T14:42:00","guid":{"rendered":"http:\/\/kip.choriandre.fr\/?page_id=289"},"modified":"2021-12-13T15:47:54","modified_gmt":"2021-12-13T14:47:54","slug":"partenaires","status":"publish","type":"page","link":"https:\/\/kiplink-finance.fr\/?page_id=289","title":{"rendered":"Partenaires"},"content":{"rendered":"<p><section class=\"kc-elm kc-css-900529 kc_row\"><div class=\"kc-row-container  kc-container\"><div class=\"kc-wrap-columns\"><div class=\"kc-elm kc-css-601627 kc_col-sm-12 kc_column kc_col-sm-12\"><div class=\"kc-col-container\">\n<div class=\"kc-elm kc-css-778119 kc-title-wrap \">\n\n\t<h1 class=\"kc_title\">Nos partenaires de r\u00e9f\u00e9rence <\/h1>\n<\/div>\n<\/div><\/div><\/div><\/div><\/section><section id=\"rowPartner\" class=\"kc-elm kc-css-746000 kc_row\"><div class=\"kc-row-container  kc-container\"><div class=\"kc-wrap-columns\"><div class=\"kc-elm kc-css-506198 kc_col-sm-4 kc_column kc_col-sm-4\"><div class=\"kc-col-container\"><div class=\"kc-elm kc-css-596877 kc_text_block\"><\/p>\n<h4 class=\"text_blue\" style=\"text-align: center;\">Banques d\u00e9positaires<\/h4>\n<p>\n<\/div>\n<div class=\"kc-elm kc-css-160622 divider_line\">\n\t<div class=\"divider_inner divider_line2\">\n\t\t<i class=\"sl-home\"><\/i>\t<\/div>\n<\/div>\n<div class=\"kc-elm kc-css-129799 kc_text_block grey-content bg-grey\"><\/p>\n<p>Les avoirs de nos clients sont d\u00e9pos\u00e9s aupr\u00e8s de CIC Market Solutions (CIC) en France, Banque de Luxembourg, Banque Internationale \u00e0 Luxembourg (BIL). Cette liste peut \u00eatre \u00e9largie selon les besoins de notre client\u00e8le.<\/p>\n<p>\n<\/div><\/div><\/div><div class=\"kc-elm kc-css-310324 kc_col-sm-4 kc_column kc_col-sm-4\"><div class=\"kc-col-container\"><div class=\"kc-elm kc-css-424595 kc_text_block\"><\/p>\n<h4 class=\"text_blue\" style=\"text-align: center;\">Assureurs<\/h4>\n<p>\n<\/div>\n<div class=\"kc-elm kc-css-286183 divider_line\">\n\t<div class=\"divider_inner divider_line2\">\n\t\t<i class=\"sl-badge\"><\/i>\t<\/div>\n<\/div>\n<div class=\"kc-elm kc-css-46460 kc_text_block grey-content bg-grey\"><\/p>\n<p>Nous travaillons principalement avec les compagnies Wealins, Natixis Life, Swiss Life, Axa Wealth Management, Axa Wealth Europe, AG2R La mondiale, Lombard International Assurance.<\/p>\n<p>\n<\/div><\/div><\/div><div class=\"kc-elm kc-css-94442 kc_col-sm-4 kc_column kc_col-sm-4\"><div class=\"kc-col-container\"><div class=\"kc-elm kc-css-755602 kc_text_block\"><\/p>\n<h4 class=\"text_blue\" style=\"text-align: center;\">Interm\u00e9diaires de march\u00e9<\/h4>\n<p>\n<\/div>\n<div class=\"kc-elm kc-css-964468 divider_line\">\n\t<div class=\"divider_inner divider_line2\">\n\t\t<i class=\"et-linegraph\"><\/i>\t<\/div>\n<\/div>\n<div class=\"kc-elm kc-css-908676 kc_text_block grey-content bg-grey\"><\/p>\n<p>CIC Market Solutions, Louis Capital Market, Oddo, Kepler Chevreux, sur les march\u00e9s actions.<\/p>\n<p><span style=\"font-style: inherit;\">CIC Market Solutions, Oddo, Octo Finance, Carax sur les march\u00e9s primaires et secondaires obligataires.<\/span><\/p>\n<p>\n<\/div><\/div><\/div><\/div><\/div><\/section><section class=\"kc-elm kc-css-424600 kc_row\"><div class=\"kc-row-container  kc-container\"><div class=\"kc-wrap-columns\"><div class=\"kc-elm kc-css-703188 kc_col-sm-12 kc_column kc_col-sm-12\"><div class=\"kc-col-container\"><div class=\"kc-elm kc-css-766438\">\n\t<div class=\"kc-carousel_images kc-elm kc-css-766438\">\n\t\n\t\t<div class=\"kc-carousel-images owl-carousel-images kc-sync1 \" data-owl-i-options='{\"items\":\"4\",\"tablet\":\"2\",\"mobile\":\"1\",\"speed\":\"333\",\"navigation\":\"\",\"pagination\":\"yes\",\"autoheight\":\"\",\"progressbar\":\"\",\"delay\":\"3\",\"autoplay\":\"yes\",\"showthumb\":\"\",\"num_thumb\":\"5\"}'>\n\t\n\t\t\t\t\t<div class=\"item\">\n\t\n\t\t\t\t\t\t\t<img decoding=\"async\" src=\"https:\/\/kiplink-finance.fr\/wp-content\/uploads\/2021\/06\/nortia.png\"  alt=\"\"\/>\n\t\n\t\t\t\t\n\t\t\t<\/div>\n\t\n\t\t\t\t\t<div class=\"item\">\n\t\n\t\t\t\t\t\t\t<img decoding=\"async\" src=\"https:\/\/kiplink-finance.fr\/wp-content\/uploads\/2021\/04\/CIC_MS-1-185x119-1.png\"  alt=\"\"\/>\n\t\n\t\t\t\t\n\t\t\t<\/div>\n\t\n\t\t\t\t\t<div class=\"item\">\n\t\n\t\t\t\t\t\t\t<img decoding=\"async\" src=\"https:\/\/kiplink-finance.fr\/wp-content\/uploads\/2021\/12\/Logo-BIL.png\"  alt=\"\"\/>\n\t\n\t\t\t\t\n\t\t\t<\/div>\n\t\n\t\t\t\t\t<div class=\"item\">\n\t\n\t\t\t\t\t\t\t<img decoding=\"async\" src=\"https:\/\/kiplink-finance.fr\/wp-content\/uploads\/2021\/04\/CreditMutuelLogo.png\"  alt=\"\"\/>\n\t\n\t\t\t\t\n\t\t\t<\/div>\n\t\n\t\t\t\t\t<div class=\"item\">\n\t\n\t\t\t\t\t\t\t<img decoding=\"async\" src=\"https:\/\/kiplink-finance.fr\/wp-content\/uploads\/2021\/04\/wealins-foyer-logo.png\"  alt=\"\"\/>\n\t\n\t\t\t\t\n\t\t\t<\/div>\n\t\n\t\t\t\t\t<div class=\"item\">\n\t\n\t\t\t\t\t\t\t<img decoding=\"async\" src=\"https:\/\/kiplink-finance.fr\/wp-content\/uploads\/2021\/04\/43_AXA-185x119-1.png\"  alt=\"\"\/>\n\t\n\t\t\t\t\n\t\t\t<\/div>\n\t\n\t\t\t\t\t<div class=\"item\">\n\t\n\t\t\t\t\t\t\t<img decoding=\"async\" src=\"https:\/\/kiplink-finance.fr\/wp-content\/uploads\/2021\/04\/23_SWI-1-185x119-1.png\"  alt=\"\"\/>\n\t\n\t\t\t\t\n\t\t\t<\/div>\n\t\n\t\t\t\t\t<div class=\"item\">\n\t\n\t\t\t\t\t\t\t<img decoding=\"async\" src=\"https:\/\/kiplink-finance.fr\/wp-content\/uploads\/2021\/04\/22_ALZ-185x119-1.png\"  alt=\"\"\/>\n\t\n\t\t\t\t\n\t\t\t<\/div>\n\t\n\t\t\t\t\t<div class=\"item\">\n\t\n\t\t\t\t\t\t\t<img decoding=\"async\" src=\"https:\/\/kiplink-finance.fr\/wp-content\/uploads\/2021\/04\/21_AG2-185x119-1.png\"  alt=\"\"\/>\n\t\n\t\t\t\t\n\t\t\t<\/div>\n\t\n\t\t\t\t\t<div class=\"item\">\n\t\n\t\t\t\t\t\t\t<img decoding=\"async\" src=\"https:\/\/kiplink-finance.fr\/wp-content\/uploads\/2021\/04\/13_BDL-185x119-1.png\"  alt=\"\"\/>\n\t\n\t\t\t\t\n\t\t\t<\/div>\n\t\n\t\t\t\t\t<div class=\"item\">\n\t\n\t\t\t\t\t\t\t<img decoding=\"async\" src=\"https:\/\/kiplink-finance.fr\/wp-content\/uploads\/2021\/04\/10_NEU-185x119-1.png\"  alt=\"\"\/>\n\t\n\t\t\t\t\n\t\t\t<\/div>\n\t\n\t\t\t\n\t\t<\/div>\n\t\n\t\t\t<\/div>\n<\/div>\n<\/div><\/div><\/div><\/div><\/section><\/p>\n","protected":false},"excerpt":{"rendered":"","protected":false},"author":1,"featured_media":0,"parent":0,"menu_order":0,"comment_status":"closed","ping_status":"closed","template":"","meta":{"footnotes":""},"class_list":["post-289","page","type-page","status-publish","hentry"],"yoast_head":"<!-- This site is optimized with the Yoast SEO plugin v27.4 - https:\/\/yoast.com\/product\/yoast-seo-wordpress\/ -->\n<title>Partenaires | Kiplink Finance<\/title>\n<meta name=\"robots\" content=\"index, follow, max-snippet:-1, max-image-preview:large, max-video-preview:-1\" \/>\n<link rel=\"canonical\" href=\"https:\/\/kiplink-finance.fr\/?page_id=289\" \/>\n<meta property=\"og:locale\" content=\"fr_FR\" \/>\n<meta property=\"og:type\" content=\"article\" \/>\n<meta property=\"og:title\" content=\"Partenaires | Kiplink Finance\" \/>\n<meta property=\"og:description\" content=\"Nos partenaires de r\u00e9f\u00e9rence Banques d\u00e9positaires Les avoirs de nos clients sont d\u00e9pos\u00e9s aupr\u00e8s de CIC Market Solutions (CIC) en France, Banque de Luxembourg, Banque Internationale \u00e0 Luxembourg (BIL). Cette liste peut \u00eatre \u00e9largie selon les besoins de notre client\u00e8le. Assureurs Nous travaillons principalement avec les compagnies Wealins, Natixis Life, Swiss Life, Axa Wealth Management, [&hellip;]\" \/>\n<meta property=\"og:url\" content=\"https:\/\/kiplink-finance.fr\/?page_id=289\" \/>\n<meta property=\"og:site_name\" content=\"Kiplink Finance\" \/>\n<meta property=\"article:modified_time\" content=\"2021-12-13T14:47:54+00:00\" \/>\n<meta property=\"og:image\" content=\"https:\/\/www.kip.choriandre.fr\/wp-content\/uploads\/2021\/06\/nortia.png\" \/>\n<meta name=\"twitter:card\" content=\"summary_large_image\" \/>\n<meta name=\"twitter:label1\" content=\"Dur\u00e9e de lecture estim\u00e9e\" \/>\n\t<meta name=\"twitter:data1\" content=\"1 minute\" \/>\n<script type=\"application\/ld+json\" class=\"yoast-schema-graph\">{\"@context\":\"https:\\\/\\\/schema.org\",\"@graph\":[{\"@type\":\"WebPage\",\"@id\":\"https:\\\/\\\/kiplink-finance.fr\\\/?page_id=289\",\"url\":\"https:\\\/\\\/kiplink-finance.fr\\\/?page_id=289\",\"name\":\"Partenaires | Kiplink Finance\",\"isPartOf\":{\"@id\":\"https:\\\/\\\/kiplink-finance.fr\\\/#website\"},\"primaryImageOfPage\":{\"@id\":\"https:\\\/\\\/kiplink-finance.fr\\\/?page_id=289#primaryimage\"},\"image\":{\"@id\":\"https:\\\/\\\/kiplink-finance.fr\\\/?page_id=289#primaryimage\"},\"thumbnailUrl\":\"https:\\\/\\\/www.kip.choriandre.fr\\\/wp-content\\\/uploads\\\/2021\\\/06\\\/nortia.png\",\"datePublished\":\"2021-04-12T14:42:00+00:00\",\"dateModified\":\"2021-12-13T14:47:54+00:00\",\"breadcrumb\":{\"@id\":\"https:\\\/\\\/kiplink-finance.fr\\\/?page_id=289#breadcrumb\"},\"inLanguage\":\"fr-FR\",\"potentialAction\":[{\"@type\":\"ReadAction\",\"target\":[\"https:\\\/\\\/kiplink-finance.fr\\\/?page_id=289\"]}]},{\"@type\":\"ImageObject\",\"inLanguage\":\"fr-FR\",\"@id\":\"https:\\\/\\\/kiplink-finance.fr\\\/?page_id=289#primaryimage\",\"url\":\"https:\\\/\\\/www.kip.choriandre.fr\\\/wp-content\\\/uploads\\\/2021\\\/06\\\/nortia.png\",\"contentUrl\":\"https:\\\/\\\/www.kip.choriandre.fr\\\/wp-content\\\/uploads\\\/2021\\\/06\\\/nortia.png\"},{\"@type\":\"BreadcrumbList\",\"@id\":\"https:\\\/\\\/kiplink-finance.fr\\\/?page_id=289#breadcrumb\",\"itemListElement\":[{\"@type\":\"ListItem\",\"position\":1,\"name\":\"Accueil\",\"item\":\"https:\\\/\\\/kiplink-finance.fr\\\/\"},{\"@type\":\"ListItem\",\"position\":2,\"name\":\"Partenaires\"}]},{\"@type\":\"WebSite\",\"@id\":\"https:\\\/\\\/kiplink-finance.fr\\\/#website\",\"url\":\"https:\\\/\\\/kiplink-finance.fr\\\/\",\"name\":\"Kiplink Finance\",\"description\":\"\",\"publisher\":{\"@id\":\"https:\\\/\\\/kiplink-finance.fr\\\/#organization\"},\"potentialAction\":[{\"@type\":\"SearchAction\",\"target\":{\"@type\":\"EntryPoint\",\"urlTemplate\":\"https:\\\/\\\/kiplink-finance.fr\\\/?s={search_term_string}\"},\"query-input\":{\"@type\":\"PropertyValueSpecification\",\"valueRequired\":true,\"valueName\":\"search_term_string\"}}],\"inLanguage\":\"fr-FR\"},{\"@type\":\"Organization\",\"@id\":\"https:\\\/\\\/kiplink-finance.fr\\\/#organization\",\"name\":\"KIPLINK FINANCE\",\"url\":\"https:\\\/\\\/kiplink-finance.fr\\\/\",\"logo\":{\"@type\":\"ImageObject\",\"inLanguage\":\"fr-FR\",\"@id\":\"https:\\\/\\\/kiplink-finance.fr\\\/#\\\/schema\\\/logo\\\/image\\\/\",\"url\":\"https:\\\/\\\/kiplink-finance.fr\\\/wp-content\\\/uploads\\\/2021\\\/04\\\/logo-kiplink.png\",\"contentUrl\":\"https:\\\/\\\/kiplink-finance.fr\\\/wp-content\\\/uploads\\\/2021\\\/04\\\/logo-kiplink.png\",\"width\":158,\"height\":40,\"caption\":\"KIPLINK FINANCE\"},\"image\":{\"@id\":\"https:\\\/\\\/kiplink-finance.fr\\\/#\\\/schema\\\/logo\\\/image\\\/\"}}]}<\/script>\n<!-- \/ Yoast SEO plugin. -->","yoast_head_json":{"title":"Partenaires | Kiplink Finance","robots":{"index":"index","follow":"follow","max-snippet":"max-snippet:-1","max-image-preview":"max-image-preview:large","max-video-preview":"max-video-preview:-1"},"canonical":"https:\/\/kiplink-finance.fr\/?page_id=289","og_locale":"fr_FR","og_type":"article","og_title":"Partenaires | Kiplink Finance","og_description":"Nos partenaires de r\u00e9f\u00e9rence Banques d\u00e9positaires Les avoirs de nos clients sont d\u00e9pos\u00e9s aupr\u00e8s de CIC Market Solutions (CIC) en France, Banque de Luxembourg, Banque Internationale \u00e0 Luxembourg (BIL). Cette liste peut \u00eatre \u00e9largie selon les besoins de notre client\u00e8le. Assureurs Nous travaillons principalement avec les compagnies Wealins, Natixis Life, Swiss Life, Axa Wealth Management, [&hellip;]","og_url":"https:\/\/kiplink-finance.fr\/?page_id=289","og_site_name":"Kiplink Finance","article_modified_time":"2021-12-13T14:47:54+00:00","og_image":[{"url":"https:\/\/www.kip.choriandre.fr\/wp-content\/uploads\/2021\/06\/nortia.png","type":"","width":"","height":""}],"twitter_card":"summary_large_image","twitter_misc":{"Dur\u00e9e de lecture estim\u00e9e":"1 minute"},"schema":{"@context":"https:\/\/schema.org","@graph":[{"@type":"WebPage","@id":"https:\/\/kiplink-finance.fr\/?page_id=289","url":"https:\/\/kiplink-finance.fr\/?page_id=289","name":"Partenaires | Kiplink Finance","isPartOf":{"@id":"https:\/\/kiplink-finance.fr\/#website"},"primaryImageOfPage":{"@id":"https:\/\/kiplink-finance.fr\/?page_id=289#primaryimage"},"image":{"@id":"https:\/\/kiplink-finance.fr\/?page_id=289#primaryimage"},"thumbnailUrl":"https:\/\/www.kip.choriandre.fr\/wp-content\/uploads\/2021\/06\/nortia.png","datePublished":"2021-04-12T14:42:00+00:00","dateModified":"2021-12-13T14:47:54+00:00","breadcrumb":{"@id":"https:\/\/kiplink-finance.fr\/?page_id=289#breadcrumb"},"inLanguage":"fr-FR","potentialAction":[{"@type":"ReadAction","target":["https:\/\/kiplink-finance.fr\/?page_id=289"]}]},{"@type":"ImageObject","inLanguage":"fr-FR","@id":"https:\/\/kiplink-finance.fr\/?page_id=289#primaryimage","url":"https:\/\/www.kip.choriandre.fr\/wp-content\/uploads\/2021\/06\/nortia.png","contentUrl":"https:\/\/www.kip.choriandre.fr\/wp-content\/uploads\/2021\/06\/nortia.png"},{"@type":"BreadcrumbList","@id":"https:\/\/kiplink-finance.fr\/?page_id=289#breadcrumb","itemListElement":[{"@type":"ListItem","position":1,"name":"Accueil","item":"https:\/\/kiplink-finance.fr\/"},{"@type":"ListItem","position":2,"name":"Partenaires"}]},{"@type":"WebSite","@id":"https:\/\/kiplink-finance.fr\/#website","url":"https:\/\/kiplink-finance.fr\/","name":"Kiplink Finance","description":"","publisher":{"@id":"https:\/\/kiplink-finance.fr\/#organization"},"potentialAction":[{"@type":"SearchAction","target":{"@type":"EntryPoint","urlTemplate":"https:\/\/kiplink-finance.fr\/?s={search_term_string}"},"query-input":{"@type":"PropertyValueSpecification","valueRequired":true,"valueName":"search_term_string"}}],"inLanguage":"fr-FR"},{"@type":"Organization","@id":"https:\/\/kiplink-finance.fr\/#organization","name":"KIPLINK FINANCE","url":"https:\/\/kiplink-finance.fr\/","logo":{"@type":"ImageObject","inLanguage":"fr-FR","@id":"https:\/\/kiplink-finance.fr\/#\/schema\/logo\/image\/","url":"https:\/\/kiplink-finance.fr\/wp-content\/uploads\/2021\/04\/logo-kiplink.png","contentUrl":"https:\/\/kiplink-finance.fr\/wp-content\/uploads\/2021\/04\/logo-kiplink.png","width":158,"height":40,"caption":"KIPLINK FINANCE"},"image":{"@id":"https:\/\/kiplink-finance.fr\/#\/schema\/logo\/image\/"}}]}},"_links":{"self":[{"href":"https:\/\/kiplink-finance.fr\/index.php?rest_route=\/wp\/v2\/pages\/289","targetHints":{"allow":["GET"]}}],"collection":[{"href":"https:\/\/kiplink-finance.fr\/index.php?rest_route=\/wp\/v2\/pages"}],"about":[{"href":"https:\/\/kiplink-finance.fr\/index.php?rest_route=\/wp\/v2\/types\/page"}],"author":[{"embeddable":true,"href":"https:\/\/kiplink-finance.fr\/index.php?rest_route=\/wp\/v2\/users\/1"}],"replies":[{"embeddable":true,"href":"https:\/\/kiplink-finance.fr\/index.php?rest_route=%2Fwp%2Fv2%2Fcomments&post=289"}],"version-history":[{"count":144,"href":"https:\/\/kiplink-finance.fr\/index.php?rest_route=\/wp\/v2\/pages\/289\/revisions"}],"predecessor-version":[{"id":3596,"href":"https:\/\/kiplink-finance.fr\/index.php?rest_route=\/wp\/v2\/pages\/289\/revisions\/3596"}],"wp:attachment":[{"href":"https:\/\/kiplink-finance.fr\/index.php?rest_route=%2Fwp%2Fv2%2Fmedia&parent=289"}],"curies":[{"name":"wp","href":"https:\/\/api.w.org\/{rel}","templated":true}]}}