{"id":2876,"date":"2021-10-14T16:58:33","date_gmt":"2021-10-14T14:58:33","guid":{"rendered":"http:\/\/kip.choriandre.fr\/?page_id=2876"},"modified":"2022-05-03T09:19:03","modified_gmt":"2022-05-03T07:19:03","slug":"cecile-abdelouhab","status":"publish","type":"page","link":"https:\/\/kiplink-finance.fr\/?page_id=2876","title":{"rendered":"C\u00e9cile Abdelouhab"},"content":{"rendered":"<p><section class=\"kc-elm kc-css-738401 kc_row\"><div class=\"kc-row-container  kc-container\"><div class=\"kc-wrap-columns\"><div class=\"kc-elm kc-css-501737 kc_col-sm-12 kc_column kc_col-sm-12\"><div class=\"kc-col-container\"><div class=\"kc-elm kc-css-601872 kc-raw-code\"><a href=\"http:\/\/kip.choriandre.fr\/?page_id=189\"><i class=\"fas fa-long-arrow-alt-left icone-retour\">   retour  \u00e0 l'\u00e9quipe<\/i><\/a><\/div><\/div><\/div><\/div><\/div><\/section><section class=\"kc-elm kc-css-240140 kc_row\"><div class=\"kc-row-container  kc-container\"><div class=\"kc-wrap-columns\"><div class=\"kc-elm kc-css-127584 kc_col-sm-6 kc_column kc_col-sm-6\"><div class=\"kc-col-container\"><div class=\"kc-elm kc-css-505044 kc_shortcode kc_single_image\">\n\n        <img decoding=\"async\" src=\"https:\/\/kiplink-finance.fr\/wp-content\/uploads\/2021\/10\/RE-KIPLINK_2149-Cecile-Abdelouhab-400x600xc.jpg\" class=\"\" alt=\"\" \/>    <\/div>\n<\/div><\/div><div class=\"kc-elm kc-css-686100 kc_col-sm-6 kc_column kc_col-sm-6\"><div class=\"kc-col-container\"><div class=\"kc-elm kc-css-879440 kc_text_block\"><\/p>\n<h2 class=\"text_blue\">C\u00e9cile Abdelouhab<\/h2>\n<p>\n<\/div><div class=\"kc-elm kc-css-292755 kc_text_block\"><\/p>\n<h3>Responsable du p\u00f4le Administratif et Financier<\/h3>\n<p>\n<\/div><div class=\"kc-elm kc-css-100773 kc_text_block justifier\"><\/p>\n<p><strong> Directrice, Responsable du p\u00f4le Administratif et Financier<\/strong>, C\u00e9cile rejoint Kiplink Finance en 2005.<br \/>Elle d\u00e9bute sa carri\u00e8re chez Natixis en tant que charg\u00e9e de client\u00e8le aupr\u00e8s des soci\u00e9t\u00e9s de gestion avant de rejoindre Kiplink Finance en qualit\u00e9 de Middle-Officer, Contr\u00f4leur Interne, puis RCCI. Depuis 2014, C\u00e9cile est en charge du P\u00f4le administratif et financier de la soci\u00e9t\u00e9 de Gestion.<\/p>\n<p>C\u00e9cile est titulaire d\u2019un DESS Banque Finance Assurance \u00e0 l\u2019Universit\u00e9 de Paris X Nanterre.<\/p>\n<p>\n<\/div><div class=\"kc-elm kc-css-348274 kc-raw-code\"><div class=\"divCenterIcone\">\r\n\t\t\t\t\t<a href=\"mailto:contact@kiplink-finance.fr\">\t\t\t\t\t\r\n\t\t\t\t\t\t<i class=\"sl-envolope\"><\/i>\r\n\t\t\t\t\t<\/a>\r\n\t\t\t\t\t<a href=\"https:\/\/www.linkedin.com\/in\/c%C3%A9cile-abdelouhab-952701142\/?originalSubdomain=fr\">\r\n\t\t\t\t\t\t<i class=\"sl-social-linkedin\"><\/i>\r\n\t\t\t\t\t<\/a>\r\n\t\t\t\t<\/div><\/div><\/div><\/div><\/div><\/div><\/section><\/p>\n","protected":false},"excerpt":{"rendered":"","protected":false},"author":1,"featured_media":0,"parent":0,"menu_order":0,"comment_status":"closed","ping_status":"closed","template":"","meta":{"footnotes":""},"class_list":["post-2876","page","type-page","status-publish","hentry"],"yoast_head":"<!-- This site is optimized with the Yoast SEO plugin v27.5 - https:\/\/yoast.com\/product\/yoast-seo-wordpress\/ -->\n<title>C\u00e9cile Abdelouhab | Kiplink Finance<\/title>\n<meta name=\"robots\" content=\"index, follow, max-snippet:-1, max-image-preview:large, max-video-preview:-1\" \/>\n<link rel=\"canonical\" href=\"https:\/\/kiplink-finance.fr\/?page_id=2876\" \/>\n<meta property=\"og:locale\" content=\"fr_FR\" \/>\n<meta property=\"og:type\" content=\"article\" \/>\n<meta property=\"og:title\" content=\"C\u00e9cile Abdelouhab | Kiplink Finance\" \/>\n<meta property=\"og:description\" content=\"retour \u00e0 l&rsquo;\u00e9quipe C\u00e9cile Abdelouhab Responsable du p\u00f4le Administratif et Financier Directrice, Responsable du p\u00f4le Administratif et Financier, C\u00e9cile rejoint Kiplink Finance en 2005.Elle d\u00e9bute sa carri\u00e8re chez Natixis en tant que charg\u00e9e de client\u00e8le aupr\u00e8s des soci\u00e9t\u00e9s de gestion avant de rejoindre Kiplink Finance en qualit\u00e9 de Middle-Officer, Contr\u00f4leur Interne, puis RCCI. Depuis 2014, [&hellip;]\" \/>\n<meta property=\"og:url\" content=\"https:\/\/kiplink-finance.fr\/?page_id=2876\" \/>\n<meta property=\"og:site_name\" content=\"Kiplink Finance\" \/>\n<meta property=\"article:modified_time\" content=\"2022-05-03T07:19:03+00:00\" \/>\n<meta property=\"og:image\" content=\"https:\/\/kiplink-finance.fr\/wp-content\/uploads\/2021\/10\/RE-KIPLINK_2149-Cecile-Abdelouhab-400x600xc.jpg\" \/>\n<meta name=\"twitter:card\" content=\"summary_large_image\" \/>\n<script type=\"application\/ld+json\" class=\"yoast-schema-graph\">{\"@context\":\"https:\\\/\\\/schema.org\",\"@graph\":[{\"@type\":\"WebPage\",\"@id\":\"https:\\\/\\\/kiplink-finance.fr\\\/?page_id=2876\",\"url\":\"https:\\\/\\\/kiplink-finance.fr\\\/?page_id=2876\",\"name\":\"C\u00e9cile Abdelouhab | Kiplink Finance\",\"isPartOf\":{\"@id\":\"https:\\\/\\\/kiplink-finance.fr\\\/#website\"},\"primaryImageOfPage\":{\"@id\":\"https:\\\/\\\/kiplink-finance.fr\\\/?page_id=2876#primaryimage\"},\"image\":{\"@id\":\"https:\\\/\\\/kiplink-finance.fr\\\/?page_id=2876#primaryimage\"},\"thumbnailUrl\":\"https:\\\/\\\/kiplink-finance.fr\\\/wp-content\\\/uploads\\\/2021\\\/10\\\/RE-KIPLINK_2149-Cecile-Abdelouhab-400x600xc.jpg\",\"datePublished\":\"2021-10-14T14:58:33+00:00\",\"dateModified\":\"2022-05-03T07:19:03+00:00\",\"breadcrumb\":{\"@id\":\"https:\\\/\\\/kiplink-finance.fr\\\/?page_id=2876#breadcrumb\"},\"inLanguage\":\"fr-FR\",\"potentialAction\":[{\"@type\":\"ReadAction\",\"target\":[\"https:\\\/\\\/kiplink-finance.fr\\\/?page_id=2876\"]}]},{\"@type\":\"ImageObject\",\"inLanguage\":\"fr-FR\",\"@id\":\"https:\\\/\\\/kiplink-finance.fr\\\/?page_id=2876#primaryimage\",\"url\":\"https:\\\/\\\/kiplink-finance.fr\\\/wp-content\\\/uploads\\\/2021\\\/10\\\/RE-KIPLINK_2149-Cecile-Abdelouhab-400x600xc.jpg\",\"contentUrl\":\"https:\\\/\\\/kiplink-finance.fr\\\/wp-content\\\/uploads\\\/2021\\\/10\\\/RE-KIPLINK_2149-Cecile-Abdelouhab-400x600xc.jpg\"},{\"@type\":\"BreadcrumbList\",\"@id\":\"https:\\\/\\\/kiplink-finance.fr\\\/?page_id=2876#breadcrumb\",\"itemListElement\":[{\"@type\":\"ListItem\",\"position\":1,\"name\":\"Accueil\",\"item\":\"https:\\\/\\\/kiplink-finance.fr\\\/\"},{\"@type\":\"ListItem\",\"position\":2,\"name\":\"C\u00e9cile Abdelouhab\"}]},{\"@type\":\"WebSite\",\"@id\":\"https:\\\/\\\/kiplink-finance.fr\\\/#website\",\"url\":\"https:\\\/\\\/kiplink-finance.fr\\\/\",\"name\":\"Kiplink Finance\",\"description\":\"\",\"publisher\":{\"@id\":\"https:\\\/\\\/kiplink-finance.fr\\\/#organization\"},\"potentialAction\":[{\"@type\":\"SearchAction\",\"target\":{\"@type\":\"EntryPoint\",\"urlTemplate\":\"https:\\\/\\\/kiplink-finance.fr\\\/?s={search_term_string}\"},\"query-input\":{\"@type\":\"PropertyValueSpecification\",\"valueRequired\":true,\"valueName\":\"search_term_string\"}}],\"inLanguage\":\"fr-FR\"},{\"@type\":\"Organization\",\"@id\":\"https:\\\/\\\/kiplink-finance.fr\\\/#organization\",\"name\":\"KIPLINK FINANCE\",\"url\":\"https:\\\/\\\/kiplink-finance.fr\\\/\",\"logo\":{\"@type\":\"ImageObject\",\"inLanguage\":\"fr-FR\",\"@id\":\"https:\\\/\\\/kiplink-finance.fr\\\/#\\\/schema\\\/logo\\\/image\\\/\",\"url\":\"https:\\\/\\\/kiplink-finance.fr\\\/wp-content\\\/uploads\\\/2021\\\/04\\\/logo-kiplink.png\",\"contentUrl\":\"https:\\\/\\\/kiplink-finance.fr\\\/wp-content\\\/uploads\\\/2021\\\/04\\\/logo-kiplink.png\",\"width\":158,\"height\":40,\"caption\":\"KIPLINK FINANCE\"},\"image\":{\"@id\":\"https:\\\/\\\/kiplink-finance.fr\\\/#\\\/schema\\\/logo\\\/image\\\/\"}}]}<\/script>\n<!-- \/ Yoast SEO plugin. -->","yoast_head_json":{"title":"C\u00e9cile Abdelouhab | Kiplink Finance","robots":{"index":"index","follow":"follow","max-snippet":"max-snippet:-1","max-image-preview":"max-image-preview:large","max-video-preview":"max-video-preview:-1"},"canonical":"https:\/\/kiplink-finance.fr\/?page_id=2876","og_locale":"fr_FR","og_type":"article","og_title":"C\u00e9cile Abdelouhab | Kiplink Finance","og_description":"retour \u00e0 l&rsquo;\u00e9quipe C\u00e9cile Abdelouhab Responsable du p\u00f4le Administratif et Financier Directrice, Responsable du p\u00f4le Administratif et Financier, C\u00e9cile rejoint Kiplink Finance en 2005.Elle d\u00e9bute sa carri\u00e8re chez Natixis en tant que charg\u00e9e de client\u00e8le aupr\u00e8s des soci\u00e9t\u00e9s de gestion avant de rejoindre Kiplink Finance en qualit\u00e9 de Middle-Officer, Contr\u00f4leur Interne, puis RCCI. Depuis 2014, [&hellip;]","og_url":"https:\/\/kiplink-finance.fr\/?page_id=2876","og_site_name":"Kiplink Finance","article_modified_time":"2022-05-03T07:19:03+00:00","og_image":[{"url":"https:\/\/kiplink-finance.fr\/wp-content\/uploads\/2021\/10\/RE-KIPLINK_2149-Cecile-Abdelouhab-400x600xc.jpg","type":"","width":"","height":""}],"twitter_card":"summary_large_image","schema":{"@context":"https:\/\/schema.org","@graph":[{"@type":"WebPage","@id":"https:\/\/kiplink-finance.fr\/?page_id=2876","url":"https:\/\/kiplink-finance.fr\/?page_id=2876","name":"C\u00e9cile Abdelouhab | Kiplink Finance","isPartOf":{"@id":"https:\/\/kiplink-finance.fr\/#website"},"primaryImageOfPage":{"@id":"https:\/\/kiplink-finance.fr\/?page_id=2876#primaryimage"},"image":{"@id":"https:\/\/kiplink-finance.fr\/?page_id=2876#primaryimage"},"thumbnailUrl":"https:\/\/kiplink-finance.fr\/wp-content\/uploads\/2021\/10\/RE-KIPLINK_2149-Cecile-Abdelouhab-400x600xc.jpg","datePublished":"2021-10-14T14:58:33+00:00","dateModified":"2022-05-03T07:19:03+00:00","breadcrumb":{"@id":"https:\/\/kiplink-finance.fr\/?page_id=2876#breadcrumb"},"inLanguage":"fr-FR","potentialAction":[{"@type":"ReadAction","target":["https:\/\/kiplink-finance.fr\/?page_id=2876"]}]},{"@type":"ImageObject","inLanguage":"fr-FR","@id":"https:\/\/kiplink-finance.fr\/?page_id=2876#primaryimage","url":"https:\/\/kiplink-finance.fr\/wp-content\/uploads\/2021\/10\/RE-KIPLINK_2149-Cecile-Abdelouhab-400x600xc.jpg","contentUrl":"https:\/\/kiplink-finance.fr\/wp-content\/uploads\/2021\/10\/RE-KIPLINK_2149-Cecile-Abdelouhab-400x600xc.jpg"},{"@type":"BreadcrumbList","@id":"https:\/\/kiplink-finance.fr\/?page_id=2876#breadcrumb","itemListElement":[{"@type":"ListItem","position":1,"name":"Accueil","item":"https:\/\/kiplink-finance.fr\/"},{"@type":"ListItem","position":2,"name":"C\u00e9cile Abdelouhab"}]},{"@type":"WebSite","@id":"https:\/\/kiplink-finance.fr\/#website","url":"https:\/\/kiplink-finance.fr\/","name":"Kiplink Finance","description":"","publisher":{"@id":"https:\/\/kiplink-finance.fr\/#organization"},"potentialAction":[{"@type":"SearchAction","target":{"@type":"EntryPoint","urlTemplate":"https:\/\/kiplink-finance.fr\/?s={search_term_string}"},"query-input":{"@type":"PropertyValueSpecification","valueRequired":true,"valueName":"search_term_string"}}],"inLanguage":"fr-FR"},{"@type":"Organization","@id":"https:\/\/kiplink-finance.fr\/#organization","name":"KIPLINK FINANCE","url":"https:\/\/kiplink-finance.fr\/","logo":{"@type":"ImageObject","inLanguage":"fr-FR","@id":"https:\/\/kiplink-finance.fr\/#\/schema\/logo\/image\/","url":"https:\/\/kiplink-finance.fr\/wp-content\/uploads\/2021\/04\/logo-kiplink.png","contentUrl":"https:\/\/kiplink-finance.fr\/wp-content\/uploads\/2021\/04\/logo-kiplink.png","width":158,"height":40,"caption":"KIPLINK FINANCE"},"image":{"@id":"https:\/\/kiplink-finance.fr\/#\/schema\/logo\/image\/"}}]}},"_links":{"self":[{"href":"https:\/\/kiplink-finance.fr\/index.php?rest_route=\/wp\/v2\/pages\/2876","targetHints":{"allow":["GET"]}}],"collection":[{"href":"https:\/\/kiplink-finance.fr\/index.php?rest_route=\/wp\/v2\/pages"}],"about":[{"href":"https:\/\/kiplink-finance.fr\/index.php?rest_route=\/wp\/v2\/types\/page"}],"author":[{"embeddable":true,"href":"https:\/\/kiplink-finance.fr\/index.php?rest_route=\/wp\/v2\/users\/1"}],"replies":[{"embeddable":true,"href":"https:\/\/kiplink-finance.fr\/index.php?rest_route=%2Fwp%2Fv2%2Fcomments&post=2876"}],"version-history":[{"count":13,"href":"https:\/\/kiplink-finance.fr\/index.php?rest_route=\/wp\/v2\/pages\/2876\/revisions"}],"predecessor-version":[{"id":4248,"href":"https:\/\/kiplink-finance.fr\/index.php?rest_route=\/wp\/v2\/pages\/2876\/revisions\/4248"}],"wp:attachment":[{"href":"https:\/\/kiplink-finance.fr\/index.php?rest_route=%2Fwp%2Fv2%2Fmedia&parent=2876"}],"curies":[{"name":"wp","href":"https:\/\/api.w.org\/{rel}","templated":true}]}}