{"id":2484,"date":"2021-07-07T11:43:37","date_gmt":"2021-07-07T09:43:37","guid":{"rendered":"http:\/\/kip.choriandre.fr\/?page_id=2484"},"modified":"2022-06-13T09:23:36","modified_gmt":"2022-06-13T07:23:36","slug":"2484-2","status":"publish","type":"page","link":"https:\/\/kiplink-finance.fr\/?page_id=2484","title":{"rendered":"Ing\u00e9nierie Patrimoniale"},"content":{"rendered":"<p><section class=\"kc-elm kc-css-818214 kc_row\"><div class=\"kc-row-container  kc-container\"><div class=\"kc-wrap-columns\"><div class=\"kc-elm kc-css-408058 kc_col-sm-12 kc_column kc_col-sm-12\"><div class=\"kc-col-container\"><div class=\"kc-elm kc-css-867816 kc-raw-code\">Sample Code<\/div><\/div><\/div><\/div><\/div><\/section><section class=\"kc-elm kc-css-285536 kc_row\"><div class=\"kc-row-container  kc-container\"><div class=\"kc-wrap-columns\"><div class=\"kc-elm kc-css-103180 kc_col-sm-12 kc_column kc_col-sm-12\"><div class=\"kc-col-container\"><div class=\"kc-elm kc-css-496234 kc-raw-code\"><div class=\"row blue_background\"><i class=\"fa-cogs iconeExpertise text_white\"><\/i><h1 class=\"text_white\">Ing\u00e9nierie Patrimoniale<\/h1><\/div><\/div><div class=\"kc-elm kc-css-953402 kc_text_block\"><\/p>\n<h2>Un conseil patrimonial d\u00e9di\u00e9 aux familles et aux entrepreneurs, au service de la structuration de leur patrimoine<\/h2>\n<p>\n<\/div><div class=\"kc-elm kc-css-874299 kc_text_block justifier\"><\/p>\n<p>L\u2019Ing\u00e9nierie Patrimoniale vous apporte un accompagnement personnalis\u00e9 dans vos r\u00e9flexions touchant \u00e0 la gestion de votre patrimoine priv\u00e9 et professionnel.<\/p>\n<p>Notre accompagnement repose sur une \u00e9tude de votre situation patrimoniale globale et sur une \u00e9valuation des enjeux fiscaux, juridiques et financiers permettant une pr\u00e9conisation personnalis\u00e9e.<\/p>\n<p>Il s\u2019agit ainsi d\u2019\u00e9laborer des solutions concr\u00e8tes et de mettre en \u0153uvre avec vos conseils, la strat\u00e9gie juridique et fiscale en ad\u00e9quation avec vos objectifs et vos contraintes.<\/p>\n<p>L\u2019Ing\u00e9nierie patrimoniale a vocation \u00e0 intervenir tout au long de votre relation avec Kiplink Finance mais tout particuli\u00e8rement en amont d\u2019\u00e9v\u00e8nements cl\u00e9s touchant votre famille et votre patrimoine:<\/p>\n<ul>\n<li>Cession ou transmission de l\u2019outil professionnel,<\/li>\n<li>Op\u00e9ration sur la g\u00e9ographie du capital de soci\u00e9t\u00e9s,<\/li>\n<li>Anticipation de la transmission du patrimoine,<\/li>\n<li>Protection de la famille,<\/li>\n<li>Prise en compte d\u2019\u00e9l\u00e9ments d\u2019extran\u00e9it\u00e9 dans la d\u00e9tention de votre patrimoine,<\/li>\n<li>Choix d\u2019un v\u00e9hicule philanthropique en lien avec vos projets,<\/li>\n<li>&#8230;<\/li>\n<\/ul>\n<p>\n<\/div><\/div><\/div><\/div><\/div><\/section><section class=\"kc-elm kc-css-511220 kc_row\"><div class=\"kc-row-container  kc-container\"><div class=\"kc-wrap-columns\"><div class=\"kc-elm kc-css-985147 kc_col-sm-6 kc_column kc_col-sm-6\"><div class=\"kc-col-container\"><div class=\"kc-elm kc-css-271031 kc-raw-code\"><div class=\"row blue_background\"><i class=\"fa-cogs iconeExpertise text_white\"><\/i><h1 class=\"text_white\">Ing\u00e9nierie Patrimoniale<\/h1><\/div><\/div><div class=\"kc-elm kc-css-463815 kc_text_block\"><\/p>\n<h2>Un conseil patrimonial d\u00e9di\u00e9 aux familles et aux entrepreneurs, au service de la structuration de leur patrimoine<\/h2>\n<p>\n<\/div><div class=\"kc-elm kc-css-392534 kc_text_block justifier\"><\/p>\n<p>Internalis\u00e9e au sein de Kiplink Finance, l\u2019Ing\u00e9nierie Patrimoniale vous apporte un accompagnement personnalis\u00e9 dans vos r\u00e9flexions touchant \u00e0 la gestion de votre patrimoine priv\u00e9 et professionnel.<\/p>\n<p>Notre accompagnement repose sur une \u00e9tude de votre situation patrimoniale globale et sur une \u00e9valuation des enjeux fiscaux, juridiques et financiers permettant une pr\u00e9conisation personnalis\u00e9e.<\/p>\n<p>Il s\u2019agit ainsi d\u2019\u00e9laborer des solutions concr\u00e8tes et de mettre en \u0153uvre avec vos conseils, la strat\u00e9gie juridique et fiscale en ad\u00e9quation avec vos objectifs et vos contraintes.<\/p>\n<p>L\u2019Ing\u00e9nierie patrimoniale a vocation \u00e0 intervenir tout au long de votre relation avec Kiplink Finance mais tout particuli\u00e8rement en amont d\u2019\u00e9v\u00e8nements cl\u00e9s touchant votre famille et votre patrimoine:<\/p>\n<ul>\n<li>Cession ou transmission de l\u2019outil professionnel,<\/li>\n<li>Op\u00e9ration sur la g\u00e9ographie du capital de soci\u00e9t\u00e9s,<\/li>\n<li>Anticipation de la transmission du patrimoine,<\/li>\n<li>Protection de la famille,<\/li>\n<li>Prise en compte d\u2019\u00e9l\u00e9ments d\u2019extran\u00e9it\u00e9 dans la d\u00e9tention de votre patrimoine,<\/li>\n<li>Choix d\u2019un v\u00e9hicule philanthropique en lien avec vos projets,<\/li>\n<li>&#8230;<\/li>\n<\/ul>\n<p>\n<\/div><\/div><\/div><div class=\"kc-elm kc-css-942903 kc_col-sm-6 kc_column kc_col-sm-6\"><div class=\"kc-col-container\">\n<div class=\"kc-elm kc-css-729835 divider_line\">\n\t<div class=\"divider_inner divider_line2\">\n\t\t<i class=\"et-gears\"><\/i>\t<\/div>\n<\/div>\n<div class=\"kc-elm kc-css-773047\" style=\"height: 20px; clear: both; width:100%;\"><\/div><div class=\"kc-elm kc-css-917780 kc_shortcode kc_single_image\">\n\n        <img decoding=\"async\" src=\"https:\/\/kiplink-finance.fr\/wp-content\/plugins\/kingcomposer\/assets\/images\/get_start.jpg\" class=\"kc_image_empty\" alt=\"\" \/>    <\/div>\n<div class=\"kc-elm kc-css-164363\" style=\"height: 20px; clear: both; width:100%;\"><\/div><div class=\"kc-elm kc-css-603667 kc_text_block\"><\/p>\n<p style=\"text-align: center;\"><strong>Anne Berry<\/strong><\/p>\n<p style=\"text-align: center;\"><strong>Directeur de l&#039;Ing\u00e9nierie Patrimoniale<\/strong><\/p>\n<p>\n<\/div><div class=\"kc-elm kc-css-968039\" style=\"height: 20px; clear: both; width:100%;\"><\/div>\n<div class=\"kc-elm kc-css-192650 divider_line\">\n\t<div class=\"divider_inner divider_line2\">\n\t\t<i class=\"et-gears\"><\/i>\t<\/div>\n<\/div>\n<\/div><\/div><\/div><\/div><\/section><\/p>\n","protected":false},"excerpt":{"rendered":"","protected":false},"author":1,"featured_media":0,"parent":0,"menu_order":0,"comment_status":"closed","ping_status":"closed","template":"","meta":{"footnotes":""},"class_list":["post-2484","page","type-page","status-publish","hentry"],"yoast_head":"<!-- This site is optimized with the Yoast SEO plugin v27.5 - https:\/\/yoast.com\/product\/yoast-seo-wordpress\/ -->\n<title>Ing\u00e9nierie Patrimoniale | Kiplink Finance<\/title>\n<meta name=\"robots\" content=\"index, follow, max-snippet:-1, max-image-preview:large, max-video-preview:-1\" \/>\n<link rel=\"canonical\" href=\"https:\/\/kiplink-finance.fr\/?page_id=2484\" \/>\n<meta property=\"og:locale\" content=\"fr_FR\" \/>\n<meta property=\"og:type\" content=\"article\" \/>\n<meta property=\"og:title\" content=\"Ing\u00e9nierie Patrimoniale | Kiplink Finance\" \/>\n<meta property=\"og:description\" content=\"Sample Code Ing\u00e9nierie Patrimoniale Un conseil patrimonial d\u00e9di\u00e9 aux familles et aux entrepreneurs, au service de la structuration de leur patrimoine L\u2019Ing\u00e9nierie Patrimoniale vous apporte un accompagnement personnalis\u00e9 dans vos r\u00e9flexions touchant \u00e0 la gestion de votre patrimoine priv\u00e9 et professionnel. Notre accompagnement repose sur une \u00e9tude de votre situation patrimoniale globale et sur une [&hellip;]\" \/>\n<meta property=\"og:url\" content=\"https:\/\/kiplink-finance.fr\/?page_id=2484\" \/>\n<meta property=\"og:site_name\" content=\"Kiplink Finance\" \/>\n<meta property=\"article:modified_time\" content=\"2022-06-13T07:23:36+00:00\" \/>\n<meta name=\"twitter:card\" content=\"summary_large_image\" \/>\n<meta name=\"twitter:label1\" content=\"Dur\u00e9e de lecture estim\u00e9e\" \/>\n\t<meta name=\"twitter:data1\" content=\"1 minute\" \/>\n<script type=\"application\/ld+json\" class=\"yoast-schema-graph\">{\"@context\":\"https:\\\/\\\/schema.org\",\"@graph\":[{\"@type\":\"WebPage\",\"@id\":\"https:\\\/\\\/kiplink-finance.fr\\\/?page_id=2484\",\"url\":\"https:\\\/\\\/kiplink-finance.fr\\\/?page_id=2484\",\"name\":\"Ing\u00e9nierie Patrimoniale | Kiplink Finance\",\"isPartOf\":{\"@id\":\"https:\\\/\\\/kiplink-finance.fr\\\/#website\"},\"datePublished\":\"2021-07-07T09:43:37+00:00\",\"dateModified\":\"2022-06-13T07:23:36+00:00\",\"breadcrumb\":{\"@id\":\"https:\\\/\\\/kiplink-finance.fr\\\/?page_id=2484#breadcrumb\"},\"inLanguage\":\"fr-FR\",\"potentialAction\":[{\"@type\":\"ReadAction\",\"target\":[\"https:\\\/\\\/kiplink-finance.fr\\\/?page_id=2484\"]}]},{\"@type\":\"BreadcrumbList\",\"@id\":\"https:\\\/\\\/kiplink-finance.fr\\\/?page_id=2484#breadcrumb\",\"itemListElement\":[{\"@type\":\"ListItem\",\"position\":1,\"name\":\"Accueil\",\"item\":\"https:\\\/\\\/kiplink-finance.fr\\\/\"},{\"@type\":\"ListItem\",\"position\":2,\"name\":\"Ing\u00e9nierie Patrimoniale\"}]},{\"@type\":\"WebSite\",\"@id\":\"https:\\\/\\\/kiplink-finance.fr\\\/#website\",\"url\":\"https:\\\/\\\/kiplink-finance.fr\\\/\",\"name\":\"Kiplink Finance\",\"description\":\"\",\"publisher\":{\"@id\":\"https:\\\/\\\/kiplink-finance.fr\\\/#organization\"},\"potentialAction\":[{\"@type\":\"SearchAction\",\"target\":{\"@type\":\"EntryPoint\",\"urlTemplate\":\"https:\\\/\\\/kiplink-finance.fr\\\/?s={search_term_string}\"},\"query-input\":{\"@type\":\"PropertyValueSpecification\",\"valueRequired\":true,\"valueName\":\"search_term_string\"}}],\"inLanguage\":\"fr-FR\"},{\"@type\":\"Organization\",\"@id\":\"https:\\\/\\\/kiplink-finance.fr\\\/#organization\",\"name\":\"KIPLINK FINANCE\",\"url\":\"https:\\\/\\\/kiplink-finance.fr\\\/\",\"logo\":{\"@type\":\"ImageObject\",\"inLanguage\":\"fr-FR\",\"@id\":\"https:\\\/\\\/kiplink-finance.fr\\\/#\\\/schema\\\/logo\\\/image\\\/\",\"url\":\"https:\\\/\\\/kiplink-finance.fr\\\/wp-content\\\/uploads\\\/2021\\\/04\\\/logo-kiplink.png\",\"contentUrl\":\"https:\\\/\\\/kiplink-finance.fr\\\/wp-content\\\/uploads\\\/2021\\\/04\\\/logo-kiplink.png\",\"width\":158,\"height\":40,\"caption\":\"KIPLINK FINANCE\"},\"image\":{\"@id\":\"https:\\\/\\\/kiplink-finance.fr\\\/#\\\/schema\\\/logo\\\/image\\\/\"}}]}<\/script>\n<!-- \/ Yoast SEO plugin. -->","yoast_head_json":{"title":"Ing\u00e9nierie Patrimoniale | Kiplink Finance","robots":{"index":"index","follow":"follow","max-snippet":"max-snippet:-1","max-image-preview":"max-image-preview:large","max-video-preview":"max-video-preview:-1"},"canonical":"https:\/\/kiplink-finance.fr\/?page_id=2484","og_locale":"fr_FR","og_type":"article","og_title":"Ing\u00e9nierie Patrimoniale | Kiplink Finance","og_description":"Sample Code Ing\u00e9nierie Patrimoniale Un conseil patrimonial d\u00e9di\u00e9 aux familles et aux entrepreneurs, au service de la structuration de leur patrimoine L\u2019Ing\u00e9nierie Patrimoniale vous apporte un accompagnement personnalis\u00e9 dans vos r\u00e9flexions touchant \u00e0 la gestion de votre patrimoine priv\u00e9 et professionnel. Notre accompagnement repose sur une \u00e9tude de votre situation patrimoniale globale et sur une [&hellip;]","og_url":"https:\/\/kiplink-finance.fr\/?page_id=2484","og_site_name":"Kiplink Finance","article_modified_time":"2022-06-13T07:23:36+00:00","twitter_card":"summary_large_image","twitter_misc":{"Dur\u00e9e de lecture estim\u00e9e":"1 minute"},"schema":{"@context":"https:\/\/schema.org","@graph":[{"@type":"WebPage","@id":"https:\/\/kiplink-finance.fr\/?page_id=2484","url":"https:\/\/kiplink-finance.fr\/?page_id=2484","name":"Ing\u00e9nierie Patrimoniale | Kiplink Finance","isPartOf":{"@id":"https:\/\/kiplink-finance.fr\/#website"},"datePublished":"2021-07-07T09:43:37+00:00","dateModified":"2022-06-13T07:23:36+00:00","breadcrumb":{"@id":"https:\/\/kiplink-finance.fr\/?page_id=2484#breadcrumb"},"inLanguage":"fr-FR","potentialAction":[{"@type":"ReadAction","target":["https:\/\/kiplink-finance.fr\/?page_id=2484"]}]},{"@type":"BreadcrumbList","@id":"https:\/\/kiplink-finance.fr\/?page_id=2484#breadcrumb","itemListElement":[{"@type":"ListItem","position":1,"name":"Accueil","item":"https:\/\/kiplink-finance.fr\/"},{"@type":"ListItem","position":2,"name":"Ing\u00e9nierie Patrimoniale"}]},{"@type":"WebSite","@id":"https:\/\/kiplink-finance.fr\/#website","url":"https:\/\/kiplink-finance.fr\/","name":"Kiplink Finance","description":"","publisher":{"@id":"https:\/\/kiplink-finance.fr\/#organization"},"potentialAction":[{"@type":"SearchAction","target":{"@type":"EntryPoint","urlTemplate":"https:\/\/kiplink-finance.fr\/?s={search_term_string}"},"query-input":{"@type":"PropertyValueSpecification","valueRequired":true,"valueName":"search_term_string"}}],"inLanguage":"fr-FR"},{"@type":"Organization","@id":"https:\/\/kiplink-finance.fr\/#organization","name":"KIPLINK FINANCE","url":"https:\/\/kiplink-finance.fr\/","logo":{"@type":"ImageObject","inLanguage":"fr-FR","@id":"https:\/\/kiplink-finance.fr\/#\/schema\/logo\/image\/","url":"https:\/\/kiplink-finance.fr\/wp-content\/uploads\/2021\/04\/logo-kiplink.png","contentUrl":"https:\/\/kiplink-finance.fr\/wp-content\/uploads\/2021\/04\/logo-kiplink.png","width":158,"height":40,"caption":"KIPLINK FINANCE"},"image":{"@id":"https:\/\/kiplink-finance.fr\/#\/schema\/logo\/image\/"}}]}},"_links":{"self":[{"href":"https:\/\/kiplink-finance.fr\/index.php?rest_route=\/wp\/v2\/pages\/2484","targetHints":{"allow":["GET"]}}],"collection":[{"href":"https:\/\/kiplink-finance.fr\/index.php?rest_route=\/wp\/v2\/pages"}],"about":[{"href":"https:\/\/kiplink-finance.fr\/index.php?rest_route=\/wp\/v2\/types\/page"}],"author":[{"embeddable":true,"href":"https:\/\/kiplink-finance.fr\/index.php?rest_route=\/wp\/v2\/users\/1"}],"replies":[{"embeddable":true,"href":"https:\/\/kiplink-finance.fr\/index.php?rest_route=%2Fwp%2Fv2%2Fcomments&post=2484"}],"version-history":[{"count":73,"href":"https:\/\/kiplink-finance.fr\/index.php?rest_route=\/wp\/v2\/pages\/2484\/revisions"}],"predecessor-version":[{"id":4541,"href":"https:\/\/kiplink-finance.fr\/index.php?rest_route=\/wp\/v2\/pages\/2484\/revisions\/4541"}],"wp:attachment":[{"href":"https:\/\/kiplink-finance.fr\/index.php?rest_route=%2Fwp%2Fv2%2Fmedia&parent=2484"}],"curies":[{"name":"wp","href":"https:\/\/api.w.org\/{rel}","templated":true}]}}