{"id":2481,"date":"2021-07-07T11:41:35","date_gmt":"2021-07-07T09:41:35","guid":{"rendered":"http:\/\/kip.choriandre.fr\/?page_id=2481"},"modified":"2021-12-13T14:47:42","modified_gmt":"2021-12-13T13:47:42","slug":"gestion-conseillee","status":"publish","type":"page","link":"https:\/\/kiplink-finance.fr\/?page_id=2481","title":{"rendered":"Gestion conseill\u00e9e"},"content":{"rendered":"<section class=\"kc-elm kc-css-968666 kc_row\"><div class=\"kc-row-container  kc-container\"><div class=\"kc-wrap-columns\"><div class=\"kc-elm kc-css-543426 kc_col-sm-6 kc_column kc_col-sm-6\"><div class=\"kc-col-container\"><div class=\"kc-elm kc-css-198152 kc-raw-code\"><div class=\"row blue_background\"><i class=\"fa-chart-line iconeExpertise text_white\"><\/i><h1 class=\"text_white\">Gestion conseill\u00e9e<\/h1><\/div><\/div><div class=\"kc-elm kc-css-395265 kc_text_block\"><\/p>\n<h2>Un partage constant des id\u00e9es et convictions, la ma\u00eetrise de vos d\u00e9cisions d\u2019investissement<\/h2>\n<p>\n<\/div><div class=\"kc-elm kc-css-142876 kc_text_block justifier\"><\/p>\n<p>Notre gestion conseill\u00e9e vous permet de garder la ma\u00eetrise de vos d\u00e9cisions et actes de gestion tout en b\u00e9n\u00e9ficiant d\u2019un accompagnement personnalis\u00e9 au quotidien sur l\u2019ensemble des classes d\u2019actifs, titres vifs ou gestion collective. Avec votre g\u00e9rant, vous avez ainsi tous les atouts en main pour b\u00e2tir et d\u00e9velopper une allocation qui vous ressemble et diversifier vos portefeuilles \u00e0 votre volont\u00e9.<\/p>\n<p>Que vous soyez familier des march\u00e9s ou plus profane, initiateur ou receveur du conseil en investissement, cette relation parfaitement bilat\u00e9rale vous apporte de la s\u00e9r\u00e9nit\u00e9 par la pr\u00e9sence \u00e0 vos c\u00f4t\u00e9s d\u2019un professionnel.<\/p>\n<p>\n<\/div><\/div><\/div><div class=\"kc-elm kc-css-555910 kc_col-sm-6 kc_column kc_col-sm-6\"><div class=\"kc-col-container\">\n<div class=\"kc-elm kc-css-101449 divider_line\">\n\t<div class=\"divider_inner divider_line2\">\n\t\t<i class=\"fa-chart-line\"><\/i>\t<\/div>\n<\/div>\n<div class=\"kc-elm kc-css-501647\" style=\"height: 20px; clear: both; width:100%;\"><\/div><div class=\"kc-elm kc-css-744103 kc_shortcode kc_single_image\">\n\n        <img decoding=\"async\" src=\"https:\/\/kiplink-finance.fr\/wp-content\/uploads\/2021\/12\/Kiplink-Finance-ecran-cours-bourse-500x400xc.jpg\" class=\"\" alt=\"\" \/>    <\/div>\n\n<div class=\"kc-elm kc-css-427834 divider_line\">\n\t<div class=\"divider_inner divider_line2\">\n\t\t<i class=\"fa-chart-line\"><\/i>\t<\/div>\n<\/div>\n<\/div><\/div><\/div><\/div><\/section>\n","protected":false},"excerpt":{"rendered":"","protected":false},"author":1,"featured_media":0,"parent":0,"menu_order":0,"comment_status":"closed","ping_status":"closed","template":"","meta":{"footnotes":""},"class_list":["post-2481","page","type-page","status-publish","hentry"],"yoast_head":"<!-- This site is optimized with the Yoast SEO plugin v27.4 - https:\/\/yoast.com\/product\/yoast-seo-wordpress\/ -->\n<title>Gestion conseill\u00e9e | Kiplink Finance<\/title>\n<meta name=\"robots\" content=\"index, follow, max-snippet:-1, max-image-preview:large, max-video-preview:-1\" \/>\n<link rel=\"canonical\" href=\"https:\/\/kiplink-finance.fr\/?page_id=2481\" \/>\n<meta property=\"og:locale\" content=\"fr_FR\" \/>\n<meta property=\"og:type\" content=\"article\" \/>\n<meta property=\"og:title\" content=\"Gestion conseill\u00e9e | Kiplink Finance\" \/>\n<meta property=\"og:description\" content=\"Gestion conseill\u00e9e Un partage constant des id\u00e9es et convictions, la ma\u00eetrise de vos d\u00e9cisions d\u2019investissement Notre gestion conseill\u00e9e vous permet de garder la ma\u00eetrise de vos d\u00e9cisions et actes de gestion tout en b\u00e9n\u00e9ficiant d\u2019un accompagnement personnalis\u00e9 au quotidien sur l\u2019ensemble des classes d\u2019actifs, titres vifs ou gestion collective. Avec votre g\u00e9rant, vous avez ainsi [&hellip;]\" \/>\n<meta property=\"og:url\" content=\"https:\/\/kiplink-finance.fr\/?page_id=2481\" \/>\n<meta property=\"og:site_name\" content=\"Kiplink Finance\" \/>\n<meta property=\"article:modified_time\" content=\"2021-12-13T13:47:42+00:00\" \/>\n<meta property=\"og:image\" content=\"https:\/\/www.kip.choriandre.fr\/wp-content\/uploads\/2021\/12\/Kiplink-Finance-ecran-cours-bourse-500x400xc.jpg\" \/>\n<meta name=\"twitter:card\" content=\"summary_large_image\" \/>\n<meta name=\"twitter:label1\" content=\"Dur\u00e9e de lecture estim\u00e9e\" \/>\n\t<meta name=\"twitter:data1\" content=\"1 minute\" \/>\n<script type=\"application\/ld+json\" class=\"yoast-schema-graph\">{\"@context\":\"https:\\\/\\\/schema.org\",\"@graph\":[{\"@type\":\"WebPage\",\"@id\":\"https:\\\/\\\/kiplink-finance.fr\\\/?page_id=2481\",\"url\":\"https:\\\/\\\/kiplink-finance.fr\\\/?page_id=2481\",\"name\":\"Gestion conseill\u00e9e | Kiplink Finance\",\"isPartOf\":{\"@id\":\"https:\\\/\\\/kiplink-finance.fr\\\/#website\"},\"primaryImageOfPage\":{\"@id\":\"https:\\\/\\\/kiplink-finance.fr\\\/?page_id=2481#primaryimage\"},\"image\":{\"@id\":\"https:\\\/\\\/kiplink-finance.fr\\\/?page_id=2481#primaryimage\"},\"thumbnailUrl\":\"https:\\\/\\\/www.kip.choriandre.fr\\\/wp-content\\\/uploads\\\/2021\\\/12\\\/Kiplink-Finance-ecran-cours-bourse-500x400xc.jpg\",\"datePublished\":\"2021-07-07T09:41:35+00:00\",\"dateModified\":\"2021-12-13T13:47:42+00:00\",\"breadcrumb\":{\"@id\":\"https:\\\/\\\/kiplink-finance.fr\\\/?page_id=2481#breadcrumb\"},\"inLanguage\":\"fr-FR\",\"potentialAction\":[{\"@type\":\"ReadAction\",\"target\":[\"https:\\\/\\\/kiplink-finance.fr\\\/?page_id=2481\"]}]},{\"@type\":\"ImageObject\",\"inLanguage\":\"fr-FR\",\"@id\":\"https:\\\/\\\/kiplink-finance.fr\\\/?page_id=2481#primaryimage\",\"url\":\"https:\\\/\\\/www.kip.choriandre.fr\\\/wp-content\\\/uploads\\\/2021\\\/12\\\/Kiplink-Finance-ecran-cours-bourse-500x400xc.jpg\",\"contentUrl\":\"https:\\\/\\\/www.kip.choriandre.fr\\\/wp-content\\\/uploads\\\/2021\\\/12\\\/Kiplink-Finance-ecran-cours-bourse-500x400xc.jpg\"},{\"@type\":\"BreadcrumbList\",\"@id\":\"https:\\\/\\\/kiplink-finance.fr\\\/?page_id=2481#breadcrumb\",\"itemListElement\":[{\"@type\":\"ListItem\",\"position\":1,\"name\":\"Accueil\",\"item\":\"https:\\\/\\\/kiplink-finance.fr\\\/\"},{\"@type\":\"ListItem\",\"position\":2,\"name\":\"Gestion conseill\u00e9e\"}]},{\"@type\":\"WebSite\",\"@id\":\"https:\\\/\\\/kiplink-finance.fr\\\/#website\",\"url\":\"https:\\\/\\\/kiplink-finance.fr\\\/\",\"name\":\"Kiplink Finance\",\"description\":\"\",\"publisher\":{\"@id\":\"https:\\\/\\\/kiplink-finance.fr\\\/#organization\"},\"potentialAction\":[{\"@type\":\"SearchAction\",\"target\":{\"@type\":\"EntryPoint\",\"urlTemplate\":\"https:\\\/\\\/kiplink-finance.fr\\\/?s={search_term_string}\"},\"query-input\":{\"@type\":\"PropertyValueSpecification\",\"valueRequired\":true,\"valueName\":\"search_term_string\"}}],\"inLanguage\":\"fr-FR\"},{\"@type\":\"Organization\",\"@id\":\"https:\\\/\\\/kiplink-finance.fr\\\/#organization\",\"name\":\"KIPLINK FINANCE\",\"url\":\"https:\\\/\\\/kiplink-finance.fr\\\/\",\"logo\":{\"@type\":\"ImageObject\",\"inLanguage\":\"fr-FR\",\"@id\":\"https:\\\/\\\/kiplink-finance.fr\\\/#\\\/schema\\\/logo\\\/image\\\/\",\"url\":\"https:\\\/\\\/kiplink-finance.fr\\\/wp-content\\\/uploads\\\/2021\\\/04\\\/logo-kiplink.png\",\"contentUrl\":\"https:\\\/\\\/kiplink-finance.fr\\\/wp-content\\\/uploads\\\/2021\\\/04\\\/logo-kiplink.png\",\"width\":158,\"height\":40,\"caption\":\"KIPLINK FINANCE\"},\"image\":{\"@id\":\"https:\\\/\\\/kiplink-finance.fr\\\/#\\\/schema\\\/logo\\\/image\\\/\"}}]}<\/script>\n<!-- \/ Yoast SEO plugin. -->","yoast_head_json":{"title":"Gestion conseill\u00e9e | Kiplink Finance","robots":{"index":"index","follow":"follow","max-snippet":"max-snippet:-1","max-image-preview":"max-image-preview:large","max-video-preview":"max-video-preview:-1"},"canonical":"https:\/\/kiplink-finance.fr\/?page_id=2481","og_locale":"fr_FR","og_type":"article","og_title":"Gestion conseill\u00e9e | Kiplink Finance","og_description":"Gestion conseill\u00e9e Un partage constant des id\u00e9es et convictions, la ma\u00eetrise de vos d\u00e9cisions d\u2019investissement Notre gestion conseill\u00e9e vous permet de garder la ma\u00eetrise de vos d\u00e9cisions et actes de gestion tout en b\u00e9n\u00e9ficiant d\u2019un accompagnement personnalis\u00e9 au quotidien sur l\u2019ensemble des classes d\u2019actifs, titres vifs ou gestion collective. Avec votre g\u00e9rant, vous avez ainsi [&hellip;]","og_url":"https:\/\/kiplink-finance.fr\/?page_id=2481","og_site_name":"Kiplink Finance","article_modified_time":"2021-12-13T13:47:42+00:00","og_image":[{"url":"https:\/\/www.kip.choriandre.fr\/wp-content\/uploads\/2021\/12\/Kiplink-Finance-ecran-cours-bourse-500x400xc.jpg","type":"","width":"","height":""}],"twitter_card":"summary_large_image","twitter_misc":{"Dur\u00e9e de lecture estim\u00e9e":"1 minute"},"schema":{"@context":"https:\/\/schema.org","@graph":[{"@type":"WebPage","@id":"https:\/\/kiplink-finance.fr\/?page_id=2481","url":"https:\/\/kiplink-finance.fr\/?page_id=2481","name":"Gestion conseill\u00e9e | Kiplink Finance","isPartOf":{"@id":"https:\/\/kiplink-finance.fr\/#website"},"primaryImageOfPage":{"@id":"https:\/\/kiplink-finance.fr\/?page_id=2481#primaryimage"},"image":{"@id":"https:\/\/kiplink-finance.fr\/?page_id=2481#primaryimage"},"thumbnailUrl":"https:\/\/www.kip.choriandre.fr\/wp-content\/uploads\/2021\/12\/Kiplink-Finance-ecran-cours-bourse-500x400xc.jpg","datePublished":"2021-07-07T09:41:35+00:00","dateModified":"2021-12-13T13:47:42+00:00","breadcrumb":{"@id":"https:\/\/kiplink-finance.fr\/?page_id=2481#breadcrumb"},"inLanguage":"fr-FR","potentialAction":[{"@type":"ReadAction","target":["https:\/\/kiplink-finance.fr\/?page_id=2481"]}]},{"@type":"ImageObject","inLanguage":"fr-FR","@id":"https:\/\/kiplink-finance.fr\/?page_id=2481#primaryimage","url":"https:\/\/www.kip.choriandre.fr\/wp-content\/uploads\/2021\/12\/Kiplink-Finance-ecran-cours-bourse-500x400xc.jpg","contentUrl":"https:\/\/www.kip.choriandre.fr\/wp-content\/uploads\/2021\/12\/Kiplink-Finance-ecran-cours-bourse-500x400xc.jpg"},{"@type":"BreadcrumbList","@id":"https:\/\/kiplink-finance.fr\/?page_id=2481#breadcrumb","itemListElement":[{"@type":"ListItem","position":1,"name":"Accueil","item":"https:\/\/kiplink-finance.fr\/"},{"@type":"ListItem","position":2,"name":"Gestion conseill\u00e9e"}]},{"@type":"WebSite","@id":"https:\/\/kiplink-finance.fr\/#website","url":"https:\/\/kiplink-finance.fr\/","name":"Kiplink Finance","description":"","publisher":{"@id":"https:\/\/kiplink-finance.fr\/#organization"},"potentialAction":[{"@type":"SearchAction","target":{"@type":"EntryPoint","urlTemplate":"https:\/\/kiplink-finance.fr\/?s={search_term_string}"},"query-input":{"@type":"PropertyValueSpecification","valueRequired":true,"valueName":"search_term_string"}}],"inLanguage":"fr-FR"},{"@type":"Organization","@id":"https:\/\/kiplink-finance.fr\/#organization","name":"KIPLINK FINANCE","url":"https:\/\/kiplink-finance.fr\/","logo":{"@type":"ImageObject","inLanguage":"fr-FR","@id":"https:\/\/kiplink-finance.fr\/#\/schema\/logo\/image\/","url":"https:\/\/kiplink-finance.fr\/wp-content\/uploads\/2021\/04\/logo-kiplink.png","contentUrl":"https:\/\/kiplink-finance.fr\/wp-content\/uploads\/2021\/04\/logo-kiplink.png","width":158,"height":40,"caption":"KIPLINK FINANCE"},"image":{"@id":"https:\/\/kiplink-finance.fr\/#\/schema\/logo\/image\/"}}]}},"_links":{"self":[{"href":"https:\/\/kiplink-finance.fr\/index.php?rest_route=\/wp\/v2\/pages\/2481","targetHints":{"allow":["GET"]}}],"collection":[{"href":"https:\/\/kiplink-finance.fr\/index.php?rest_route=\/wp\/v2\/pages"}],"about":[{"href":"https:\/\/kiplink-finance.fr\/index.php?rest_route=\/wp\/v2\/types\/page"}],"author":[{"embeddable":true,"href":"https:\/\/kiplink-finance.fr\/index.php?rest_route=\/wp\/v2\/users\/1"}],"replies":[{"embeddable":true,"href":"https:\/\/kiplink-finance.fr\/index.php?rest_route=%2Fwp%2Fv2%2Fcomments&post=2481"}],"version-history":[{"count":28,"href":"https:\/\/kiplink-finance.fr\/index.php?rest_route=\/wp\/v2\/pages\/2481\/revisions"}],"predecessor-version":[{"id":3581,"href":"https:\/\/kiplink-finance.fr\/index.php?rest_route=\/wp\/v2\/pages\/2481\/revisions\/3581"}],"wp:attachment":[{"href":"https:\/\/kiplink-finance.fr\/index.php?rest_route=%2Fwp%2Fv2%2Fmedia&parent=2481"}],"curies":[{"name":"wp","href":"https:\/\/api.w.org\/{rel}","templated":true}]}}