{"id":2464,"date":"2021-07-07T11:32:34","date_gmt":"2021-07-07T09:32:34","guid":{"rendered":"http:\/\/kip.choriandre.fr\/?page_id=2464"},"modified":"2025-12-01T09:49:29","modified_gmt":"2025-12-01T08:49:29","slug":"gestion-sous-mandat","status":"publish","type":"page","link":"https:\/\/kiplink-finance.fr\/?page_id=2464","title":{"rendered":"Gestion sous mandat"},"content":{"rendered":"<p><section class=\"kc-elm kc-css-289965 kc_row\"><div class=\"kc-row-container  kc-container\"><div class=\"kc-wrap-columns\"><div class=\"kc-elm kc-css-659533 kc_col-sm-6 kc_column kc_col-sm-6\"><div class=\"kc-col-container\"><div class=\"kc-elm kc-css-541938 kc-raw-code\"><div class=\"row blue_background\"><i class=\"fa-file-alt iconeExpertise text_white\"><\/i><h1 \r\n class=\"text_white\">Gestion sous mandat<\/h1><\/div><\/div><div class=\"kc-elm kc-css-219667 kc_text_block\"><\/p>\n<h2>Une gestion personnalis\u00e9e, souple, efficiente, motiv\u00e9e et transparente<\/h2>\n<p>\n<\/div><div class=\"kc-elm kc-css-342185 kc_text_block justifier\"><\/p>\n<p>Au quotidien, les g\u00e9rants analysent les march\u00e9s, s\u00e9lectionnent des <strong>actions et obligations ainsi que des OPCVM d\u00e9di\u00e9s en architecture ouverte<\/strong> en France et au Luxembourg.<\/p>\n<p>Pour ce faire, Kiplink Finance suit une s\u00e9lection de fonds g\u00e9r\u00e9s par des partenaires de r\u00e9f\u00e9rence, tant sur le plan de leurs process de gestion, de leurs strat\u00e9gies que de leurs performances.<\/p>\n<p>Un compte rendu de gestion vous sera adress\u00e9 semestriellement. Vous avez \u00e9galement la possibilit\u00e9 si vous le souhaitez, de demander <strong>un compte rendu de gestion adapt\u00e9<\/strong> qui pourra vous \u00eatre adress\u00e9 \u00e0 la fr\u00e9quence et selon les modalit\u00e9s de votre choix.<\/p>\n<p>A votre enti\u00e8re discr\u00e9tion, votre g\u00e9rant partagera ses convictions, les d\u00e9fendra le cas \u00e9ch\u00e9ant, motivera ses choix et ses options.<\/p>\n<p>Nous avons la possibilit\u00e9 d\u2019int\u00e9grer des crit\u00e8res ESG (Environnementaux, Sociaux et de Gouvernance) et ISR dans nos allocations d\u2019actifs en OPCVM et pouvons cr\u00e9er des OPC d\u00e9di\u00e9s \u00e0 partir d\u2019un montant de 5 millions d\u2019euros (FIA).<\/p>\n<p>\n<\/div><\/div><\/div><div class=\"kc-elm kc-css-106951 kc_col-sm-6 kc_column kc_col-sm-6\"><div class=\"kc-col-container\">\n<div class=\"kc-elm kc-css-340180 divider_line\">\n\t<div class=\"divider_inner divider_line2\">\n\t\t<i class=\"fa-file-alt\"><\/i>\t<\/div>\n<\/div>\n<div class=\"kc-elm kc-css-17105 kc_shortcode kc_single_image\">\n\n        <img decoding=\"async\" src=\"https:\/\/kiplink-finance.fr\/wp-content\/uploads\/2021\/10\/Kiplink-Finance-ecran-doigt-350x500xc.jpg\" class=\"\" alt=\"\" \/>    <\/div>\n\n<div class=\"kc-elm kc-css-120835 divider_line\">\n\t<div class=\"divider_inner divider_line2\">\n\t\t<i class=\"fa-file-alt\"><\/i>\t<\/div>\n<\/div>\n<\/div><\/div><\/div><\/div><\/section><section class=\"kc-elm kc-css-584365 kc_row\"><div class=\"kc-row-container  kc-container\"><div class=\"kc-wrap-columns\"><div class=\"kc-elm kc-css-504515 kc_col-sm-12 kc_column kc_col-sm-12\"><div class=\"kc-col-container\"><\/div><\/div><\/div><\/div><\/section><\/p>\n","protected":false},"excerpt":{"rendered":"","protected":false},"author":1,"featured_media":0,"parent":0,"menu_order":0,"comment_status":"closed","ping_status":"closed","template":"","meta":{"footnotes":""},"class_list":["post-2464","page","type-page","status-publish","hentry"],"yoast_head":"<!-- This site is optimized with the Yoast SEO plugin v27.5 - https:\/\/yoast.com\/product\/yoast-seo-wordpress\/ -->\n<title>Gestion sous mandat | Kiplink Finance<\/title>\n<meta name=\"robots\" content=\"index, follow, max-snippet:-1, max-image-preview:large, max-video-preview:-1\" \/>\n<link rel=\"canonical\" href=\"https:\/\/kiplink-finance.fr\/?page_id=2464\" \/>\n<meta property=\"og:locale\" content=\"fr_FR\" \/>\n<meta property=\"og:type\" content=\"article\" \/>\n<meta property=\"og:title\" content=\"Gestion sous mandat | Kiplink Finance\" \/>\n<meta property=\"og:description\" content=\"Gestion sous mandat Une gestion personnalis\u00e9e, souple, efficiente, motiv\u00e9e et transparente Au quotidien, les g\u00e9rants analysent les march\u00e9s, s\u00e9lectionnent des actions et obligations ainsi que des OPCVM d\u00e9di\u00e9s en architecture ouverte en France et au Luxembourg. Pour ce faire, Kiplink Finance suit une s\u00e9lection de fonds g\u00e9r\u00e9s par des partenaires de r\u00e9f\u00e9rence, tant sur le [&hellip;]\" \/>\n<meta property=\"og:url\" content=\"https:\/\/kiplink-finance.fr\/?page_id=2464\" \/>\n<meta property=\"og:site_name\" content=\"Kiplink Finance\" \/>\n<meta property=\"article:modified_time\" content=\"2025-12-01T08:49:29+00:00\" \/>\n<meta property=\"og:image\" content=\"https:\/\/kiplink-finance.fr\/wp-content\/uploads\/2021\/10\/Kiplink-Finance-ecran-doigt-350x500xc.jpg\" \/>\n<meta name=\"twitter:card\" content=\"summary_large_image\" \/>\n<meta name=\"twitter:label1\" content=\"Dur\u00e9e de lecture estim\u00e9e\" \/>\n\t<meta name=\"twitter:data1\" content=\"1 minute\" \/>\n<script type=\"application\/ld+json\" class=\"yoast-schema-graph\">{\"@context\":\"https:\\\/\\\/schema.org\",\"@graph\":[{\"@type\":\"WebPage\",\"@id\":\"https:\\\/\\\/kiplink-finance.fr\\\/?page_id=2464\",\"url\":\"https:\\\/\\\/kiplink-finance.fr\\\/?page_id=2464\",\"name\":\"Gestion sous mandat | Kiplink Finance\",\"isPartOf\":{\"@id\":\"https:\\\/\\\/kiplink-finance.fr\\\/#website\"},\"primaryImageOfPage\":{\"@id\":\"https:\\\/\\\/kiplink-finance.fr\\\/?page_id=2464#primaryimage\"},\"image\":{\"@id\":\"https:\\\/\\\/kiplink-finance.fr\\\/?page_id=2464#primaryimage\"},\"thumbnailUrl\":\"https:\\\/\\\/kiplink-finance.fr\\\/wp-content\\\/uploads\\\/2021\\\/10\\\/Kiplink-Finance-ecran-doigt-350x500xc.jpg\",\"datePublished\":\"2021-07-07T09:32:34+00:00\",\"dateModified\":\"2025-12-01T08:49:29+00:00\",\"breadcrumb\":{\"@id\":\"https:\\\/\\\/kiplink-finance.fr\\\/?page_id=2464#breadcrumb\"},\"inLanguage\":\"fr-FR\",\"potentialAction\":[{\"@type\":\"ReadAction\",\"target\":[\"https:\\\/\\\/kiplink-finance.fr\\\/?page_id=2464\"]}]},{\"@type\":\"ImageObject\",\"inLanguage\":\"fr-FR\",\"@id\":\"https:\\\/\\\/kiplink-finance.fr\\\/?page_id=2464#primaryimage\",\"url\":\"https:\\\/\\\/kiplink-finance.fr\\\/wp-content\\\/uploads\\\/2021\\\/10\\\/Kiplink-Finance-ecran-doigt-350x500xc.jpg\",\"contentUrl\":\"https:\\\/\\\/kiplink-finance.fr\\\/wp-content\\\/uploads\\\/2021\\\/10\\\/Kiplink-Finance-ecran-doigt-350x500xc.jpg\"},{\"@type\":\"BreadcrumbList\",\"@id\":\"https:\\\/\\\/kiplink-finance.fr\\\/?page_id=2464#breadcrumb\",\"itemListElement\":[{\"@type\":\"ListItem\",\"position\":1,\"name\":\"Accueil\",\"item\":\"https:\\\/\\\/kiplink-finance.fr\\\/\"},{\"@type\":\"ListItem\",\"position\":2,\"name\":\"Gestion sous mandat\"}]},{\"@type\":\"WebSite\",\"@id\":\"https:\\\/\\\/kiplink-finance.fr\\\/#website\",\"url\":\"https:\\\/\\\/kiplink-finance.fr\\\/\",\"name\":\"Kiplink Finance\",\"description\":\"\",\"publisher\":{\"@id\":\"https:\\\/\\\/kiplink-finance.fr\\\/#organization\"},\"potentialAction\":[{\"@type\":\"SearchAction\",\"target\":{\"@type\":\"EntryPoint\",\"urlTemplate\":\"https:\\\/\\\/kiplink-finance.fr\\\/?s={search_term_string}\"},\"query-input\":{\"@type\":\"PropertyValueSpecification\",\"valueRequired\":true,\"valueName\":\"search_term_string\"}}],\"inLanguage\":\"fr-FR\"},{\"@type\":\"Organization\",\"@id\":\"https:\\\/\\\/kiplink-finance.fr\\\/#organization\",\"name\":\"KIPLINK FINANCE\",\"url\":\"https:\\\/\\\/kiplink-finance.fr\\\/\",\"logo\":{\"@type\":\"ImageObject\",\"inLanguage\":\"fr-FR\",\"@id\":\"https:\\\/\\\/kiplink-finance.fr\\\/#\\\/schema\\\/logo\\\/image\\\/\",\"url\":\"https:\\\/\\\/kiplink-finance.fr\\\/wp-content\\\/uploads\\\/2021\\\/04\\\/logo-kiplink.png\",\"contentUrl\":\"https:\\\/\\\/kiplink-finance.fr\\\/wp-content\\\/uploads\\\/2021\\\/04\\\/logo-kiplink.png\",\"width\":158,\"height\":40,\"caption\":\"KIPLINK FINANCE\"},\"image\":{\"@id\":\"https:\\\/\\\/kiplink-finance.fr\\\/#\\\/schema\\\/logo\\\/image\\\/\"}}]}<\/script>\n<!-- \/ Yoast SEO plugin. -->","yoast_head_json":{"title":"Gestion sous mandat | Kiplink Finance","robots":{"index":"index","follow":"follow","max-snippet":"max-snippet:-1","max-image-preview":"max-image-preview:large","max-video-preview":"max-video-preview:-1"},"canonical":"https:\/\/kiplink-finance.fr\/?page_id=2464","og_locale":"fr_FR","og_type":"article","og_title":"Gestion sous mandat | Kiplink Finance","og_description":"Gestion sous mandat Une gestion personnalis\u00e9e, souple, efficiente, motiv\u00e9e et transparente Au quotidien, les g\u00e9rants analysent les march\u00e9s, s\u00e9lectionnent des actions et obligations ainsi que des OPCVM d\u00e9di\u00e9s en architecture ouverte en France et au Luxembourg. Pour ce faire, Kiplink Finance suit une s\u00e9lection de fonds g\u00e9r\u00e9s par des partenaires de r\u00e9f\u00e9rence, tant sur le [&hellip;]","og_url":"https:\/\/kiplink-finance.fr\/?page_id=2464","og_site_name":"Kiplink Finance","article_modified_time":"2025-12-01T08:49:29+00:00","og_image":[{"url":"https:\/\/kiplink-finance.fr\/wp-content\/uploads\/2021\/10\/Kiplink-Finance-ecran-doigt-350x500xc.jpg","type":"","width":"","height":""}],"twitter_card":"summary_large_image","twitter_misc":{"Dur\u00e9e de lecture estim\u00e9e":"1 minute"},"schema":{"@context":"https:\/\/schema.org","@graph":[{"@type":"WebPage","@id":"https:\/\/kiplink-finance.fr\/?page_id=2464","url":"https:\/\/kiplink-finance.fr\/?page_id=2464","name":"Gestion sous mandat | Kiplink Finance","isPartOf":{"@id":"https:\/\/kiplink-finance.fr\/#website"},"primaryImageOfPage":{"@id":"https:\/\/kiplink-finance.fr\/?page_id=2464#primaryimage"},"image":{"@id":"https:\/\/kiplink-finance.fr\/?page_id=2464#primaryimage"},"thumbnailUrl":"https:\/\/kiplink-finance.fr\/wp-content\/uploads\/2021\/10\/Kiplink-Finance-ecran-doigt-350x500xc.jpg","datePublished":"2021-07-07T09:32:34+00:00","dateModified":"2025-12-01T08:49:29+00:00","breadcrumb":{"@id":"https:\/\/kiplink-finance.fr\/?page_id=2464#breadcrumb"},"inLanguage":"fr-FR","potentialAction":[{"@type":"ReadAction","target":["https:\/\/kiplink-finance.fr\/?page_id=2464"]}]},{"@type":"ImageObject","inLanguage":"fr-FR","@id":"https:\/\/kiplink-finance.fr\/?page_id=2464#primaryimage","url":"https:\/\/kiplink-finance.fr\/wp-content\/uploads\/2021\/10\/Kiplink-Finance-ecran-doigt-350x500xc.jpg","contentUrl":"https:\/\/kiplink-finance.fr\/wp-content\/uploads\/2021\/10\/Kiplink-Finance-ecran-doigt-350x500xc.jpg"},{"@type":"BreadcrumbList","@id":"https:\/\/kiplink-finance.fr\/?page_id=2464#breadcrumb","itemListElement":[{"@type":"ListItem","position":1,"name":"Accueil","item":"https:\/\/kiplink-finance.fr\/"},{"@type":"ListItem","position":2,"name":"Gestion sous mandat"}]},{"@type":"WebSite","@id":"https:\/\/kiplink-finance.fr\/#website","url":"https:\/\/kiplink-finance.fr\/","name":"Kiplink Finance","description":"","publisher":{"@id":"https:\/\/kiplink-finance.fr\/#organization"},"potentialAction":[{"@type":"SearchAction","target":{"@type":"EntryPoint","urlTemplate":"https:\/\/kiplink-finance.fr\/?s={search_term_string}"},"query-input":{"@type":"PropertyValueSpecification","valueRequired":true,"valueName":"search_term_string"}}],"inLanguage":"fr-FR"},{"@type":"Organization","@id":"https:\/\/kiplink-finance.fr\/#organization","name":"KIPLINK FINANCE","url":"https:\/\/kiplink-finance.fr\/","logo":{"@type":"ImageObject","inLanguage":"fr-FR","@id":"https:\/\/kiplink-finance.fr\/#\/schema\/logo\/image\/","url":"https:\/\/kiplink-finance.fr\/wp-content\/uploads\/2021\/04\/logo-kiplink.png","contentUrl":"https:\/\/kiplink-finance.fr\/wp-content\/uploads\/2021\/04\/logo-kiplink.png","width":158,"height":40,"caption":"KIPLINK FINANCE"},"image":{"@id":"https:\/\/kiplink-finance.fr\/#\/schema\/logo\/image\/"}}]}},"_links":{"self":[{"href":"https:\/\/kiplink-finance.fr\/index.php?rest_route=\/wp\/v2\/pages\/2464","targetHints":{"allow":["GET"]}}],"collection":[{"href":"https:\/\/kiplink-finance.fr\/index.php?rest_route=\/wp\/v2\/pages"}],"about":[{"href":"https:\/\/kiplink-finance.fr\/index.php?rest_route=\/wp\/v2\/types\/page"}],"author":[{"embeddable":true,"href":"https:\/\/kiplink-finance.fr\/index.php?rest_route=\/wp\/v2\/users\/1"}],"replies":[{"embeddable":true,"href":"https:\/\/kiplink-finance.fr\/index.php?rest_route=%2Fwp%2Fv2%2Fcomments&post=2464"}],"version-history":[{"count":42,"href":"https:\/\/kiplink-finance.fr\/index.php?rest_route=\/wp\/v2\/pages\/2464\/revisions"}],"predecessor-version":[{"id":5009,"href":"https:\/\/kiplink-finance.fr\/index.php?rest_route=\/wp\/v2\/pages\/2464\/revisions\/5009"}],"wp:attachment":[{"href":"https:\/\/kiplink-finance.fr\/index.php?rest_route=%2Fwp%2Fv2%2Fmedia&parent=2464"}],"curies":[{"name":"wp","href":"https:\/\/api.w.org\/{rel}","templated":true}]}}