{"id":1742,"date":"2021-05-17T16:24:32","date_gmt":"2021-05-17T14:24:32","guid":{"rendered":"http:\/\/kip.choriandre.fr\/?page_id=1742"},"modified":"2024-09-03T14:58:29","modified_gmt":"2024-09-03T12:58:29","slug":"politique-de-confidentialite","status":"publish","type":"page","link":"https:\/\/kiplink-finance.fr\/?page_id=1742","title":{"rendered":"Charte relative \u00e0 la gestion des cookies"},"content":{"rendered":"<section class=\"kc-elm kc-css-504349 kc_row\"><div class=\"kc-row-container  kc-container\"><div class=\"kc-wrap-columns\"><div class=\"kc-elm kc-css-909668 kc_col-sm-12 kc_column kc_col-sm-12\"><div class=\"kc-col-container\"><div class=\"kc-elm kc-css-284100 kc_text_block justifier\"><p><strong>Sommaire\u00a0:<\/strong><\/p>\n<p><strong>\u00a0<\/strong><\/p>\n<ol>\n<li><strong>Un cookie, qu&rsquo;est-ce que c&rsquo;est ?<\/strong><\/li>\n<li><strong>Pourquoi nous utilisons des cookies ?<\/strong><\/li>\n<li><strong>Quels sont les cookies utilis\u00e9s\u00a0?<\/strong><\/li>\n<li><strong>Comment g\u00e9rer les cookies\u00a0?<\/strong><\/li>\n<\/ol>\n<p>Cette charte relative \u00e0 la gestion des cookies (ci-apr\u00e8s d\u00e9nomm\u00e9e \u00ab\u00a0Charte\u00a0\u00bb) s\u2019adresse \u00e0 toutes les personnes naviguant sur notre site et vise \u00e0 les informer des traitements mis en place \u00e0 travers les diff\u00e9rents cookies\/traceurs d\u00e9pos\u00e9s. Le terme \u00ab Site\u00a0\u00bb\u00a0d\u00e9signe le site que vous utilisez, auquel cette Charte s\u2019applique.<\/p>\n<ol>\n<li><strong>Un cookie, qu&rsquo;est-ce que c&rsquo;est ?<\/strong><\/li>\n<\/ol>\n<p>Un cookie est un petit fichier texte au format alphanum\u00e9rique d\u00e9pos\u00e9 et enregistr\u00e9 sur un espace d\u00e9di\u00e9 du disque dur de votre terminal (ordinateur, tablette, smartphone, etc.) lorsque vous visitez un site ou une application. Les cookies sont conserv\u00e9s pendant une certaine dur\u00e9e qui varie en fonction de leurs sp\u00e9cificit\u00e9s ce qui permettra \u00e0 son \u00e9metteur d\u2019identifier le terminal dans lequel il est enregistr\u00e9 chaque fois que vous vous y connecterez.<\/p>\n<p>Le terme \u00ab cookie \u00bb d\u00e9signe l\u2019ensemble des technologies permettant de tracer la navigation d\u2019un utilisateur.<\/p>\n<p>Il est important de noter que les cookies peuvent contenir des donn\u00e9es personnelles, telles que votre adresse IP, votre identifiant unique d&rsquo;appareil, des identifiants de session, et peuvent \u00eatre utilis\u00e9s pour vous identifier de mani\u00e8re indirecte. Par cons\u00e9quent, leur utilisation est encadr\u00e9e et vous devez \u00eatre inform\u00e9 et lorsque requis, donner votre consentement, avant que ces \u00e9l\u00e9ments ne soient d\u00e9pos\u00e9s sur votre terminal.<\/p>\n<p><strong>\u00a0<\/strong><\/p>\n<ol start=\"2\">\n<li><strong>Pourquoi nous utilisons des cookies ?<\/strong><\/li>\n<\/ol>\n<p>Nous utilisons un seul type de cookies \u00e0 savoir des cookies de fonctionnement indispensables \u00e0 la navigation sur notre Site qui vous permettent d\u2019utiliser les principales fonctionnalit\u00e9s du Site.<\/p>\n<p>Le bandeau cookies ne s\u2019affiche pas sur la page d\u2019accueil lors de votre navigation car seuls des cookies n\u00e9cessaires au fonctionnement du Site sont d\u00e9pos\u00e9s.<\/p>\n<ol start=\"3\">\n<li><strong>Quels sont les cookies utilis\u00e9s\u00a0?<\/strong><\/li>\n<\/ol>\n<table width=\"604\">\n<tbody>\n<tr>\n<td colspan=\"3\" width=\"604\">\n<p><strong>Cookies fonctionnels<\/strong><\/p>\n<\/td>\n<\/tr>\n<tr>\n<td width=\"153\">\n<p><strong>Partenaire\/Nom du cookie<\/strong><\/p>\n<\/td>\n<td width=\"186\">\n<p><strong>Dur\u00e9e de conservation<\/strong><\/p>\n<\/td>\n<td width=\"264\">\n<p><strong>Finalit\u00e9<\/strong><\/p>\n<\/td>\n<\/tr>\n<tr>\n<td width=\"153\">\n<p>Google Fonts<\/p>\n<\/td>\n<td width=\"186\">\n<p>Session<\/p>\n<\/td>\n<td width=\"264\">\n<p>Permet d&rsquo;obtenir diff\u00e9rentes polices de caract\u00e8res pour l&rsquo;internet<\/p>\n<\/td>\n<\/tr>\n<\/tbody>\n<\/table>\n<p><strong>\u00a0<\/strong><\/p>\n<ol start=\"4\">\n<li><strong>Comment g\u00e9rer les cookies\u00a0?<\/strong><\/li>\n<\/ol>\n<p>Vous pouvez g\u00e9rer et modifier \u00e0 tout moment l\u2019utilisation des cookies suivant les possibilit\u00e9s rappel\u00e9es ci-apr\u00e8s. Ainsi, vous pouvez g\u00e9rer les cookies directement et \u00e0 tout moment\u00a0\u00e0 partir de votre logiciel de navigation en configurant votre logiciel de navigation de mani\u00e8re \u00e0 ce que des cookies soient enregistr\u00e9s dans votre terminal. Il est n\u00e9cessaire cependant de param\u00e9trer l\u2019ensemble des navigateurs de vos diff\u00e9rents terminaux. Chaque navigateur a une configuration propre, d\u00e9crite dans le menu d\u2019aide de votre navigateur.<\/p>\n<p>Pour en savoir plus, nous vous invitons \u00e0 consulter le site de la Commission nationale de l\u2019informatique et des libert\u00e9s : <a href=\"https:\/\/www.cnil.fr\/fr\/cookies-les-outils-pour-les-maitriser\">https:\/\/www.cnil.fr\/fr\/cookies-les-outils-pour-les-maitriser<\/a>.<\/p><\/p>\n<\/div><\/div><\/div><\/div><\/div><\/section><!-- \/wp:post-content -->","protected":false},"excerpt":{"rendered":"","protected":false},"author":1,"featured_media":0,"parent":0,"menu_order":0,"comment_status":"closed","ping_status":"closed","template":"","meta":{"footnotes":""},"class_list":["post-1742","page","type-page","status-publish","hentry"],"yoast_head":"<!-- This site is optimized with the Yoast SEO plugin v27.3 - https:\/\/yoast.com\/product\/yoast-seo-wordpress\/ -->\n<title>Charte relative \u00e0 la gestion des cookies | Kiplink Finance<\/title>\n<meta name=\"robots\" content=\"index, follow, max-snippet:-1, max-image-preview:large, max-video-preview:-1\" \/>\n<link rel=\"canonical\" href=\"https:\/\/kiplink-finance.fr\/?page_id=1742\" \/>\n<meta property=\"og:locale\" content=\"fr_FR\" \/>\n<meta property=\"og:type\" content=\"article\" \/>\n<meta property=\"og:title\" content=\"Charte relative \u00e0 la gestion des cookies | Kiplink Finance\" \/>\n<meta property=\"og:description\" content=\"Sommaire\u00a0: \u00a0 Un cookie, qu&rsquo;est-ce que c&rsquo;est ? Pourquoi nous utilisons des cookies ? Quels sont les cookies utilis\u00e9s\u00a0? Comment g\u00e9rer les cookies\u00a0? Cette charte relative \u00e0 la gestion des cookies (ci-apr\u00e8s d\u00e9nomm\u00e9e \u00ab\u00a0Charte\u00a0\u00bb) s\u2019adresse \u00e0 toutes les personnes naviguant sur notre site et vise \u00e0 les informer des traitements mis en place \u00e0 travers [&hellip;]\" \/>\n<meta property=\"og:url\" content=\"https:\/\/kiplink-finance.fr\/?page_id=1742\" \/>\n<meta property=\"og:site_name\" content=\"Kiplink Finance\" \/>\n<meta property=\"article:modified_time\" content=\"2024-09-03T12:58:29+00:00\" \/>\n<meta name=\"twitter:card\" content=\"summary_large_image\" \/>\n<meta name=\"twitter:label1\" content=\"Dur\u00e9e de lecture estim\u00e9e\" \/>\n\t<meta name=\"twitter:data1\" content=\"2 minutes\" \/>\n<script type=\"application\/ld+json\" class=\"yoast-schema-graph\">{\"@context\":\"https:\\\/\\\/schema.org\",\"@graph\":[{\"@type\":\"WebPage\",\"@id\":\"https:\\\/\\\/kiplink-finance.fr\\\/?page_id=1742\",\"url\":\"https:\\\/\\\/kiplink-finance.fr\\\/?page_id=1742\",\"name\":\"Charte relative \u00e0 la gestion des cookies | Kiplink Finance\",\"isPartOf\":{\"@id\":\"https:\\\/\\\/kiplink-finance.fr\\\/#website\"},\"datePublished\":\"2021-05-17T14:24:32+00:00\",\"dateModified\":\"2024-09-03T12:58:29+00:00\",\"breadcrumb\":{\"@id\":\"https:\\\/\\\/kiplink-finance.fr\\\/?page_id=1742#breadcrumb\"},\"inLanguage\":\"fr-FR\",\"potentialAction\":[{\"@type\":\"ReadAction\",\"target\":[\"https:\\\/\\\/kiplink-finance.fr\\\/?page_id=1742\"]}]},{\"@type\":\"BreadcrumbList\",\"@id\":\"https:\\\/\\\/kiplink-finance.fr\\\/?page_id=1742#breadcrumb\",\"itemListElement\":[{\"@type\":\"ListItem\",\"position\":1,\"name\":\"Accueil\",\"item\":\"https:\\\/\\\/kiplink-finance.fr\\\/\"},{\"@type\":\"ListItem\",\"position\":2,\"name\":\"Charte relative \u00e0 la gestion des cookies\"}]},{\"@type\":\"WebSite\",\"@id\":\"https:\\\/\\\/kiplink-finance.fr\\\/#website\",\"url\":\"https:\\\/\\\/kiplink-finance.fr\\\/\",\"name\":\"Kiplink Finance\",\"description\":\"\",\"publisher\":{\"@id\":\"https:\\\/\\\/kiplink-finance.fr\\\/#organization\"},\"potentialAction\":[{\"@type\":\"SearchAction\",\"target\":{\"@type\":\"EntryPoint\",\"urlTemplate\":\"https:\\\/\\\/kiplink-finance.fr\\\/?s={search_term_string}\"},\"query-input\":{\"@type\":\"PropertyValueSpecification\",\"valueRequired\":true,\"valueName\":\"search_term_string\"}}],\"inLanguage\":\"fr-FR\"},{\"@type\":\"Organization\",\"@id\":\"https:\\\/\\\/kiplink-finance.fr\\\/#organization\",\"name\":\"KIPLINK FINANCE\",\"url\":\"https:\\\/\\\/kiplink-finance.fr\\\/\",\"logo\":{\"@type\":\"ImageObject\",\"inLanguage\":\"fr-FR\",\"@id\":\"https:\\\/\\\/kiplink-finance.fr\\\/#\\\/schema\\\/logo\\\/image\\\/\",\"url\":\"https:\\\/\\\/kiplink-finance.fr\\\/wp-content\\\/uploads\\\/2021\\\/04\\\/logo-kiplink.png\",\"contentUrl\":\"https:\\\/\\\/kiplink-finance.fr\\\/wp-content\\\/uploads\\\/2021\\\/04\\\/logo-kiplink.png\",\"width\":158,\"height\":40,\"caption\":\"KIPLINK FINANCE\"},\"image\":{\"@id\":\"https:\\\/\\\/kiplink-finance.fr\\\/#\\\/schema\\\/logo\\\/image\\\/\"}}]}<\/script>\n<!-- \/ Yoast SEO plugin. -->","yoast_head_json":{"title":"Charte relative \u00e0 la gestion des cookies | Kiplink Finance","robots":{"index":"index","follow":"follow","max-snippet":"max-snippet:-1","max-image-preview":"max-image-preview:large","max-video-preview":"max-video-preview:-1"},"canonical":"https:\/\/kiplink-finance.fr\/?page_id=1742","og_locale":"fr_FR","og_type":"article","og_title":"Charte relative \u00e0 la gestion des cookies | Kiplink Finance","og_description":"Sommaire\u00a0: \u00a0 Un cookie, qu&rsquo;est-ce que c&rsquo;est ? Pourquoi nous utilisons des cookies ? Quels sont les cookies utilis\u00e9s\u00a0? Comment g\u00e9rer les cookies\u00a0? Cette charte relative \u00e0 la gestion des cookies (ci-apr\u00e8s d\u00e9nomm\u00e9e \u00ab\u00a0Charte\u00a0\u00bb) s\u2019adresse \u00e0 toutes les personnes naviguant sur notre site et vise \u00e0 les informer des traitements mis en place \u00e0 travers [&hellip;]","og_url":"https:\/\/kiplink-finance.fr\/?page_id=1742","og_site_name":"Kiplink Finance","article_modified_time":"2024-09-03T12:58:29+00:00","twitter_card":"summary_large_image","twitter_misc":{"Dur\u00e9e de lecture estim\u00e9e":"2 minutes"},"schema":{"@context":"https:\/\/schema.org","@graph":[{"@type":"WebPage","@id":"https:\/\/kiplink-finance.fr\/?page_id=1742","url":"https:\/\/kiplink-finance.fr\/?page_id=1742","name":"Charte relative \u00e0 la gestion des cookies | Kiplink Finance","isPartOf":{"@id":"https:\/\/kiplink-finance.fr\/#website"},"datePublished":"2021-05-17T14:24:32+00:00","dateModified":"2024-09-03T12:58:29+00:00","breadcrumb":{"@id":"https:\/\/kiplink-finance.fr\/?page_id=1742#breadcrumb"},"inLanguage":"fr-FR","potentialAction":[{"@type":"ReadAction","target":["https:\/\/kiplink-finance.fr\/?page_id=1742"]}]},{"@type":"BreadcrumbList","@id":"https:\/\/kiplink-finance.fr\/?page_id=1742#breadcrumb","itemListElement":[{"@type":"ListItem","position":1,"name":"Accueil","item":"https:\/\/kiplink-finance.fr\/"},{"@type":"ListItem","position":2,"name":"Charte relative \u00e0 la gestion des cookies"}]},{"@type":"WebSite","@id":"https:\/\/kiplink-finance.fr\/#website","url":"https:\/\/kiplink-finance.fr\/","name":"Kiplink Finance","description":"","publisher":{"@id":"https:\/\/kiplink-finance.fr\/#organization"},"potentialAction":[{"@type":"SearchAction","target":{"@type":"EntryPoint","urlTemplate":"https:\/\/kiplink-finance.fr\/?s={search_term_string}"},"query-input":{"@type":"PropertyValueSpecification","valueRequired":true,"valueName":"search_term_string"}}],"inLanguage":"fr-FR"},{"@type":"Organization","@id":"https:\/\/kiplink-finance.fr\/#organization","name":"KIPLINK FINANCE","url":"https:\/\/kiplink-finance.fr\/","logo":{"@type":"ImageObject","inLanguage":"fr-FR","@id":"https:\/\/kiplink-finance.fr\/#\/schema\/logo\/image\/","url":"https:\/\/kiplink-finance.fr\/wp-content\/uploads\/2021\/04\/logo-kiplink.png","contentUrl":"https:\/\/kiplink-finance.fr\/wp-content\/uploads\/2021\/04\/logo-kiplink.png","width":158,"height":40,"caption":"KIPLINK FINANCE"},"image":{"@id":"https:\/\/kiplink-finance.fr\/#\/schema\/logo\/image\/"}}]}},"_links":{"self":[{"href":"https:\/\/kiplink-finance.fr\/index.php?rest_route=\/wp\/v2\/pages\/1742","targetHints":{"allow":["GET"]}}],"collection":[{"href":"https:\/\/kiplink-finance.fr\/index.php?rest_route=\/wp\/v2\/pages"}],"about":[{"href":"https:\/\/kiplink-finance.fr\/index.php?rest_route=\/wp\/v2\/types\/page"}],"author":[{"embeddable":true,"href":"https:\/\/kiplink-finance.fr\/index.php?rest_route=\/wp\/v2\/users\/1"}],"replies":[{"embeddable":true,"href":"https:\/\/kiplink-finance.fr\/index.php?rest_route=%2Fwp%2Fv2%2Fcomments&post=1742"}],"version-history":[{"count":14,"href":"https:\/\/kiplink-finance.fr\/index.php?rest_route=\/wp\/v2\/pages\/1742\/revisions"}],"predecessor-version":[{"id":4827,"href":"https:\/\/kiplink-finance.fr\/index.php?rest_route=\/wp\/v2\/pages\/1742\/revisions\/4827"}],"wp:attachment":[{"href":"https:\/\/kiplink-finance.fr\/index.php?rest_route=%2Fwp%2Fv2%2Fmedia&parent=1742"}],"curies":[{"name":"wp","href":"https:\/\/api.w.org\/{rel}","templated":true}]}}