{"id":159,"date":"2021-04-12T11:00:09","date_gmt":"2021-04-12T09:00:09","guid":{"rendered":"http:\/\/kip.choriandre.fr\/?page_id=159"},"modified":"2021-12-17T16:51:16","modified_gmt":"2021-12-17T15:51:16","slug":"nos-valeurs","status":"publish","type":"page","link":"https:\/\/kiplink-finance.fr\/?page_id=159","title":{"rendered":"Nos valeurs"},"content":{"rendered":"<p><section class=\"kc-elm kc-css-5722 kc_row\"><div class=\"kc-row-container  kc-container\"><div class=\"kc-wrap-columns\"><div class=\"kc-elm kc-css-846086 kc_col-sm-12 kc_column kc_col-sm-12\"><div class=\"kc-col-container\">\n<div class=\"kc-elm kc-css-232056 kc-title-wrap \">\n\n\t<h1 class=\"kc_title justifier\">Choisir Kiplink Finance, c'est choisir une gestion personnalis\u00e9e, souple, libre, prenant en compte votre situation familiale et vos objectifs patrimoniaux<\/h1>\n<\/div>\n\n<div class=\"kc-elm kc-css-19929 divider_line\">\n\t<div class=\"divider_inner divider_line2\">\n\t\t<i class=\"et-presentation\"><\/i>\t<\/div>\n<\/div>\n<\/div><\/div><\/div><\/div><\/section><section class=\"kc-elm kc-css-971240 kc_row\"><div class=\"kc-row-container  kc-container\"><div class=\"kc-wrap-columns\"><div class=\"kc-elm kc-css-297645 kc_col-sm-4 kc_column kc_col-sm-4\"><div class=\"kc-col-container\"><div class=\"kc-elm kc-css-71650 kc-icon-wrapper\">\n\t\t<i class=\"fa-assistive-listening-systems\"><\/i>\n\t<\/div>\n<div class=\"kc-elm kc-css-101438 kc_text_block\"><\/p>\n<h2 style=\"text-align: center;\">Ecoute<\/h2>\n<p style=\"text-align: center;\">Notre \u00e9quipe d\u2019experts est \u00e0 votre \u00e9coute pour vous accompagner dans vos projets, en tenant compte de <strong>votre horizon de placement, vos contraintes et priorit\u00e9s<\/strong>.<\/p>\n<p>\n<\/div><\/div><\/div><div class=\"kc-elm kc-css-317844 kc_col-sm-4 kc_column kc_col-sm-4\"><div class=\"kc-col-container\"><div class=\"kc-elm kc-css-898448 kc-icon-wrapper\">\n\t\t<i class=\"fa-comments\"><\/i>\n\t<\/div>\n<div class=\"kc-elm kc-css-851477 kc_text_block\"><\/p>\n<h2 style=\"text-align: center;\">Conseil<\/h2>\n<p style=\"color: #444444; font-weight: 400; text-align: center;\">Nous mettons \u00e0 votre disposition notre expertise plurielle pour vous apporter le<strong>\u00a0conseil personnalis\u00e9<\/strong>, adapt\u00e9 \u00e0 votre situation.<\/p>\n<p>\n<\/div><\/div><\/div><div class=\"kc-elm kc-css-832325 kc_col-sm-4 kc_column kc_col-sm-4\"><div class=\"kc-col-container\"><div class=\"kc-elm kc-css-218022 kc-icon-wrapper\">\n\t\t<i class=\"fa-street-view\"><\/i>\n\t<\/div>\n<div class=\"kc-elm kc-css-943834 kc_text_block\"><\/p>\n<h2 style=\"text-align: center;\">Proximit\u00e9<\/h2>\n<p style=\"text-align: center;\">Notre \u00e9quipe et votre g\u00e9rant d\u00e9di\u00e9 restent <strong>\u00e0 vos c\u00f4t\u00e9s<\/strong> pour vous apporter toutes les informations sur l\u2019\u00e9volution de votre portefeuille d\u2019actifs, vos projets ou priorit\u00e9s.<\/p>\n<p>\n<\/div><\/div><\/div><\/div><\/div><\/section><section class=\"kc-elm kc-css-512790 kc_row\"><div class=\"kc-row-container  kc-container\"><div class=\"kc-wrap-columns\"><div class=\"kc-elm kc-css-380037 kc_col-sm-4 kc_column kc_col-sm-4\"><div class=\"kc-col-container\"><div class=\"kc-elm kc-css-775564 kc_text_block justifier\"><\/p>\n<p><strong><span class=\"text_blue\">Kiplink Finance<\/span><\/strong>, vous propose une approche personnalis\u00e9e et non profil\u00e9e de la gestion d\u2019actifs eu \u00e9gard \u00e0 votre affinit\u00e9 aux classes d\u2019actifs, aux zones g\u00e9ographiques, aux valeurs mobili\u00e8res en direct ou collectives, \u00e0 votre sensibilit\u00e9 au risque et votre horizon de placement.<\/p>\n<p>\n<\/div><\/div><\/div><div class=\"kc-elm kc-css-757186 kc_col-sm-4 kc_column kc_col-sm-4\"><div class=\"kc-col-container\"><div class=\"kc-elm kc-css-875019 kc_text_block justifier\"><\/p>\n<p>Vous \u00eates suivi en <strong>gestion sous mandat<\/strong> ou <strong>conseill\u00e9e<\/strong> par un interlocuteur d\u00e9di\u00e9.\u00a0Votre gestionnaire s&#039;appuie sur u<strong>ne salle de march\u00e9 d\u00e9di\u00e9e<\/strong> \u00e0 la r\u00e9alisation au mieux de vos op\u00e9rations, aliment\u00e9e et inform\u00e9e en continue par les meilleurs bureaux d\u2019analystes, les \u00e9changes permanents entre les g\u00e9rants et la synth\u00e8se d\u2019un comit\u00e9 d\u2019investissement hebdomadaire.<\/p>\n<p>\n<\/div><\/div><\/div><div class=\"kc-elm kc-css-492530 kc_col-sm-4 kc_column kc_col-sm-4\"><div class=\"kc-col-container\"><div class=\"kc-elm kc-css-316906 kc_text_block justifier\"><\/p>\n<p><span style=\"font-style: inherit;\">Nous mettons \u00e0 votre disposition notre expertise en mati\u00e8re <\/span><strong style=\"font-style: inherit;\">juridique et fiscale<\/strong><span style=\"font-style: inherit;\"> pour construire vos strat\u00e9gies en fonction de vos objectifs, contraintes et priorit\u00e9s patrimoniales, en ad\u00e9quation avec l\u2019environnement juridique et fiscal.<\/span><\/p>\n<p>\n<\/div><\/div><\/div><\/div><\/div><\/section><section class=\"kc-elm kc-css-830808 kc_row\"><div class=\"kc-row-container  kc-container\"><div class=\"kc-wrap-columns\"><div class=\"kc-elm kc-css-764224 kc_col-sm-4 kc_column kc_col-sm-4\"><div class=\"kc-col-container\"><div class=\"kc-elm kc-css-959616 kc-icon-wrapper\">\n\t\t<i class=\"fa-handshake\"><\/i>\n\t<\/div>\n<div class=\"kc-elm kc-css-942567 kc_text_block\"><\/p>\n<h2 style=\"text-align: center;\">Accompagnement<\/h2>\n<p style=\"color: #444444; text-align: center;\">Nous vous accompagnons et construisons <strong>notre relation dans la dur\u00e9e<\/strong>, en vous apportant notre expertise dans nos nombreux domaines de comp\u00e9tence.<\/p>\n<p>\n<\/div><\/div><\/div><div class=\"kc-elm kc-css-613273 kc_col-sm-4 kc_column kc_col-sm-4\"><div class=\"kc-col-container\"><\/div><\/div><div class=\"kc-elm kc-css-466853 kc_col-sm-4 kc_column kc_col-sm-4\"><div class=\"kc-col-container\"><div class=\"kc-elm kc-css-204028 kc-icon-wrapper\">\n\t\t<i class=\"fa-hands\"><\/i>\n\t<\/div>\n<div class=\"kc-elm kc-css-147201 kc_text_block\"><\/p>\n<h2 style=\"text-align: center;\">Engagement<\/h2>\n<p style=\"text-align: center;\">Nous nous engageons \u00e0 vous apporter l<strong>a plus grande disponibilit\u00e9<\/strong> de nos \u00e9quipes au service de la qualit\u00e9 de notre relation.<\/p>\n<p>\n<\/div><\/div><\/div><\/div><\/div><\/section><section class=\"kc-elm kc-css-300847 kc_row\"><div class=\"kc-row-container  kc-container\"><div class=\"kc-wrap-columns\"><div class=\"kc-elm kc-css-564933 kc_column kc_col-sm-12\"><div class=\"kc-col-container\"><div class=\"kc-elm kc-css-173896 kc-animated kc-animate-eff-fadeInUp kc_text_block\"><\/p>\n<h3>Garder le lien et le renforcer sans cesse avec <span class=\"text_blue\"> votre g\u00e9rant, votre gestion et votre patrimoine.<\/span><\/h3>\n<p>\n<\/div><div class=\"kc-elm kc-css-486187 kc_text_block\"><\/p>\n<p>\n<strong><span class=\"text_blue\">Kiplink Finance<\/span><\/strong>, vous propose une approche personnalis\u00e9e et non profil\u00e9e de la gestion d\u2019actifs eu \u00e9gard \u00e0 votre affinit\u00e9 aux classes d\u2019actifs, aux zones g\u00e9ographiques et aux valeurs mobili\u00e8res en direct ou collectives, \u00e0 votre sensibilit\u00e9 au risque et votre horizon de placement.<\/p>\n<p>Vous \u00eates suivi en <strong>gestion sous mandat<\/strong> ou <strong>conseill\u00e9e<\/strong> par un interlocuteur unique. Il ne vous vendra aucun produit mais un service, une \u00e9coute, une analyse, un conseil proactif ou r\u00e9actif selon les circonstances, en tous les cas un accompagnement personnalis\u00e9 dans la dur\u00e9e que seules permettent la confiance partag\u00e9e et la confidentialit\u00e9 d\u2019une structure \u00e0 taille humaine.<\/p>\n<p>Pour ce faire, il s\u2019appuiera sur une salle de march\u00e9 d\u00e9di\u00e9e \u00e0 la r\u00e9alisation au mieux de vos op\u00e9rations, aliment\u00e9e et inform\u00e9e en continue par les meilleurs bureaux d\u2019analystes, les \u00e9changes permanents entre les g\u00e9rants et la synth\u00e8se d\u2019un comit\u00e9 d\u2019investissement hebdomadaire.<\/p>\n<p>\n<\/div><\/div><\/div><\/div><\/div><\/section><section class=\"kc-elm kc-css-657550 kc_row\"><div class=\"kc-row-container  kc-container\"><div class=\"kc-wrap-columns\"><div class=\"kc-elm kc-css-433218 kc_column kc_col-sm-12\"><div class=\"kc-col-container\"><div class=\"kc-elm kc-css-921028 kc_text_block\"><\/p>\n<p>\nNous mettons \u00e0 votre disposition notre expertise en mati\u00e8re <strong>juridique et fiscale<\/strong> pour construire vos strat\u00e9gies en fonction de vos objectifs, contraintes et priorit\u00e9s patrimoniales en ad\u00e9quation avec l\u2019environnement juridique et fiscal.<\/p>\n<p>\n<\/div><\/div><\/div><\/div><\/div><\/section><section class=\"kc-elm kc-css-233973 kc_row\"><div class=\"kc-row-container  kc-container\"><div class=\"kc-wrap-columns\"><div class=\"kc-elm kc-css-72113 kc_col-sm-12 kc_column kc_col-sm-12\"><div class=\"kc-col-container\">\n<div class=\"kc-elm kc-css-110369 divider_line\">\n\t<div class=\"divider_inner divider_line2\">\n\t\t<i class=\"et-presentation\"><\/i>\t<\/div>\n<\/div>\n<\/div><\/div><\/div><\/div><\/section><section class=\"kc-elm kc-css-847821 kc_row\"><div class=\"kc-row-container  kc-container\"><div class=\"kc-wrap-columns\"><div class=\"kc-elm kc-css-710037 kc_col-sm-12 kc_column kc_col-sm-12\"><div class=\"kc-col-container\"><div class=\"kc-elm kc-css-137728 kc_shortcode kc_single_image\">\n\n        <img decoding=\"async\" src=\"https:\/\/kiplink-finance.fr\/wp-content\/uploads\/2021\/10\/kiplink-finance-echos-350x550xc.png\" class=\"\" alt=\"center\" \/>    <\/div>\n\n<div class=\"kc-elm kc-css-213425 divider_line\">\n\t<div class=\"divider_inner divider_line2\">\n\t\t<i class=\"et-presentation\"><\/i>\t<\/div>\n<\/div>\n<\/div><\/div><\/div><\/div><\/section><\/p>\n","protected":false},"excerpt":{"rendered":"","protected":false},"author":1,"featured_media":0,"parent":0,"menu_order":0,"comment_status":"closed","ping_status":"closed","template":"","meta":{"footnotes":""},"class_list":["post-159","page","type-page","status-publish","hentry"],"yoast_head":"<!-- This site is optimized with the Yoast SEO plugin v27.6 - https:\/\/yoast.com\/product\/yoast-seo-wordpress\/ -->\n<title>Nos valeurs | Kiplink Finance<\/title>\n<meta name=\"robots\" content=\"index, follow, max-snippet:-1, max-image-preview:large, max-video-preview:-1\" \/>\n<link rel=\"canonical\" href=\"https:\/\/kiplink-finance.fr\/?page_id=159\" \/>\n<meta property=\"og:locale\" content=\"fr_FR\" \/>\n<meta property=\"og:type\" content=\"article\" \/>\n<meta property=\"og:title\" content=\"Nos valeurs | Kiplink Finance\" \/>\n<meta property=\"og:description\" content=\"Choisir Kiplink Finance, c&rsquo;est choisir une gestion personnalis\u00e9e, souple, libre, prenant en compte votre situation familiale et vos objectifs patrimoniaux Ecoute Notre \u00e9quipe d\u2019experts est \u00e0 votre \u00e9coute pour vous accompagner dans vos projets, en tenant compte de votre horizon de placement, vos contraintes et priorit\u00e9s. Conseil Nous mettons \u00e0 votre disposition notre expertise plurielle [&hellip;]\" \/>\n<meta property=\"og:url\" content=\"https:\/\/kiplink-finance.fr\/?page_id=159\" \/>\n<meta property=\"og:site_name\" content=\"Kiplink Finance\" \/>\n<meta property=\"article:modified_time\" content=\"2021-12-17T15:51:16+00:00\" \/>\n<meta property=\"og:image\" content=\"https:\/\/kiplink-finance.fr\/wp-content\/uploads\/2021\/10\/kiplink-finance-echos-350x550xc.png\" \/>\n<meta name=\"twitter:card\" content=\"summary_large_image\" \/>\n<meta name=\"twitter:label1\" content=\"Dur\u00e9e de lecture estim\u00e9e\" \/>\n\t<meta name=\"twitter:data1\" content=\"1 minute\" \/>\n<script type=\"application\/ld+json\" class=\"yoast-schema-graph\">{\"@context\":\"https:\\\/\\\/schema.org\",\"@graph\":[{\"@type\":\"WebPage\",\"@id\":\"https:\\\/\\\/kiplink-finance.fr\\\/?page_id=159\",\"url\":\"https:\\\/\\\/kiplink-finance.fr\\\/?page_id=159\",\"name\":\"Nos valeurs | Kiplink Finance\",\"isPartOf\":{\"@id\":\"https:\\\/\\\/kiplink-finance.fr\\\/#website\"},\"primaryImageOfPage\":{\"@id\":\"https:\\\/\\\/kiplink-finance.fr\\\/?page_id=159#primaryimage\"},\"image\":{\"@id\":\"https:\\\/\\\/kiplink-finance.fr\\\/?page_id=159#primaryimage\"},\"thumbnailUrl\":\"https:\\\/\\\/kiplink-finance.fr\\\/wp-content\\\/uploads\\\/2021\\\/10\\\/kiplink-finance-echos-350x550xc.png\",\"datePublished\":\"2021-04-12T09:00:09+00:00\",\"dateModified\":\"2021-12-17T15:51:16+00:00\",\"breadcrumb\":{\"@id\":\"https:\\\/\\\/kiplink-finance.fr\\\/?page_id=159#breadcrumb\"},\"inLanguage\":\"fr-FR\",\"potentialAction\":[{\"@type\":\"ReadAction\",\"target\":[\"https:\\\/\\\/kiplink-finance.fr\\\/?page_id=159\"]}]},{\"@type\":\"ImageObject\",\"inLanguage\":\"fr-FR\",\"@id\":\"https:\\\/\\\/kiplink-finance.fr\\\/?page_id=159#primaryimage\",\"url\":\"https:\\\/\\\/kiplink-finance.fr\\\/wp-content\\\/uploads\\\/2021\\\/10\\\/kiplink-finance-echos-350x550xc.png\",\"contentUrl\":\"https:\\\/\\\/kiplink-finance.fr\\\/wp-content\\\/uploads\\\/2021\\\/10\\\/kiplink-finance-echos-350x550xc.png\"},{\"@type\":\"BreadcrumbList\",\"@id\":\"https:\\\/\\\/kiplink-finance.fr\\\/?page_id=159#breadcrumb\",\"itemListElement\":[{\"@type\":\"ListItem\",\"position\":1,\"name\":\"Accueil\",\"item\":\"https:\\\/\\\/kiplink-finance.fr\\\/\"},{\"@type\":\"ListItem\",\"position\":2,\"name\":\"Nos valeurs\"}]},{\"@type\":\"WebSite\",\"@id\":\"https:\\\/\\\/kiplink-finance.fr\\\/#website\",\"url\":\"https:\\\/\\\/kiplink-finance.fr\\\/\",\"name\":\"Kiplink Finance\",\"description\":\"\",\"publisher\":{\"@id\":\"https:\\\/\\\/kiplink-finance.fr\\\/#organization\"},\"potentialAction\":[{\"@type\":\"SearchAction\",\"target\":{\"@type\":\"EntryPoint\",\"urlTemplate\":\"https:\\\/\\\/kiplink-finance.fr\\\/?s={search_term_string}\"},\"query-input\":{\"@type\":\"PropertyValueSpecification\",\"valueRequired\":true,\"valueName\":\"search_term_string\"}}],\"inLanguage\":\"fr-FR\"},{\"@type\":\"Organization\",\"@id\":\"https:\\\/\\\/kiplink-finance.fr\\\/#organization\",\"name\":\"KIPLINK FINANCE\",\"url\":\"https:\\\/\\\/kiplink-finance.fr\\\/\",\"logo\":{\"@type\":\"ImageObject\",\"inLanguage\":\"fr-FR\",\"@id\":\"https:\\\/\\\/kiplink-finance.fr\\\/#\\\/schema\\\/logo\\\/image\\\/\",\"url\":\"https:\\\/\\\/kiplink-finance.fr\\\/wp-content\\\/uploads\\\/2021\\\/04\\\/logo-kiplink.png\",\"contentUrl\":\"https:\\\/\\\/kiplink-finance.fr\\\/wp-content\\\/uploads\\\/2021\\\/04\\\/logo-kiplink.png\",\"width\":158,\"height\":40,\"caption\":\"KIPLINK FINANCE\"},\"image\":{\"@id\":\"https:\\\/\\\/kiplink-finance.fr\\\/#\\\/schema\\\/logo\\\/image\\\/\"}}]}<\/script>\n<!-- \/ Yoast SEO plugin. -->","yoast_head_json":{"title":"Nos valeurs | Kiplink Finance","robots":{"index":"index","follow":"follow","max-snippet":"max-snippet:-1","max-image-preview":"max-image-preview:large","max-video-preview":"max-video-preview:-1"},"canonical":"https:\/\/kiplink-finance.fr\/?page_id=159","og_locale":"fr_FR","og_type":"article","og_title":"Nos valeurs | Kiplink Finance","og_description":"Choisir Kiplink Finance, c&rsquo;est choisir une gestion personnalis\u00e9e, souple, libre, prenant en compte votre situation familiale et vos objectifs patrimoniaux Ecoute Notre \u00e9quipe d\u2019experts est \u00e0 votre \u00e9coute pour vous accompagner dans vos projets, en tenant compte de votre horizon de placement, vos contraintes et priorit\u00e9s. Conseil Nous mettons \u00e0 votre disposition notre expertise plurielle [&hellip;]","og_url":"https:\/\/kiplink-finance.fr\/?page_id=159","og_site_name":"Kiplink Finance","article_modified_time":"2021-12-17T15:51:16+00:00","og_image":[{"url":"https:\/\/kiplink-finance.fr\/wp-content\/uploads\/2021\/10\/kiplink-finance-echos-350x550xc.png","type":"","width":"","height":""}],"twitter_card":"summary_large_image","twitter_misc":{"Dur\u00e9e de lecture estim\u00e9e":"1 minute"},"schema":{"@context":"https:\/\/schema.org","@graph":[{"@type":"WebPage","@id":"https:\/\/kiplink-finance.fr\/?page_id=159","url":"https:\/\/kiplink-finance.fr\/?page_id=159","name":"Nos valeurs | Kiplink Finance","isPartOf":{"@id":"https:\/\/kiplink-finance.fr\/#website"},"primaryImageOfPage":{"@id":"https:\/\/kiplink-finance.fr\/?page_id=159#primaryimage"},"image":{"@id":"https:\/\/kiplink-finance.fr\/?page_id=159#primaryimage"},"thumbnailUrl":"https:\/\/kiplink-finance.fr\/wp-content\/uploads\/2021\/10\/kiplink-finance-echos-350x550xc.png","datePublished":"2021-04-12T09:00:09+00:00","dateModified":"2021-12-17T15:51:16+00:00","breadcrumb":{"@id":"https:\/\/kiplink-finance.fr\/?page_id=159#breadcrumb"},"inLanguage":"fr-FR","potentialAction":[{"@type":"ReadAction","target":["https:\/\/kiplink-finance.fr\/?page_id=159"]}]},{"@type":"ImageObject","inLanguage":"fr-FR","@id":"https:\/\/kiplink-finance.fr\/?page_id=159#primaryimage","url":"https:\/\/kiplink-finance.fr\/wp-content\/uploads\/2021\/10\/kiplink-finance-echos-350x550xc.png","contentUrl":"https:\/\/kiplink-finance.fr\/wp-content\/uploads\/2021\/10\/kiplink-finance-echos-350x550xc.png"},{"@type":"BreadcrumbList","@id":"https:\/\/kiplink-finance.fr\/?page_id=159#breadcrumb","itemListElement":[{"@type":"ListItem","position":1,"name":"Accueil","item":"https:\/\/kiplink-finance.fr\/"},{"@type":"ListItem","position":2,"name":"Nos valeurs"}]},{"@type":"WebSite","@id":"https:\/\/kiplink-finance.fr\/#website","url":"https:\/\/kiplink-finance.fr\/","name":"Kiplink Finance","description":"","publisher":{"@id":"https:\/\/kiplink-finance.fr\/#organization"},"potentialAction":[{"@type":"SearchAction","target":{"@type":"EntryPoint","urlTemplate":"https:\/\/kiplink-finance.fr\/?s={search_term_string}"},"query-input":{"@type":"PropertyValueSpecification","valueRequired":true,"valueName":"search_term_string"}}],"inLanguage":"fr-FR"},{"@type":"Organization","@id":"https:\/\/kiplink-finance.fr\/#organization","name":"KIPLINK FINANCE","url":"https:\/\/kiplink-finance.fr\/","logo":{"@type":"ImageObject","inLanguage":"fr-FR","@id":"https:\/\/kiplink-finance.fr\/#\/schema\/logo\/image\/","url":"https:\/\/kiplink-finance.fr\/wp-content\/uploads\/2021\/04\/logo-kiplink.png","contentUrl":"https:\/\/kiplink-finance.fr\/wp-content\/uploads\/2021\/04\/logo-kiplink.png","width":158,"height":40,"caption":"KIPLINK FINANCE"},"image":{"@id":"https:\/\/kiplink-finance.fr\/#\/schema\/logo\/image\/"}}]}},"_links":{"self":[{"href":"https:\/\/kiplink-finance.fr\/index.php?rest_route=\/wp\/v2\/pages\/159","targetHints":{"allow":["GET"]}}],"collection":[{"href":"https:\/\/kiplink-finance.fr\/index.php?rest_route=\/wp\/v2\/pages"}],"about":[{"href":"https:\/\/kiplink-finance.fr\/index.php?rest_route=\/wp\/v2\/types\/page"}],"author":[{"embeddable":true,"href":"https:\/\/kiplink-finance.fr\/index.php?rest_route=\/wp\/v2\/users\/1"}],"replies":[{"embeddable":true,"href":"https:\/\/kiplink-finance.fr\/index.php?rest_route=%2Fwp%2Fv2%2Fcomments&post=159"}],"version-history":[{"count":147,"href":"https:\/\/kiplink-finance.fr\/index.php?rest_route=\/wp\/v2\/pages\/159\/revisions"}],"predecessor-version":[{"id":3718,"href":"https:\/\/kiplink-finance.fr\/index.php?rest_route=\/wp\/v2\/pages\/159\/revisions\/3718"}],"wp:attachment":[{"href":"https:\/\/kiplink-finance.fr\/index.php?rest_route=%2Fwp%2Fv2%2Fmedia&parent=159"}],"curies":[{"name":"wp","href":"https:\/\/api.w.org\/{rel}","templated":true}]}}